{"id":265,"date":"2023-11-20T13:52:09","date_gmt":"2023-11-20T13:52:09","guid":{"rendered":"http:\/\/85.10.138.138\/~leinster\/?page_id=265"},"modified":"2023-11-20T15:32:40","modified_gmt":"2023-11-20T15:32:40","slug":"privacy-statement","status":"publish","type":"page","link":"https:\/\/www.leinster.nl\/tr\/privacy-statement\/","title":{"rendered":"Gizlilik beyan\u0131"},"content":{"rendered":"<h2><strong>\u00a0<\/strong><strong>Gizlilik Leinster Property Services<br \/>\n<\/strong>(26-06-2023)<\/h2>\n<p>&nbsp;<\/p>\n<p><strong>Giri\u015f<\/strong><\/p>\n<p>Hizmetlerimizin bir par\u00e7as\u0131 olarak ki\u015fisel verileri i\u015fliyoruz. Bu verileri sizden, \u00f6rne\u011fin web sitemiz, e-postam\u0131z, telefonumuz veya uygulamam\u0131z arac\u0131l\u0131\u011f\u0131yla alm\u0131\u015f olabiliriz. Ayr\u0131ca, ki\u015fisel verilerinizi hizmetlerimiz ba\u011flam\u0131nda \u00fc\u00e7\u00fcnc\u00fc taraflar arac\u0131l\u0131\u011f\u0131yla da elde edebiliriz. Bu gizlilik bildirimi ile bu ki\u015fisel verileri nas\u0131l i\u015fledi\u011fimiz konusunda sizi bilgilendiriyoruz.<\/p>\n<p>&nbsp;<\/p>\n<p><strong>Ki\u015fisel verilerin i\u015flenmesi ve ama\u00e7lar\u0131<\/strong><\/p>\n<p>Ki\u015fisel Verileri i\u015fliyorsak, bu i\u015flem Genel Veri Koruma Y\u00f6netmeli\u011fi (GDPR) ve ilgili yasa ve y\u00f6netmeliklerin gerekliliklerine uygun olarak yap\u0131l\u0131r.<\/p>\n<p>Hangi ki\u015fisel verileri i\u015fledi\u011fimiz, tam olarak hizmete ve ko\u015fullara ba\u011fl\u0131d\u0131r. Tipik olarak a\u015fa\u011f\u0131daki verileri i\u00e7erir:<\/p>\n<ul>\n<li>\u0130sim ve adres bilgileri;<\/li>\n<li>\u0130leti\u015fim bilgileri (e-posta adresleri, telefon numaralar\u0131)<\/li>\n<li>Web sitemizdeki faaliyetleriniz, IP adresiniz, internet taray\u0131c\u0131n\u0131z ve cihaz t\u00fcr\u00fcn\u00fcz hakk\u0131nda veriler.<\/li>\n<\/ul>\n<p>&nbsp;<\/p>\n<p><strong>\u0130\u015fleme ama\u00e7lar\u0131 ve dayanaklar\u0131<\/strong><\/p>\n<p>Baz\u0131 durumlarda, yasal bir y\u00fck\u00fcml\u00fcl\u00fc\u011fe uymak i\u00e7in ki\u015fisel verileri i\u015fleriz, ancak \u00e7o\u011funlukla hizmetlerimizi yerine getirebilmek i\u00e7in bunu yapar\u0131z. Baz\u0131 veriler, sizin de \u00e7\u0131kar\u0131n\u0131za oldu\u011funu varsayd\u0131\u011f\u0131m\u0131z (varsayabilece\u011fimiz) pratik veya verimlilik nedenleriyle kaydedilir, \u00f6rne\u011fin:<\/p>\n<ul>\n<li>\u0130leti\u015fim ve bilgilendirme;<\/li>\n<li>Hizmetlerimizi m\u00fcmk\u00fcn olan en verimli \u015fekilde sunmak;<\/li>\n<li>Hizmetlerimizi geli\u015ftiriyoruz;<\/li>\n<\/ul>\n<p>\u00d6zellikle yukar\u0131da belirtilenler, ki\u015fisel verilerinizi pazarlama amac\u0131yla veya ilginizi \u00e7ekebilece\u011fini d\u00fc\u015f\u00fcnd\u00fc\u011f\u00fcm\u00fcz takdirde size hizmetlerimiz hakk\u0131nda promosyon malzemeleri veya bildirimler g\u00f6ndermek i\u00e7in kullanabilece\u011fimiz anlam\u0131na da gelmektedir. Ayr\u0131ca taraf\u0131m\u0131zdan sa\u011flanan hizmetler hakk\u0131nda geri bildirim talep etmek veya pazar ya da di\u011fer ara\u015ft\u0131rma ama\u00e7lar\u0131 do\u011frultusunda sizinle ileti\u015fime ge\u00e7ebiliriz.<\/p>\n<p>Uygun durumlarda, ki\u015fisel verileri yukar\u0131da belirtilenler d\u0131\u015f\u0131ndaki nedenlerle i\u015flemek isteyebiliriz ve bunu yapmak i\u00e7in a\u00e7\u0131k r\u0131zan\u0131z\u0131 al\u0131r\u0131z. Onay\u0131n\u0131za dayanarak i\u015flememize izin verilen ki\u015fisel verileri farkl\u0131 veya daha fazla ama\u00e7 i\u00e7in i\u015flemek istersek, \u00f6nce sizden tekrar onay\u0131n\u0131z\u0131 isteyece\u011fiz.<\/p>\n<p>Son olarak, ki\u015fisel verilerinizi kendimizin ve kullan\u0131c\u0131lar\u0131m\u0131z\u0131n haklar\u0131n\u0131 veya m\u00fclkiyetini korumak ve gerekirse yasal i\u015flemlere uymak i\u00e7in de kullanabiliriz.<\/p>\n<p>&nbsp;<\/p>\n<p><strong>\u00dc\u00e7\u00fcnc\u00fc taraflara a\u00e7\u0131klama<\/strong><\/p>\n<p>Hizmetlerimizin bir par\u00e7as\u0131 olarak, \u00fc\u00e7\u00fcnc\u00fc taraflar\u0131n hizmetlerini kullanabiliriz, \u00f6rne\u011fin bu \u00fc\u00e7\u00fcnc\u00fc taraflar\u0131n kurum i\u00e7inde sahip olmad\u0131\u011f\u0131m\u0131z uzmanl\u0131k bilgisine veya kaynaklara sahip olmas\u0131 durumunda. Bunlar, ki\u015fisel verileri sizin kesin talimatlar\u0131n\u0131z temelinde i\u015fleyecek olan i\u015fleyiciler veya alt i\u015fleyiciler olarak adland\u0131r\u0131labilir. Ki\u015fisel verilerin i\u015fleyicisi olmamakla birlikte bu verilere eri\u015fimi olan veya olabilecek di\u011fer \u00fc\u00e7\u00fcnc\u00fc taraflar, \u00f6rne\u011fin sistem y\u00f6neticimiz, \u00e7evrimi\u00e7i yaz\u0131l\u0131m tedarik\u00e7ileri veya bar\u0131nd\u0131rma taraflar\u0131 ya da sipari\u015finizle ilgili tavsiyelerine ba\u015fvurdu\u011fumuz dan\u0131\u015fmanlard\u0131r. \u00dc\u00e7\u00fcnc\u00fc taraflar\u0131n g\u00f6revlendirilmesi, ki\u015fisel verilere eri\u015fimleri olmas\u0131 veya kendilerinin kaydetmesi ve\/veya ba\u015fka \u015fekilde i\u015flemesi ile sonu\u00e7lan\u0131rsa, bu \u00fc\u00e7\u00fcnc\u00fc taraflarla AVG'nin t\u00fcm y\u00fck\u00fcml\u00fcl\u00fcklerine uyacaklar\u0131 konusunda (yaz\u0131l\u0131 olarak) anla\u015faca\u011f\u0131z. Do\u011fal olarak, yaln\u0131zca ki\u015fisel verileri uygun \u015fekilde i\u015fleyen ve bu nedenle AVG'ye uyabilecek ve uyacak g\u00fcvenilir taraflar oldu\u011funu varsayabilece\u011fimiz ve varsayabilece\u011fimiz \u00fc\u00e7\u00fcnc\u00fc taraflarla \u00e7al\u0131\u015faca\u011f\u0131z. Bu, di\u011fer \u015feylerin yan\u0131 s\u0131ra, bu \u00fc\u00e7\u00fcnc\u00fc taraflar\u0131n ki\u015fisel verilerinizi yaln\u0131zca yukar\u0131da belirtilen ama\u00e7lar i\u00e7in i\u015fleyebilece\u011fi anlam\u0131na gelir.<\/p>\n<p>Elbette, ki\u015fisel verilerinizi yasal bir zorunlulukla ba\u011flant\u0131l\u0131 olarak \u00fc\u00e7\u00fcnc\u00fc taraflara da sa\u011flamam\u0131z gerekebilir.<\/p>\n<p>A\u00e7\u0131k izniniz olmadan ki\u015fisel verilerinizi hi\u00e7bir ko\u015fulda ticari veya yard\u0131m ama\u00e7l\u0131 olarak \u00fc\u00e7\u00fcnc\u00fc taraflara vermeyece\u011fiz.<\/p>\n<p>&nbsp;<\/p>\n<p><strong>Saklama s\u00fcreleri<\/strong><\/p>\n<p>Ki\u015fisel verilerinizi, sa\u011fland\u0131klar\u0131 ama\u00e7 i\u00e7in yararl\u0131 olandan daha uzun s\u00fcre i\u015flemeyece\u011fiz (bkz.<strong><em>'\u0130\u015flemenin ama\u00e7lar\u0131 ve dayanaklar\u0131'<\/em>)<\/strong>. Bu, ki\u015fisel verilerinizin ilgili ama\u00e7lara ula\u015fmak i\u00e7in gerekli oldu\u011fu s\u00fcrece saklanaca\u011f\u0131 anlam\u0131na gelir. Baz\u0131 verilerin daha uzun s\u00fcre (genellikle 7 y\u0131l) saklanmas\u0131 gerekir \u00e7\u00fcnk\u00fc yasal saklama y\u00fck\u00fcml\u00fcl\u00fcklerine (\u00f6rne\u011fin vergi saklama y\u00fck\u00fcml\u00fcl\u00fckleri) veya meslek birli\u011fimizin d\u00fczenlemelerine uymak zorunday\u0131z.<\/p>\n<p>&nbsp;<\/p>\n<p><strong>G\u00fcvenlik<\/strong><\/p>\n<p>Ki\u015fisel verilerin korunmas\u0131 i\u00e7in, korunacak menfaati, teknolojinin geldi\u011fi noktay\u0131 ve ilgili g\u00fcvenlik \u00f6nlemlerinin maliyetini g\u00f6z \u00f6n\u00fcnde bulundurarak, bizden makul olarak talep edilebilece\u011fi \u00f6l\u00e7\u00fcde uygun kurumsal ve teknik \u00f6nlemleri alm\u0131\u015f bulunmaktay\u0131z.<\/p>\n<p>\u00c7al\u0131\u015fanlar\u0131m\u0131zdan ve ki\u015fisel verilere zorunlu olarak eri\u015fimi olan \u00fc\u00e7\u00fcnc\u00fc taraflardan gizlili\u011fi korumalar\u0131n\u0131 talep ediyoruz. Ayr\u0131ca, \u00e7al\u0131\u015fanlar\u0131m\u0131z\u0131n ki\u015fisel verilerin nas\u0131l ele al\u0131naca\u011f\u0131na dair do\u011fru ve eksiksiz talimatlar alm\u0131\u015f olmalar\u0131n\u0131 ve AVG'nin sorumluluklar\u0131 ve y\u00fck\u00fcml\u00fcl\u00fckleri hakk\u0131nda yeterince bilgi sahibi olmalar\u0131n\u0131 sa\u011fl\u0131yoruz. \u0130sterseniz, ki\u015fisel verilerin korunmas\u0131n\u0131 nas\u0131l tasarlad\u0131\u011f\u0131m\u0131z hakk\u0131nda sizi daha fazla bilgilendirmekten memnuniyet duyar\u0131z.<\/p>\n<p>&nbsp;<\/p>\n<p><strong>Sizin haklar\u0131n\u0131z<\/strong><\/p>\n<p>Hakk\u0131n\u0131zda tuttu\u011fumuz ki\u015fisel verilere eri\u015fme, bunlar\u0131 d\u00fczeltme veya silme hakk\u0131na sahipsiniz (elbette bunun herhangi bir yasal y\u00fck\u00fcml\u00fcl\u00fc\u011fe engel olmas\u0131 durumu hari\u00e7). Ayr\u0131ca, ki\u015fisel verilerinizin (veya bir k\u0131sm\u0131n\u0131n) taraf\u0131m\u0131zca veya i\u015flemcilerimizden biri taraf\u0131ndan i\u015flenmesine itiraz edebilirsiniz. Ayr\u0131ca, dilerseniz sa\u011flad\u0131\u011f\u0131n\u0131z verileri kendinize veya do\u011frudan ba\u015fka bir tarafa aktarmam\u0131z\u0131 sa\u011flama hakk\u0131na da sahipsiniz.<\/p>\n<p>&nbsp;<\/p>\n<p><strong>Ki\u015fisel veri i\u00e7eren olaylar<\/strong><\/p>\n<p>S\u00f6z konusu ki\u015fisel verilerle ilgili bir olay (veri ihlali olarak adland\u0131r\u0131l\u0131r) meydana gelirse, m\u00fccbir sebepler olmad\u0131k\u00e7a, gizlili\u011finiz ve bunun ger\u00e7ekle\u015fmesi i\u00e7in olumsuz sonu\u00e7lara y\u00f6nelik somut bir risk varsa sizi derhal bilgilendirece\u011fiz. Bunu, bu veri ihlalini ke\u015ffettikten veya (alt) i\u015fleyicilerimiz taraf\u0131ndan bu konuda bilgilendirildikten sonraki 48 saat i\u00e7inde yapmay\u0131 hedefliyoruz.<\/p>\n<p>&nbsp;<\/p>\n<p><strong>\u015eikayetler<\/strong><\/p>\n<p>Ki\u015fisel verilerinizin i\u015flenmesiyle ilgili bir \u015fikayetiniz olmas\u0131 halinde, bu konuda bizimle ileti\u015fime ge\u00e7menizi rica ederiz. Bunun tatmin edici bir sonu\u00e7 vermemesi halinde, gizlilik alan\u0131ndaki denetim makam\u0131 olan Ki\u015fisel Veri Kurumu'na \u015fikayette bulunma hakk\u0131na her zaman sahipsiniz.<\/p>\n<p>&nbsp;<\/p>\n<p><strong>AEA dahilinde i\u015fleme<\/strong><\/p>\n<p>Bizimle bu konuda ba\u015fka yaz\u0131l\u0131 d\u00fczenlemeler \u00fczerinde anla\u015fmad\u0131\u011f\u0131n\u0131z s\u00fcrece, ki\u015fisel verileri yaln\u0131zca Avrupa Ekonomik Alan\u0131 i\u00e7inde i\u015fleyece\u011fiz. Bunun istisnalar\u0131, web sitemiz ve\/veya sosyal medya sayfalar\u0131m\u0131z (Facebook ve LinkedIn gibi) arac\u0131l\u0131\u011f\u0131yla ileti\u015fim anlar\u0131n\u0131 haritalamak istedi\u011fimiz durumlard\u0131r. \u00d6rne\u011fin ziyaret\u00e7i say\u0131lar\u0131n\u0131 ve talep edilen web sayfalar\u0131n\u0131 d\u00fc\u015f\u00fcn\u00fcn. Google Analytics, LinkedIn veya Facebook kullan\u0131l\u0131rken verileriniz AB d\u0131\u015f\u0131ndaki \u00fc\u00e7\u00fcnc\u00fc taraflarca saklan\u0131r. Bu taraflar 'AB-ABD Gizlilik Kalkan\u0131' sertifikal\u0131d\u0131r, bu nedenle Avrupa gizlilik d\u00fczenlemelerine uymak zorundad\u0131rlar. Bu arada, bu yaln\u0131zca IP adresiniz ba\u015fta olmak \u00fczere s\u0131n\u0131rl\u0131 miktarda hassas ki\u015fisel veri ile ilgilidir.<\/p>\n<p>&nbsp;<\/p>\n<p><strong>De\u011fi\u015fiklikler<\/strong><\/p>\n<p>Ku\u015fkusuz, gizlilik politikam\u0131z zaman zaman de\u011fi\u015fecektir. Gizlilik politikas\u0131n\u0131n en son s\u00fcr\u00fcm\u00fc mant\u0131ksal olarak ge\u00e7erli s\u00fcr\u00fcmd\u00fcr ve web sitemizde bulunabilir.<\/p>\n<p>&nbsp;<\/p>\n<p><strong>Sonu\u00e7 olarak<\/strong><\/p>\n<p>Bu gizlilik bildiriminin size gizlilik politikam\u0131z hakk\u0131nda net bir fikir verdi\u011fini umuyoruz. Bununla birlikte, ki\u015fisel verileri nas\u0131l ele ald\u0131\u011f\u0131m\u0131zla ilgili herhangi bir sorunuz varsa, sizden haber almaktan mutluluk duyar\u0131z. Kurulu\u015fumuzdaki gizlilik sorunlar\u0131 i\u00e7in ilk ileti\u015fim noktas\u0131 <em>Hay\u0131r Smelt, noes@leinster.nl<\/em><\/p>\n<p>***<\/p>\n<p>&nbsp;<\/p>","protected":false},"excerpt":{"rendered":"<p>\u00a0Privacy Leinster Property Services (26-06-2023) &nbsp; Inleiding In het kader<\/p>","protected":false},"author":7,"featured_media":0,"parent":0,"menu_order":0,"comment_status":"closed","ping_status":"closed","template":"sub-privacy.php","meta":{"_acf_changed":false,"om_disable_all_campaigns":false,"_uf_show_specific_survey":0,"_uf_disable_surveys":false,"footnotes":""},"class_list":["post-265","page","type-page","status-publish","hentry"],"acf":[],"aioseo_notices":[],"yoast_head":"<!-- This site is optimized with the Yoast SEO plugin v26.8 - https:\/\/yoast.com\/product\/yoast-seo-wordpress\/ -->\n<title>Privacy statement - Leinster<\/title>\n<meta name=\"robots\" content=\"index, follow, max-snippet:-1, max-image-preview:large, max-video-preview:-1\" \/>\n<link rel=\"canonical\" href=\"https:\/\/www.leinster.nl\/tr\/privacy-statement\/\" \/>\n<meta property=\"og:locale\" content=\"tr_TR\" \/>\n<meta property=\"og:type\" content=\"article\" \/>\n<meta property=\"og:title\" content=\"Privacy statement - Leinster\" \/>\n<meta property=\"og:description\" content=\"\u00a0Privacy Leinster Property Services (26-06-2023) &nbsp; Inleiding In het kader\" \/>\n<meta property=\"og:url\" content=\"https:\/\/www.leinster.nl\/tr\/privacy-statement\/\" \/>\n<meta property=\"og:site_name\" content=\"Leinster\" \/>\n<meta property=\"article:modified_time\" content=\"2023-11-20T15:32:40+00:00\" \/>\n<meta name=\"twitter:card\" content=\"summary_large_image\" \/>\n<meta name=\"twitter:label1\" content=\"Tahmini okuma s\u00fcresi\" \/>\n\t<meta name=\"twitter:data1\" content=\"6 dakika\" \/>\n<script type=\"application\/ld+json\" class=\"yoast-schema-graph\">{\"@context\":\"https:\/\/schema.org\",\"@graph\":[{\"@type\":\"WebPage\",\"@id\":\"https:\/\/www.leinster.nl\/privacy-statement\/\",\"url\":\"https:\/\/www.leinster.nl\/privacy-statement\/\",\"name\":\"Privacy statement - Leinster\",\"isPartOf\":{\"@id\":\"https:\/\/www.leinster.nl\/#website\"},\"datePublished\":\"2023-11-20T13:52:09+00:00\",\"dateModified\":\"2023-11-20T15:32:40+00:00\",\"breadcrumb\":{\"@id\":\"https:\/\/www.leinster.nl\/privacy-statement\/#breadcrumb\"},\"inLanguage\":\"tr\",\"potentialAction\":[{\"@type\":\"ReadAction\",\"target\":[\"https:\/\/www.leinster.nl\/privacy-statement\/\"]}]},{\"@type\":\"BreadcrumbList\",\"@id\":\"https:\/\/www.leinster.nl\/privacy-statement\/#breadcrumb\",\"itemListElement\":[{\"@type\":\"ListItem\",\"position\":1,\"name\":\"Home\",\"item\":\"https:\/\/www.leinster.nl\/\"},{\"@type\":\"ListItem\",\"position\":2,\"name\":\"Privacy statement\"}]},{\"@type\":\"WebSite\",\"@id\":\"https:\/\/www.leinster.nl\/#website\",\"url\":\"https:\/\/www.leinster.nl\/\",\"name\":\"Leinster\",\"description\":\"Vastgoedonderhoud &amp; Service in de breedste zin van het woord\",\"potentialAction\":[{\"@type\":\"SearchAction\",\"target\":{\"@type\":\"EntryPoint\",\"urlTemplate\":\"https:\/\/www.leinster.nl\/?s={search_term_string}\"},\"query-input\":{\"@type\":\"PropertyValueSpecification\",\"valueRequired\":true,\"valueName\":\"search_term_string\"}}],\"inLanguage\":\"tr\"}]}<\/script>\n<!-- \/ Yoast SEO plugin. -->","yoast_head_json":{"title":"Privacy statement - Leinster","robots":{"index":"index","follow":"follow","max-snippet":"max-snippet:-1","max-image-preview":"max-image-preview:large","max-video-preview":"max-video-preview:-1"},"canonical":"https:\/\/www.leinster.nl\/tr\/privacy-statement\/","og_locale":"tr_TR","og_type":"article","og_title":"Privacy statement - Leinster","og_description":"\u00a0Privacy Leinster Property Services (26-06-2023) &nbsp; Inleiding In het kader","og_url":"https:\/\/www.leinster.nl\/tr\/privacy-statement\/","og_site_name":"Leinster","article_modified_time":"2023-11-20T15:32:40+00:00","twitter_card":"summary_large_image","twitter_misc":{"Tahmini okuma s\u00fcresi":"6 dakika"},"schema":{"@context":"https:\/\/schema.org","@graph":[{"@type":"WebPage","@id":"https:\/\/www.leinster.nl\/privacy-statement\/","url":"https:\/\/www.leinster.nl\/privacy-statement\/","name":"Privacy statement - Leinster","isPartOf":{"@id":"https:\/\/www.leinster.nl\/#website"},"datePublished":"2023-11-20T13:52:09+00:00","dateModified":"2023-11-20T15:32:40+00:00","breadcrumb":{"@id":"https:\/\/www.leinster.nl\/privacy-statement\/#breadcrumb"},"inLanguage":"tr","potentialAction":[{"@type":"ReadAction","target":["https:\/\/www.leinster.nl\/privacy-statement\/"]}]},{"@type":"BreadcrumbList","@id":"https:\/\/www.leinster.nl\/privacy-statement\/#breadcrumb","itemListElement":[{"@type":"ListItem","position":1,"name":"Home","item":"https:\/\/www.leinster.nl\/"},{"@type":"ListItem","position":2,"name":"Privacy statement"}]},{"@type":"WebSite","@id":"https:\/\/www.leinster.nl\/#website","url":"https:\/\/www.leinster.nl\/","name":"Leinster","description":"Kelimenin en geni\u015f anlam\u0131yla M\u00fclk Bak\u0131m ve Servisi","potentialAction":[{"@type":"SearchAction","target":{"@type":"EntryPoint","urlTemplate":"https:\/\/www.leinster.nl\/?s={search_term_string}"},"query-input":{"@type":"PropertyValueSpecification","valueRequired":true,"valueName":"search_term_string"}}],"inLanguage":"tr"}]}},"_links":{"self":[{"href":"https:\/\/www.leinster.nl\/tr\/wp-json\/wp\/v2\/pages\/265","targetHints":{"allow":["GET"]}}],"collection":[{"href":"https:\/\/www.leinster.nl\/tr\/wp-json\/wp\/v2\/pages"}],"about":[{"href":"https:\/\/www.leinster.nl\/tr\/wp-json\/wp\/v2\/types\/page"}],"author":[{"embeddable":true,"href":"https:\/\/www.leinster.nl\/tr\/wp-json\/wp\/v2\/users\/7"}],"replies":[{"embeddable":true,"href":"https:\/\/www.leinster.nl\/tr\/wp-json\/wp\/v2\/comments?post=265"}],"version-history":[{"count":5,"href":"https:\/\/www.leinster.nl\/tr\/wp-json\/wp\/v2\/pages\/265\/revisions"}],"predecessor-version":[{"id":270,"href":"https:\/\/www.leinster.nl\/tr\/wp-json\/wp\/v2\/pages\/265\/revisions\/270"}],"wp:attachment":[{"href":"https:\/\/www.leinster.nl\/tr\/wp-json\/wp\/v2\/media?parent=265"}],"curies":[{"name":"wp","href":"https:\/\/api.w.org\/{rel}","templated":true}]}}