{"id":265,"date":"2023-11-20T13:52:09","date_gmt":"2023-11-20T13:52:09","guid":{"rendered":"http:\/\/85.10.138.138\/~leinster\/?page_id=265"},"modified":"2023-11-20T15:32:40","modified_gmt":"2023-11-20T15:32:40","slug":"privacy-statement","status":"publish","type":"page","link":"https:\/\/www.leinster.nl\/sv\/privacy-statement\/","title":{"rendered":"Integritetspolicy"},"content":{"rendered":"<h2><strong>\u00a0<\/strong><strong>Sekretess Leinster Property Services<br \/>\n<\/strong>(26-06-2023)<\/h2>\n<p>&nbsp;<\/p>\n<p><strong>Inledning<\/strong><\/p>\n<p>Som en del av v\u00e5ra tj\u00e4nster behandlar vi personuppgifter. Vi kan ha f\u00e5tt dessa uppgifter fr\u00e5n dig, t.ex. via v\u00e5r webbplats, e-post, telefon eller app. Dessutom kan vi f\u00e5 dina personuppgifter i samband med v\u00e5ra tj\u00e4nster via tredje part. Med denna integritetspolicy informerar vi dig om hur vi hanterar dessa personuppgifter.<\/p>\n<p>&nbsp;<\/p>\n<p><strong>Behandling av personuppgifter och \u00e4ndam\u00e5l<\/strong><\/p>\n<p>Om vi behandlar personuppgifter g\u00f6rs detta i enlighet med kraven i den allm\u00e4nna dataskyddsf\u00f6rordningen (GDPR) och relaterade lagar och f\u00f6rordningar.<\/p>\n<p>Vilka personuppgifter vi behandlar beror p\u00e5 den exakta tj\u00e4nsten och omst\u00e4ndigheterna. Vanligtvis r\u00f6r det sig om f\u00f6ljande uppgifter:<\/p>\n<ul>\n<li>Namn- och adressuppgifter;<\/li>\n<li>Kontaktuppgifter (e-postadresser, telefonnummer)<\/li>\n<li>Uppgifter om dina aktiviteter p\u00e5 v\u00e5r webbplats, IP-adress, webbl\u00e4sare och enhetstyp.<\/li>\n<\/ul>\n<p>&nbsp;<\/p>\n<p><strong>\u00c4ndam\u00e5l med och grunder f\u00f6r behandling<\/strong><\/p>\n<p>I vissa fall behandlar vi personuppgifter f\u00f6r att uppfylla en r\u00e4ttslig skyldighet, men oftast g\u00f6r vi det f\u00f6r att kunna utf\u00f6ra v\u00e5ra tj\u00e4nster. Vissa uppgifter registreras av praktiska eller effektivitetssk\u00e4l, som vi (kan) anta ocks\u00e5 ligger i ditt intresse, t.ex:<\/p>\n<ul>\n<li>Kommunikation och information;<\/li>\n<li>Tillhandah\u00e5lla v\u00e5ra tj\u00e4nster p\u00e5 effektivast m\u00f6jliga s\u00e4tt;<\/li>\n<li>F\u00f6rb\u00e4ttra v\u00e5ra tj\u00e4nster;<\/li>\n<\/ul>\n<p>I synnerhet inneb\u00e4r ovanst\u00e5ende ocks\u00e5 att vi kan anv\u00e4nda dina personuppgifter f\u00f6r marknadsf\u00f6rings\u00e4ndam\u00e5l eller f\u00f6r att skicka dig reklammaterial eller meddelanden om v\u00e5ra tj\u00e4nster, om vi tror att dessa kan vara av intresse f\u00f6r dig. Vi kan ocks\u00e5 kontakta dig f\u00f6r att be om feedback p\u00e5 tj\u00e4nster som tillhandah\u00e5lls av oss eller f\u00f6r marknadsunders\u00f6kningar eller andra forsknings\u00e4ndam\u00e5l.<\/p>\n<p>I f\u00f6rekommande fall kan vi vilja behandla personuppgifter av andra sk\u00e4l \u00e4n de som anges ovan och vi kommer d\u00e5 att be om ditt uttryckliga samtycke till detta. Om vi n\u00e5gonsin vill behandla personuppgifter som vi f\u00e5r behandla p\u00e5 grundval av ditt samtycke f\u00f6r andra eller fler \u00e4ndam\u00e5l, kommer vi f\u00f6rst att be dig om ditt samtycke igen.<\/p>\n<p>Slutligen kan vi ocks\u00e5 anv\u00e4nda dina personuppgifter f\u00f6r att skydda v\u00e5ra egna och v\u00e5ra anv\u00e4ndares r\u00e4ttigheter eller egendom och, om n\u00f6dv\u00e4ndigt, f\u00f6r att f\u00f6lja r\u00e4ttsliga f\u00f6rfaranden.<\/p>\n<p>&nbsp;<\/p>\n<p><strong>Information till tredje part<\/strong><\/p>\n<p>Som en del av v\u00e5ra tj\u00e4nster kan vi anv\u00e4nda tj\u00e4nster fr\u00e5n tredje part, till exempel om dessa tredje parter har specialistkunskaper eller resurser som vi inte har internt. Dessa kan vara s\u00e5 kallade personuppgiftsbitr\u00e4den eller underbitr\u00e4den, som kommer att behandla personuppgifter p\u00e5 grundval av dina exakta instruktioner. Andra tredje parter som, \u00e4ven om de inte i strikt mening \u00e4r personuppgiftsbitr\u00e4den, har eller kan ha tillg\u00e5ng till personuppgifterna \u00e4r t.ex. v\u00e5r systemadministrat\u00f6r, leverant\u00f6rer eller v\u00e4rdar av onlineprogramvara eller konsulter vars r\u00e5d vi s\u00f6ker ang\u00e5ende din best\u00e4llning. Om anlitandet av tredje part leder till att de f\u00e5r tillg\u00e5ng till personuppgifterna eller att de sj\u00e4lva registrerar och\/eller p\u00e5 annat s\u00e4tt behandlar dem, kommer vi att avtala (skriftligen) med dessa tredje parter att de kommer att uppfylla alla skyldigheter enligt AVG. Naturligtvis kommer vi endast att anlita tredje parter som vi kan och f\u00e5r anta \u00e4r tillf\u00f6rlitliga parter som hanterar personuppgifter p\u00e5 ett adekvat s\u00e4tt och som f\u00f6r den delen kan och kommer att f\u00f6lja AVG. Detta inneb\u00e4r bland annat att dessa tredje parter endast f\u00e5r behandla dina personuppgifter f\u00f6r de ovan n\u00e4mnda \u00e4ndam\u00e5len.<\/p>\n<p>Naturligtvis kan vi ocks\u00e5 beh\u00f6va l\u00e4mna ut dina personuppgifter till tredje part i samband med en r\u00e4ttslig skyldighet.<\/p>\n<p>Vi kommer under inga omst\u00e4ndigheter att l\u00e4mna ut dina personuppgifter till tredje part f\u00f6r kommersiella eller v\u00e4lg\u00f6rande \u00e4ndam\u00e5l utan ditt uttryckliga samtycke.<\/p>\n<p>&nbsp;<\/p>\n<p><strong>F\u00f6rvaringsperioder<\/strong><\/p>\n<p>Vi kommer inte att behandla dina personuppgifter under l\u00e4ngre tid \u00e4n vad som \u00e4r n\u00f6dv\u00e4ndigt f\u00f6r det \u00e4ndam\u00e5l f\u00f6r vilket de l\u00e4mnades (se avsnittet '<strong><em>\"\u00c4ndam\u00e5l med och grunder f\u00f6r behandling<\/em>)<\/strong>. Det inneb\u00e4r att dina personuppgifter sparas s\u00e5 l\u00e4nge som det beh\u00f6vs f\u00f6r att uppn\u00e5 de relevanta \u00e4ndam\u00e5len. Vissa uppgifter m\u00e5ste sparas l\u00e4ngre (vanligtvis 7 \u00e5r) eftersom vi m\u00e5ste uppfylla r\u00e4ttsliga lagringsskyldigheter (t.ex. skattem\u00e4ssiga lagringsskyldigheter) eller i samband med f\u00f6reskrifter fr\u00e5n v\u00e5r branschorganisation.<\/p>\n<p>&nbsp;<\/p>\n<p><strong>S\u00e4kerhet<\/strong><\/p>\n<p>Vi har vidtagit l\u00e4mpliga organisatoriska och tekniska \u00e5tg\u00e4rder f\u00f6r att skydda personuppgifter i den utstr\u00e4ckning som rimligen kan kr\u00e4vas av oss, med h\u00e4nsyn till det intresse som ska skyddas, den senaste tekniken och kostnaderna f\u00f6r de relevanta s\u00e4kerhets\u00e5tg\u00e4rderna.<\/p>\n<p>Vi kr\u00e4ver att v\u00e5ra anst\u00e4llda och alla tredje parter som n\u00f6dv\u00e4ndigtvis har tillg\u00e5ng till personuppgifterna ska uppr\u00e4tth\u00e5lla sekretess. Dessutom s\u00e4kerst\u00e4ller vi att v\u00e5ra anst\u00e4llda har f\u00e5tt korrekta och fullst\u00e4ndiga instruktioner om hur de ska hantera personuppgifter och att de \u00e4r tillr\u00e4ckligt bekanta med det ansvar och de skyldigheter som f\u00f6ljer av AVG. Om du vill kan vi g\u00e4rna informera dig ytterligare om hur vi har utformat skyddet av personuppgifter.<\/p>\n<p>&nbsp;<\/p>\n<p><strong>Dina r\u00e4ttigheter<\/strong><\/p>\n<p>Du har r\u00e4tt att f\u00e5 tillg\u00e5ng till, korrigera eller radera de personuppgifter vi har om dig (utom, naturligtvis, om detta strider mot n\u00e5gra r\u00e4ttsliga skyldigheter). Vidare kan du inv\u00e4nda mot att dina personuppgifter (eller delar av dem) behandlas av oss eller av ett av v\u00e5ra personuppgiftsbitr\u00e4den. Du har ocks\u00e5 r\u00e4tt att beg\u00e4ra att vi \u00f6verf\u00f6r de uppgifter som du har l\u00e4mnat till dig sj\u00e4lv eller direkt till en annan part om du s\u00e5 \u00f6nskar.<\/p>\n<p>&nbsp;<\/p>\n<p><strong>Incidenter som r\u00f6r personuppgifter<\/strong><\/p>\n<p>Om det intr\u00e4ffar en incident (en s.k. dataintr\u00e5ng) som r\u00f6r personuppgifterna i fr\u00e5ga kommer vi omedelbart att informera dig, om det inte finns tvingande sk\u00e4l, om det finns en konkret risk f\u00f6r negativa konsekvenser f\u00f6r din integritet och f\u00f6rverkligandet av denna. Vi str\u00e4var efter att g\u00f6ra detta inom 48 timmar fr\u00e5n det att vi uppt\u00e4ckt personuppgiftsincidenten eller informerats om den av v\u00e5ra personuppgiftsbitr\u00e4den.<\/p>\n<p>&nbsp;<\/p>\n<p><strong>Klagom\u00e5l<\/strong><\/p>\n<p>Om du har klagom\u00e5l p\u00e5 behandlingen av dina personuppgifter ber vi dig att kontakta oss om detta. Om detta inte leder till ett tillfredsst\u00e4llande resultat har du alltid r\u00e4tt att l\u00e4mna in ett klagom\u00e5l till Personuppgiftsmyndigheten, som \u00e4r tillsynsmyndighet p\u00e5 integritetsomr\u00e5det.<\/p>\n<p>&nbsp;<\/p>\n<p><strong>Behandling inom EES<\/strong><\/p>\n<p>Vi kommer endast att behandla personuppgifter inom Europeiska ekonomiska samarbetsomr\u00e5det, s\u00e5vida du inte kommer \u00f6verens med oss om andra skriftliga arrangemang om detta. Undantag fr\u00e5n detta \u00e4r situationer d\u00e4r vi vill kartl\u00e4gga kontaktmoment via v\u00e5r webbplats och\/eller sidor p\u00e5 sociala medier (som Facebook och LinkedIn). T\u00e4nk till exempel p\u00e5 bes\u00f6ksantal och beg\u00e4rda webbsidor. Dina uppgifter lagras av tredje part utanf\u00f6r EU n\u00e4r du anv\u00e4nder Google Analytics, LinkedIn eller Facebook. Dessa parter \u00e4r \"EU-US Privacy Shield\"-certifierade, vilket inneb\u00e4r att de m\u00e5ste f\u00f6lja de europeiska sekretessbest\u00e4mmelserna. Detta g\u00e4ller f\u00f6r \u00f6vrigt endast en begr\u00e4nsad m\u00e4ngd k\u00e4nsliga personuppgifter, framf\u00f6r allt din IP-adress.<\/p>\n<p>&nbsp;<\/p>\n<p><strong>F\u00f6r\u00e4ndringar<\/strong><\/p>\n<p>Utan tvekan kommer v\u00e5r integritetspolicy att \u00e4ndras fr\u00e5n tid till annan. Den senaste versionen av integritetspolicyn \u00e4r logiskt den till\u00e4mpliga versionen och kan hittas p\u00e5 v\u00e5r webbplats.<\/p>\n<p>&nbsp;<\/p>\n<p><strong>Sammanfattningsvis<\/strong><\/p>\n<p>Vi hoppas att denna integritetspolicy har gett dig en tydlig bild av v\u00e5r integritetspolicy. Om du har n\u00e5gra fr\u00e5gor om hur vi hanterar personuppgifter \u00e4r vi dock glada om du h\u00f6r av dig till oss. F\u00f6rsta kontaktpunkt f\u00f6r integritetsfr\u00e5gor inom v\u00e5r organisation \u00e4r <em>Nej Smelt, noes@leinster.nl<\/em><\/p>\n<p>***<\/p>\n<p>&nbsp;<\/p>","protected":false},"excerpt":{"rendered":"<p>\u00a0Privacy Leinster Property Services (26-06-2023) &nbsp; Inleiding In het kader<\/p>","protected":false},"author":7,"featured_media":0,"parent":0,"menu_order":0,"comment_status":"closed","ping_status":"closed","template":"sub-privacy.php","meta":{"_acf_changed":false,"om_disable_all_campaigns":false,"_uf_show_specific_survey":0,"_uf_disable_surveys":false,"footnotes":""},"class_list":["post-265","page","type-page","status-publish","hentry"],"acf":[],"aioseo_notices":[],"yoast_head":"<!-- This site is optimized with the Yoast SEO plugin v26.8 - https:\/\/yoast.com\/product\/yoast-seo-wordpress\/ -->\n<title>Privacy statement - Leinster<\/title>\n<meta name=\"robots\" content=\"index, follow, max-snippet:-1, max-image-preview:large, max-video-preview:-1\" \/>\n<link rel=\"canonical\" href=\"https:\/\/www.leinster.nl\/sv\/privacy-statement\/\" \/>\n<meta property=\"og:locale\" content=\"sv_SE\" \/>\n<meta property=\"og:type\" content=\"article\" \/>\n<meta property=\"og:title\" content=\"Privacy statement - Leinster\" \/>\n<meta property=\"og:description\" content=\"\u00a0Privacy Leinster Property Services (26-06-2023) &nbsp; Inleiding In het kader\" \/>\n<meta property=\"og:url\" content=\"https:\/\/www.leinster.nl\/sv\/privacy-statement\/\" \/>\n<meta property=\"og:site_name\" content=\"Leinster\" \/>\n<meta property=\"article:modified_time\" content=\"2023-11-20T15:32:40+00:00\" \/>\n<meta name=\"twitter:card\" content=\"summary_large_image\" \/>\n<meta name=\"twitter:label1\" content=\"Ber\u00e4knad l\u00e4stid\" \/>\n\t<meta name=\"twitter:data1\" content=\"6 minuter\" \/>\n<script type=\"application\/ld+json\" class=\"yoast-schema-graph\">{\"@context\":\"https:\/\/schema.org\",\"@graph\":[{\"@type\":\"WebPage\",\"@id\":\"https:\/\/www.leinster.nl\/privacy-statement\/\",\"url\":\"https:\/\/www.leinster.nl\/privacy-statement\/\",\"name\":\"Privacy statement - Leinster\",\"isPartOf\":{\"@id\":\"https:\/\/www.leinster.nl\/#website\"},\"datePublished\":\"2023-11-20T13:52:09+00:00\",\"dateModified\":\"2023-11-20T15:32:40+00:00\",\"breadcrumb\":{\"@id\":\"https:\/\/www.leinster.nl\/privacy-statement\/#breadcrumb\"},\"inLanguage\":\"sv-SE\",\"potentialAction\":[{\"@type\":\"ReadAction\",\"target\":[\"https:\/\/www.leinster.nl\/privacy-statement\/\"]}]},{\"@type\":\"BreadcrumbList\",\"@id\":\"https:\/\/www.leinster.nl\/privacy-statement\/#breadcrumb\",\"itemListElement\":[{\"@type\":\"ListItem\",\"position\":1,\"name\":\"Home\",\"item\":\"https:\/\/www.leinster.nl\/\"},{\"@type\":\"ListItem\",\"position\":2,\"name\":\"Privacy statement\"}]},{\"@type\":\"WebSite\",\"@id\":\"https:\/\/www.leinster.nl\/#website\",\"url\":\"https:\/\/www.leinster.nl\/\",\"name\":\"Leinster\",\"description\":\"Vastgoedonderhoud &amp; Service in de breedste zin van het woord\",\"potentialAction\":[{\"@type\":\"SearchAction\",\"target\":{\"@type\":\"EntryPoint\",\"urlTemplate\":\"https:\/\/www.leinster.nl\/?s={search_term_string}\"},\"query-input\":{\"@type\":\"PropertyValueSpecification\",\"valueRequired\":true,\"valueName\":\"search_term_string\"}}],\"inLanguage\":\"sv-SE\"}]}<\/script>\n<!-- \/ Yoast SEO plugin. -->","yoast_head_json":{"title":"Privacy statement - Leinster","robots":{"index":"index","follow":"follow","max-snippet":"max-snippet:-1","max-image-preview":"max-image-preview:large","max-video-preview":"max-video-preview:-1"},"canonical":"https:\/\/www.leinster.nl\/sv\/privacy-statement\/","og_locale":"sv_SE","og_type":"article","og_title":"Privacy statement - Leinster","og_description":"\u00a0Privacy Leinster Property Services (26-06-2023) &nbsp; Inleiding In het kader","og_url":"https:\/\/www.leinster.nl\/sv\/privacy-statement\/","og_site_name":"Leinster","article_modified_time":"2023-11-20T15:32:40+00:00","twitter_card":"summary_large_image","twitter_misc":{"Ber\u00e4knad l\u00e4stid":"6 minuter"},"schema":{"@context":"https:\/\/schema.org","@graph":[{"@type":"WebPage","@id":"https:\/\/www.leinster.nl\/privacy-statement\/","url":"https:\/\/www.leinster.nl\/privacy-statement\/","name":"Privacy statement - Leinster","isPartOf":{"@id":"https:\/\/www.leinster.nl\/#website"},"datePublished":"2023-11-20T13:52:09+00:00","dateModified":"2023-11-20T15:32:40+00:00","breadcrumb":{"@id":"https:\/\/www.leinster.nl\/privacy-statement\/#breadcrumb"},"inLanguage":"sv-SE","potentialAction":[{"@type":"ReadAction","target":["https:\/\/www.leinster.nl\/privacy-statement\/"]}]},{"@type":"BreadcrumbList","@id":"https:\/\/www.leinster.nl\/privacy-statement\/#breadcrumb","itemListElement":[{"@type":"ListItem","position":1,"name":"Home","item":"https:\/\/www.leinster.nl\/"},{"@type":"ListItem","position":2,"name":"Privacy statement"}]},{"@type":"WebSite","@id":"https:\/\/www.leinster.nl\/#website","url":"https:\/\/www.leinster.nl\/","name":"Leinster","description":"Fastighetsunderh\u00e5ll &amp; service i ordets vidaste bem\u00e4rkelse","potentialAction":[{"@type":"SearchAction","target":{"@type":"EntryPoint","urlTemplate":"https:\/\/www.leinster.nl\/?s={search_term_string}"},"query-input":{"@type":"PropertyValueSpecification","valueRequired":true,"valueName":"search_term_string"}}],"inLanguage":"sv-SE"}]}},"_links":{"self":[{"href":"https:\/\/www.leinster.nl\/sv\/wp-json\/wp\/v2\/pages\/265","targetHints":{"allow":["GET"]}}],"collection":[{"href":"https:\/\/www.leinster.nl\/sv\/wp-json\/wp\/v2\/pages"}],"about":[{"href":"https:\/\/www.leinster.nl\/sv\/wp-json\/wp\/v2\/types\/page"}],"author":[{"embeddable":true,"href":"https:\/\/www.leinster.nl\/sv\/wp-json\/wp\/v2\/users\/7"}],"replies":[{"embeddable":true,"href":"https:\/\/www.leinster.nl\/sv\/wp-json\/wp\/v2\/comments?post=265"}],"version-history":[{"count":5,"href":"https:\/\/www.leinster.nl\/sv\/wp-json\/wp\/v2\/pages\/265\/revisions"}],"predecessor-version":[{"id":270,"href":"https:\/\/www.leinster.nl\/sv\/wp-json\/wp\/v2\/pages\/265\/revisions\/270"}],"wp:attachment":[{"href":"https:\/\/www.leinster.nl\/sv\/wp-json\/wp\/v2\/media?parent=265"}],"curies":[{"name":"wp","href":"https:\/\/api.w.org\/{rel}","templated":true}]}}