{"id":48,"date":"2023-11-08T13:42:29","date_gmt":"2023-11-08T13:42:29","guid":{"rendered":"http:\/\/85.10.138.138\/~leinster\/?page_id=48"},"modified":"2024-05-22T15:39:00","modified_gmt":"2024-05-22T13:39:00","slug":"diensten","status":"publish","type":"page","link":"https:\/\/www.leinster.nl\/sl\/storitve\/","title":{"rendered":"Storitve"},"content":{"rendered":"","protected":false},"excerpt":{"rendered":"","protected":false},"author":7,"featured_media":0,"parent":0,"menu_order":0,"comment_status":"closed","ping_status":"closed","template":"sub-diensten.php","meta":{"_acf_changed":false,"om_disable_all_campaigns":false,"_uf_show_specific_survey":0,"_uf_disable_surveys":false,"footnotes":""},"class_list":["post-48","page","type-page","status-publish","hentry"],"acf":[],"aioseo_notices":[],"yoast_head":"<!-- This site is optimized with the Yoast SEO plugin v26.8 - https:\/\/yoast.com\/product\/yoast-seo-wordpress\/ -->\n<title>Diensten - Leinster<\/title>\n<meta name=\"robots\" content=\"index, follow, max-snippet:-1, max-image-preview:large, max-video-preview:-1\" \/>\n<link rel=\"canonical\" href=\"https:\/\/www.leinster.nl\/sl\/storitve\/\" \/>\n<meta property=\"og:locale\" content=\"sl_SI\" \/>\n<meta property=\"og:type\" content=\"article\" \/>\n<meta property=\"og:title\" content=\"Diensten - Leinster\" \/>\n<meta property=\"og:url\" content=\"https:\/\/www.leinster.nl\/sl\/storitve\/\" \/>\n<meta property=\"og:site_name\" content=\"Leinster\" \/>\n<meta property=\"article:modified_time\" content=\"2024-05-22T13:39:00+00:00\" \/>\n<meta name=\"twitter:card\" content=\"summary_large_image\" \/>\n<meta name=\"twitter:label1\" content=\"Est. reading time\" \/>\n\t<meta name=\"twitter:data1\" content=\"2 minuti\" \/>\n<script type=\"application\/ld+json\" class=\"yoast-schema-graph\">{\"@context\":\"https:\/\/schema.org\",\"@graph\":[{\"@type\":\"WebPage\",\"@id\":\"https:\/\/www.leinster.nl\/diensten\/\",\"url\":\"https:\/\/www.leinster.nl\/diensten\/\",\"name\":\"Diensten - Leinster\",\"isPartOf\":{\"@id\":\"https:\/\/www.leinster.nl\/#website\"},\"datePublished\":\"2023-11-08T13:42:29+00:00\",\"dateModified\":\"2024-05-22T13:39:00+00:00\",\"breadcrumb\":{\"@id\":\"https:\/\/www.leinster.nl\/diensten\/#breadcrumb\"},\"inLanguage\":\"sl-SI\",\"potentialAction\":[{\"@type\":\"ReadAction\",\"target\":[\"https:\/\/www.leinster.nl\/diensten\/\"]}]},{\"@type\":\"BreadcrumbList\",\"@id\":\"https:\/\/www.leinster.nl\/diensten\/#breadcrumb\",\"itemListElement\":[{\"@type\":\"ListItem\",\"position\":1,\"name\":\"Home\",\"item\":\"https:\/\/www.leinster.nl\/\"},{\"@type\":\"ListItem\",\"position\":2,\"name\":\"Diensten\"}]},{\"@type\":\"WebSite\",\"@id\":\"https:\/\/www.leinster.nl\/#website\",\"url\":\"https:\/\/www.leinster.nl\/\",\"name\":\"Leinster\",\"description\":\"Vastgoedonderhoud &amp; Service in de breedste zin van het woord\",\"potentialAction\":[{\"@type\":\"SearchAction\",\"target\":{\"@type\":\"EntryPoint\",\"urlTemplate\":\"https:\/\/www.leinster.nl\/?s={search_term_string}\"},\"query-input\":{\"@type\":\"PropertyValueSpecification\",\"valueRequired\":true,\"valueName\":\"search_term_string\"}}],\"inLanguage\":\"sl-SI\"}]}<\/script>\n<!-- \/ Yoast SEO plugin. -->","yoast_head_json":{"title":"Storitve - Leinster","robots":{"index":"index","follow":"follow","max-snippet":"max-snippet:-1","max-image-preview":"max-image-preview:large","max-video-preview":"max-video-preview:-1"},"canonical":"https:\/\/www.leinster.nl\/sl\/storitve\/","og_locale":"sl_SI","og_type":"article","og_title":"Diensten - Leinster","og_url":"https:\/\/www.leinster.nl\/sl\/storitve\/","og_site_name":"Leinster","article_modified_time":"2024-05-22T13:39:00+00:00","twitter_card":"summary_large_image","twitter_misc":{"Est. reading time":"2 minuti"},"schema":{"@context":"https:\/\/schema.org","@graph":[{"@type":"WebPage","@id":"https:\/\/www.leinster.nl\/diensten\/","url":"https:\/\/www.leinster.nl\/diensten\/","name":"Storitve - Leinster","isPartOf":{"@id":"https:\/\/www.leinster.nl\/#website"},"datePublished":"2023-11-08T13:42:29+00:00","dateModified":"2024-05-22T13:39:00+00:00","breadcrumb":{"@id":"https:\/\/www.leinster.nl\/diensten\/#breadcrumb"},"inLanguage":"sl-SI","potentialAction":[{"@type":"ReadAction","target":["https:\/\/www.leinster.nl\/diensten\/"]}]},{"@type":"BreadcrumbList","@id":"https:\/\/www.leinster.nl\/diensten\/#breadcrumb","itemListElement":[{"@type":"ListItem","position":1,"name":"Home","item":"https:\/\/www.leinster.nl\/"},{"@type":"ListItem","position":2,"name":"Diensten"}]},{"@type":"WebSite","@id":"https:\/\/www.leinster.nl\/#website","url":"https:\/\/www.leinster.nl\/","name":"Leinster","description":"Vzdr\u017eevanje nepremi\u010dnin in storitve v naj\u0161ir\u0161em pomenu besede","potentialAction":[{"@type":"SearchAction","target":{"@type":"EntryPoint","urlTemplate":"https:\/\/www.leinster.nl\/?s={search_term_string}"},"query-input":{"@type":"PropertyValueSpecification","valueRequired":true,"valueName":"search_term_string"}}],"inLanguage":"sl-SI"}]}},"_links":{"self":[{"href":"https:\/\/www.leinster.nl\/sl\/wp-json\/wp\/v2\/pages\/48","targetHints":{"allow":["GET"]}}],"collection":[{"href":"https:\/\/www.leinster.nl\/sl\/wp-json\/wp\/v2\/pages"}],"about":[{"href":"https:\/\/www.leinster.nl\/sl\/wp-json\/wp\/v2\/types\/page"}],"author":[{"embeddable":true,"href":"https:\/\/www.leinster.nl\/sl\/wp-json\/wp\/v2\/users\/7"}],"replies":[{"embeddable":true,"href":"https:\/\/www.leinster.nl\/sl\/wp-json\/wp\/v2\/comments?post=48"}],"version-history":[{"count":20,"href":"https:\/\/www.leinster.nl\/sl\/wp-json\/wp\/v2\/pages\/48\/revisions"}],"predecessor-version":[{"id":656,"href":"https:\/\/www.leinster.nl\/sl\/wp-json\/wp\/v2\/pages\/48\/revisions\/656"}],"wp:attachment":[{"href":"https:\/\/www.leinster.nl\/sl\/wp-json\/wp\/v2\/media?parent=48"}],"curies":[{"name":"wp","href":"https:\/\/api.w.org\/{rel}","templated":true}]}}