{"id":265,"date":"2023-11-20T13:52:09","date_gmt":"2023-11-20T13:52:09","guid":{"rendered":"http:\/\/85.10.138.138\/~leinster\/?page_id=265"},"modified":"2023-11-20T15:32:40","modified_gmt":"2023-11-20T15:32:40","slug":"privacy-statement","status":"publish","type":"page","link":"https:\/\/www.leinster.nl\/sl\/privacy-statement\/","title":{"rendered":"Izjava o zasebnosti"},"content":{"rendered":"<h2><strong>\u00a0<\/strong><strong>Zasebnost Leinster Property Services<br \/>\n<\/strong>(26-06-2023)<\/h2>\n<p>&nbsp;<\/p>\n<p><strong>Uvod<\/strong><\/p>\n<p>V okviru na\u0161ih storitev obdelujemo osebne podatke. Te podatke smo morda prejeli od vas, na primer prek na\u0161ega spletnega mesta, e-po\u0161te, telefona ali aplikacije. Poleg tega lahko va\u0161e osebne podatke v okviru na\u0161ih storitev pridobimo prek tretjih oseb. S to izjavo o zasebnosti vas obve\u0161\u010damo, kako ravnamo s temi osebnimi podatki.<\/p>\n<p>&nbsp;<\/p>\n<p><strong>Obdelava osebnih podatkov in nameni<\/strong><\/p>\n<p>\u010ce obdelujemo osebne podatke, to po\u010dnemo v skladu z zahtevami Splo\u0161ne uredbe o varstvu podatkov (GDPR) ter povezanimi zakoni in predpisi.<\/p>\n<p>Katere osebne podatke obdelujemo, je odvisno od konkretne storitve in okoli\u0161\u010din. Obi\u010dajno gre za naslednje podatke:<\/p>\n<ul>\n<li>Podatki o imenu in naslovu;<\/li>\n<li>Kontaktni podatki (e-po\u0161tni naslovi, telefonske \u0161tevilke)<\/li>\n<li>Podatki o va\u0161ih dejavnostih na na\u0161em spletnem mestu, naslovu IP, internetnem brskalniku in vrsti naprave.<\/li>\n<\/ul>\n<p>&nbsp;<\/p>\n<p><strong>Nameni in podlage za obdelavo<\/strong><\/p>\n<p>V nekaterih primerih osebne podatke obdelujemo zaradi izpolnjevanja zakonskih obveznosti, ve\u010dinoma pa zato, da lahko izvajamo svoje storitve. Nekatere podatke bele\u017eimo iz prakti\u010dnih razlogov ali razlogov u\u010dinkovitosti, za katere (lahko) domnevamo, da so tudi v va\u0161em interesu, kot npr:<\/p>\n<ul>\n<li>Komunikacija in obve\u0161\u010danje;<\/li>\n<li>Zagotavljanje na\u0161ih storitev na najbolj u\u010dinkovit na\u010din;<\/li>\n<li>Izbolj\u0161anje na\u0161ih storitev;<\/li>\n<\/ul>\n<p>Zgoraj navedeno pomeni tudi, da lahko va\u0161e osebne podatke uporabimo za namene tr\u017eenja ali vam po\u0161ljemo promocijsko gradivo ali obvestila o na\u0161ih storitvah, \u010de menimo, da bi vas lahko zanimali. Prav tako vas lahko kontaktiramo, da bi vas prosili za povratne informacije o na\u0161ih storitvah ali za namene tr\u017enih ali drugih raziskav.<\/p>\n<p>V ustreznih primerih bomo morda \u017eeleli obdelati osebne podatke iz razlogov, ki niso navedeni zgoraj, in za to bomo zaprosili za va\u0161e izrecno soglasje. \u010ce bomo \u017eeleli osebne podatke, ki jih lahko obdelujemo na podlagi va\u0161e privolitve, obdelati za druge ali ve\u010d namenov, vas bomo najprej ponovno prosili za privolitev.<\/p>\n<p>Va\u0161e osebne podatke lahko uporabimo tudi za za\u0161\u010dito svojih pravic ali lastnine ter pravic in lastnine na\u0161ih uporabnikov in po potrebi za izpolnjevanje zahtev v sodnih postopkih.<\/p>\n<p>&nbsp;<\/p>\n<p><strong>Razkritje tretjim osebam<\/strong><\/p>\n<p>V okviru na\u0161ih storitev lahko uporabljamo storitve tretjih oseb, na primer \u010de imajo te tretje osebe strokovno znanje ali vire, ki jih sami nimamo. To so lahko tako imenovani obdelovalci ali podobdelovalci, ki obdelujejo osebne podatke na podlagi va\u0161ih natan\u010dnih navodil. Druge tretje osebe, ki sicer strogo gledano niso obdelovalci osebnih podatkov, vendar imajo ali lahko imajo dostop do njih, so na primer na\u0161 sistemski administrator, dobavitelji ali gostitelji spletne programske opreme ali svetovalci, ki jih prosimo za nasvet glede va\u0161ega naro\u010dila. \u010ce je posledica anga\u017eiranja tretjih oseb, da imajo dostop do osebnih podatkov ali jih same bele\u017eijo in\/ali druga\u010de obdelujejo, se bomo s temi tretjimi osebami (pisno) dogovorili, da bodo izpolnjevale vse obveznosti iz AVG. Seveda bomo anga\u017eirali le tretje osebe, za katere lahko in smemo domnevati, da so zanesljive osebe, ki ustrezno ravnajo z osebnimi podatki ter lahko in bodo spo\u0161tovale AVG. To med drugim pomeni, da lahko te tretje osebe obdelujejo va\u0161e osebne podatke samo za zgoraj navedene namene.<\/p>\n<p>Seveda bomo morda morali va\u0161e osebne podatke posredovati tudi tretjim osebam v zvezi z zakonskimi obveznostmi.<\/p>\n<p>Va\u0161ih osebnih podatkov brez va\u0161ega izrecnega soglasja v nobenem primeru ne bomo posredovali tretjim osebam v komercialne ali dobrodelne namene.<\/p>\n<p>&nbsp;<\/p>\n<p><strong>Obdobja hrambe<\/strong><\/p>\n<p>Va\u0161ih osebnih podatkov ne bomo obdelovali dlje, kot je potrebno za namen, za katerega so bili posredovani (glejte poglavje<strong><em>\"Nameni in podlage za obdelavo<\/em>)<\/strong>. To pomeni, da se va\u0161i osebni podatki hranijo toliko \u010dasa, kolikor so potrebni za doseganje ustreznih namenov. Nekatere podatke je treba hraniti dlje (obi\u010dajno 7 let), ker moramo izpolnjevati zakonske obveznosti hrambe (npr. obveznosti hrambe davkov) ali v povezavi s predpisi na\u0161ega strokovnega zdru\u017eenja.<\/p>\n<p>&nbsp;<\/p>\n<p><strong>Varnost<\/strong><\/p>\n<p>Sprejeli smo ustrezne organizacijske in tehni\u010dne ukrepe za za\u0161\u010dito osebnih podatkov v obsegu, ki ga je mogo\u010de razumno zahtevati od nas, ob upo\u0161tevanju interesa, ki ga je treba za\u0161\u010dititi, stanja tehnike in stro\u0161kov ustreznih varnostnih ukrepov.<\/p>\n<p>Od svojih zaposlenih in vseh tretjih oseb, ki imajo nujno dostop do osebnih podatkov, zahtevamo, da ohranijo zaupnost. Poleg tega zagotavljamo, da so na\u0161i zaposleni tudi sicer prejeli pravilna in popolna navodila o ravnanju z osebnimi podatki ter da so v zadostni meri seznanjeni z odgovornostmi in obveznostmi dru\u017ebe AVG. \u010ce \u017eelite, vas bomo z veseljem dodatno seznanili s tem, kako smo zasnovali varstvo osebnih podatkov.<\/p>\n<p>&nbsp;<\/p>\n<p><strong>Va\u0161e pravice<\/strong><\/p>\n<p>Imate pravico do dostopa, popravka ali izbrisa osebnih podatkov, ki jih hranimo o vas (razen seveda, \u010de je to v nasprotju z zakonskimi obveznostmi). Poleg tega lahko ugovarjate obdelavi va\u0161ih osebnih podatkov (ali njihovega dela), ki jo izvajamo mi ali eden od na\u0161ih obdelovalcev. Prav tako imate pravico, da podatke, ki ste nam jih posredovali, na va\u0161o \u017eeljo posredujemo sebi ali neposredno drugi stranki.<\/p>\n<p>&nbsp;<\/p>\n<p><strong>Incidenti z osebnimi podatki<\/strong><\/p>\n<p>\u010ce pride do incidenta (tako imenovane kr\u0161itve varstva podatkov) v zvezi z zadevnimi osebnimi podatki, vas bomo o tem nemudoma obvestili, razen \u010de obstajajo nujni razlogi, \u010de obstaja konkretna nevarnost negativnih posledic za va\u0161o zasebnost in njihovo uresni\u010ditev. To nameravamo storiti v 48 urah po tem, ko odkrijemo kr\u0161itev varstva podatkov ali ko nas o njej obvestijo na\u0161i (pod)obdelovalci.<\/p>\n<p>&nbsp;<\/p>\n<p><strong>Prito\u017ebe<\/strong><\/p>\n<p>\u010ce imate prito\u017ebo glede obdelave va\u0161ih osebnih podatkov, vas prosimo, da se v zvezi s tem obrnete na nas. \u010ce to ne bi prineslo zadovoljivega rezultata, imate vedno pravico vlo\u017eiti prito\u017ebo pri organu za varstvo osebnih podatkov, ki je nadzorni organ za varstvo zasebnosti.<\/p>\n<p>&nbsp;<\/p>\n<p><strong>Obdelava v EGP<\/strong><\/p>\n<p>Osebne podatke bomo obdelovali samo v Evropskem gospodarskem prostoru, razen \u010de se z nami o tem pisno dogovorite druga\u010de. Izjema so primeri, ko \u017eelimo prek na\u0161ega spletnega mesta in\/ali strani dru\u017eabnih medijev (kot sta Facebook in LinkedIn) prikazati trenutke stikov. Pomislite na primer na \u0161tevilo obiskovalcev in zahtevane spletne strani. Pri uporabi orodij Google Analytics, LinkedIn ali Facebook va\u0161e podatke hranijo tretje osebe zunaj EU. Te stranke so certificirane v okviru zasebnostnega \u0161\u010dita EU-ZDA, zato morajo spo\u0161tovati evropske predpise o zasebnosti. Mimogrede, to se nana\u0161a le na omejeno koli\u010dino ob\u010dutljivih osebnih podatkov, zlasti na va\u0161 naslov IP.<\/p>\n<p>&nbsp;<\/p>\n<p><strong>Spremembe<\/strong><\/p>\n<p>Na\u0161 pravilnik o zasebnosti se bo nedvomno ob\u010dasno spreminjal. Najnovej\u0161a razli\u010dica politike zasebnosti je logi\u010dno veljavna razli\u010dica in je na voljo na na\u0161em spletnem mestu.<\/p>\n<p>&nbsp;<\/p>\n<p><strong>Na koncu<\/strong><\/p>\n<p>Upamo, da ste s to izjavo o zasebnosti dobili jasno sliko na\u0161ega pravilnika o zasebnosti. \u010ce imate kakr\u0161nakoli vpra\u0161anja o tem, kako ravnamo z osebnimi podatki, vas bomo z veseljem sprejeli. Prva kontaktna to\u010dka za vpra\u0161anja zasebnosti v na\u0161i organizaciji je <em>Ne Smelt, noes@leinster.nl<\/em><\/p>\n<p>***<\/p>\n<p>&nbsp;<\/p>","protected":false},"excerpt":{"rendered":"<p>\u00a0Privacy Leinster Property Services (26-06-2023) &nbsp; Inleiding In het kader<\/p>","protected":false},"author":7,"featured_media":0,"parent":0,"menu_order":0,"comment_status":"closed","ping_status":"closed","template":"sub-privacy.php","meta":{"_acf_changed":false,"om_disable_all_campaigns":false,"_uf_show_specific_survey":0,"_uf_disable_surveys":false,"footnotes":""},"class_list":["post-265","page","type-page","status-publish","hentry"],"acf":[],"aioseo_notices":[],"yoast_head":"<!-- This site is optimized with the Yoast SEO plugin v26.8 - https:\/\/yoast.com\/product\/yoast-seo-wordpress\/ -->\n<title>Privacy statement - Leinster<\/title>\n<meta name=\"robots\" content=\"index, follow, max-snippet:-1, max-image-preview:large, max-video-preview:-1\" \/>\n<link rel=\"canonical\" href=\"https:\/\/www.leinster.nl\/sl\/privacy-statement\/\" \/>\n<meta property=\"og:locale\" content=\"sl_SI\" \/>\n<meta property=\"og:type\" content=\"article\" \/>\n<meta property=\"og:title\" content=\"Privacy statement - Leinster\" \/>\n<meta property=\"og:description\" content=\"\u00a0Privacy Leinster Property Services (26-06-2023) &nbsp; Inleiding In het kader\" \/>\n<meta property=\"og:url\" content=\"https:\/\/www.leinster.nl\/sl\/privacy-statement\/\" \/>\n<meta property=\"og:site_name\" content=\"Leinster\" \/>\n<meta property=\"article:modified_time\" content=\"2023-11-20T15:32:40+00:00\" \/>\n<meta name=\"twitter:card\" content=\"summary_large_image\" \/>\n<meta name=\"twitter:label1\" content=\"Est. reading time\" \/>\n\t<meta name=\"twitter:data1\" content=\"6 minut\" \/>\n<script type=\"application\/ld+json\" class=\"yoast-schema-graph\">{\"@context\":\"https:\/\/schema.org\",\"@graph\":[{\"@type\":\"WebPage\",\"@id\":\"https:\/\/www.leinster.nl\/privacy-statement\/\",\"url\":\"https:\/\/www.leinster.nl\/privacy-statement\/\",\"name\":\"Privacy statement - Leinster\",\"isPartOf\":{\"@id\":\"https:\/\/www.leinster.nl\/#website\"},\"datePublished\":\"2023-11-20T13:52:09+00:00\",\"dateModified\":\"2023-11-20T15:32:40+00:00\",\"breadcrumb\":{\"@id\":\"https:\/\/www.leinster.nl\/privacy-statement\/#breadcrumb\"},\"inLanguage\":\"sl-SI\",\"potentialAction\":[{\"@type\":\"ReadAction\",\"target\":[\"https:\/\/www.leinster.nl\/privacy-statement\/\"]}]},{\"@type\":\"BreadcrumbList\",\"@id\":\"https:\/\/www.leinster.nl\/privacy-statement\/#breadcrumb\",\"itemListElement\":[{\"@type\":\"ListItem\",\"position\":1,\"name\":\"Home\",\"item\":\"https:\/\/www.leinster.nl\/\"},{\"@type\":\"ListItem\",\"position\":2,\"name\":\"Privacy statement\"}]},{\"@type\":\"WebSite\",\"@id\":\"https:\/\/www.leinster.nl\/#website\",\"url\":\"https:\/\/www.leinster.nl\/\",\"name\":\"Leinster\",\"description\":\"Vastgoedonderhoud &amp; Service in de breedste zin van het woord\",\"potentialAction\":[{\"@type\":\"SearchAction\",\"target\":{\"@type\":\"EntryPoint\",\"urlTemplate\":\"https:\/\/www.leinster.nl\/?s={search_term_string}\"},\"query-input\":{\"@type\":\"PropertyValueSpecification\",\"valueRequired\":true,\"valueName\":\"search_term_string\"}}],\"inLanguage\":\"sl-SI\"}]}<\/script>\n<!-- \/ Yoast SEO plugin. -->","yoast_head_json":{"title":"Privacy statement - Leinster","robots":{"index":"index","follow":"follow","max-snippet":"max-snippet:-1","max-image-preview":"max-image-preview:large","max-video-preview":"max-video-preview:-1"},"canonical":"https:\/\/www.leinster.nl\/sl\/privacy-statement\/","og_locale":"sl_SI","og_type":"article","og_title":"Privacy statement - Leinster","og_description":"\u00a0Privacy Leinster Property Services (26-06-2023) &nbsp; Inleiding In het kader","og_url":"https:\/\/www.leinster.nl\/sl\/privacy-statement\/","og_site_name":"Leinster","article_modified_time":"2023-11-20T15:32:40+00:00","twitter_card":"summary_large_image","twitter_misc":{"Est. reading time":"6 minut"},"schema":{"@context":"https:\/\/schema.org","@graph":[{"@type":"WebPage","@id":"https:\/\/www.leinster.nl\/privacy-statement\/","url":"https:\/\/www.leinster.nl\/privacy-statement\/","name":"Privacy statement - Leinster","isPartOf":{"@id":"https:\/\/www.leinster.nl\/#website"},"datePublished":"2023-11-20T13:52:09+00:00","dateModified":"2023-11-20T15:32:40+00:00","breadcrumb":{"@id":"https:\/\/www.leinster.nl\/privacy-statement\/#breadcrumb"},"inLanguage":"sl-SI","potentialAction":[{"@type":"ReadAction","target":["https:\/\/www.leinster.nl\/privacy-statement\/"]}]},{"@type":"BreadcrumbList","@id":"https:\/\/www.leinster.nl\/privacy-statement\/#breadcrumb","itemListElement":[{"@type":"ListItem","position":1,"name":"Home","item":"https:\/\/www.leinster.nl\/"},{"@type":"ListItem","position":2,"name":"Privacy statement"}]},{"@type":"WebSite","@id":"https:\/\/www.leinster.nl\/#website","url":"https:\/\/www.leinster.nl\/","name":"Leinster","description":"Vzdr\u017eevanje nepremi\u010dnin in storitve v naj\u0161ir\u0161em pomenu besede","potentialAction":[{"@type":"SearchAction","target":{"@type":"EntryPoint","urlTemplate":"https:\/\/www.leinster.nl\/?s={search_term_string}"},"query-input":{"@type":"PropertyValueSpecification","valueRequired":true,"valueName":"search_term_string"}}],"inLanguage":"sl-SI"}]}},"_links":{"self":[{"href":"https:\/\/www.leinster.nl\/sl\/wp-json\/wp\/v2\/pages\/265","targetHints":{"allow":["GET"]}}],"collection":[{"href":"https:\/\/www.leinster.nl\/sl\/wp-json\/wp\/v2\/pages"}],"about":[{"href":"https:\/\/www.leinster.nl\/sl\/wp-json\/wp\/v2\/types\/page"}],"author":[{"embeddable":true,"href":"https:\/\/www.leinster.nl\/sl\/wp-json\/wp\/v2\/users\/7"}],"replies":[{"embeddable":true,"href":"https:\/\/www.leinster.nl\/sl\/wp-json\/wp\/v2\/comments?post=265"}],"version-history":[{"count":5,"href":"https:\/\/www.leinster.nl\/sl\/wp-json\/wp\/v2\/pages\/265\/revisions"}],"predecessor-version":[{"id":270,"href":"https:\/\/www.leinster.nl\/sl\/wp-json\/wp\/v2\/pages\/265\/revisions\/270"}],"wp:attachment":[{"href":"https:\/\/www.leinster.nl\/sl\/wp-json\/wp\/v2\/media?parent=265"}],"curies":[{"name":"wp","href":"https:\/\/api.w.org\/{rel}","templated":true}]}}