{"id":265,"date":"2023-11-20T13:52:09","date_gmt":"2023-11-20T13:52:09","guid":{"rendered":"http:\/\/85.10.138.138\/~leinster\/?page_id=265"},"modified":"2023-11-20T15:32:40","modified_gmt":"2023-11-20T15:32:40","slug":"privacy-statement","status":"publish","type":"page","link":"https:\/\/www.leinster.nl\/sk\/privacy-statement\/","title":{"rendered":"Vyhl\u00e1senie o ochrane osobn\u00fdch \u00fadajov"},"content":{"rendered":"<h2><strong>\u00a0<\/strong><strong>Ochrana osobn\u00fdch \u00fadajov Leinster Property Services<br \/>\n<\/strong>(26-06-2023)<\/h2>\n<p>&nbsp;<\/p>\n<p><strong>\u00davod<\/strong><\/p>\n<p>V r\u00e1mci na\u0161ich slu\u017eieb sprac\u00favame osobn\u00e9 \u00fadaje. Tieto \u00fadaje sme od v\u00e1s mohli z\u00edska\u0165 napr\u00edklad prostredn\u00edctvom na\u0161ej webovej str\u00e1nky, e-mailu, telef\u00f3nu alebo aplik\u00e1cie. Okrem toho m\u00f4\u017eeme va\u0161e osobn\u00e9 \u00fadaje z\u00edska\u0165 v r\u00e1mci na\u0161ich slu\u017eieb prostredn\u00edctvom tret\u00edch str\u00e1n. T\u00fdmto vyhl\u00e1sen\u00edm o ochrane osobn\u00fdch \u00fadajov v\u00e1s informujeme o tom, ako s t\u00fdmito osobn\u00fdmi \u00fadajmi naklad\u00e1me.<\/p>\n<p>&nbsp;<\/p>\n<p><strong>Spracovanie osobn\u00fdch \u00fadajov a \u00fa\u010dely<\/strong><\/p>\n<p>Ak sprac\u00favame osobn\u00e9 \u00fadaje, rob\u00edme to v s\u00falade s po\u017eiadavkami v\u0161eobecn\u00e9ho nariadenia o ochrane \u00fadajov (GDPR) a s\u00favisiacich z\u00e1konov a predpisov.<\/p>\n<p>Ktor\u00e9 osobn\u00e9 \u00fadaje sprac\u00favame, z\u00e1vis\u00ed od konkr\u00e9tnej slu\u017eby a okolnost\u00ed. Zvy\u010dajne ide o tieto \u00fadaje:<\/p>\n<ul>\n<li>N\u00e1zov a adresa;<\/li>\n<li>Kontaktn\u00e9 \u00fadaje (e-mailov\u00e9 adresy, telef\u00f3nne \u010d\u00edsla)<\/li>\n<li>\u00dadaje o va\u0161ich aktivit\u00e1ch na na\u0161ej webovej lokalite, IP adresa, internetov\u00fd prehliada\u010d a typ zariadenia.<\/li>\n<\/ul>\n<p>&nbsp;<\/p>\n<p><strong>\u00da\u010dely a z\u00e1klady spracovania<\/strong><\/p>\n<p>V niektor\u00fdch pr\u00edpadoch sprac\u00favame osobn\u00e9 \u00fadaje, aby sme splnili z\u00e1konn\u00fa povinnos\u0165, ale v\u00e4\u010d\u0161inou to rob\u00edme preto, aby sme mohli poskytova\u0165 na\u0161e slu\u017eby. Niektor\u00e9 \u00fadaje sa zaznamen\u00e1vaj\u00fa z praktick\u00fdch d\u00f4vodov alebo z d\u00f4vodov efekt\u00edvnosti, o ktor\u00fdch (m\u00f4\u017eeme) predpoklada\u0165, \u017ee s\u00fa aj vo va\u0161om z\u00e1ujme, ako napr:<\/p>\n<ul>\n<li>Komunik\u00e1cia a inform\u00e1cie;<\/li>\n<li>Poskytovanie na\u0161ich slu\u017eieb \u010do najefekt\u00edvnej\u0161\u00edm sp\u00f4sobom;<\/li>\n<li>Zlep\u0161ovanie na\u0161ich slu\u017eieb;<\/li>\n<\/ul>\n<p>Konkr\u00e9tne to znamen\u00e1, \u017ee va\u0161e osobn\u00e9 \u00fadaje m\u00f4\u017eeme pou\u017ei\u0165 na marketingov\u00e9 \u00fa\u010dely alebo na zasielanie propaga\u010dn\u00fdch materi\u00e1lov alebo ozn\u00e1men\u00ed o na\u0161ich slu\u017eb\u00e1ch, ak si mysl\u00edme, \u017ee by v\u00e1s mohli zauj\u00edma\u0165. M\u00f4\u017eeme v\u00e1s tie\u017e kontaktova\u0165, aby sme v\u00e1s po\u017eiadali o sp\u00e4tn\u00fa v\u00e4zbu k nami poskytovan\u00fdm slu\u017eb\u00e1m alebo na \u00fa\u010dely prieskumu trhu \u010di in\u00e9ho prieskumu.<\/p>\n<p>Vo vhodn\u00fdch pr\u00edpadoch m\u00f4\u017eeme chcie\u0165 sprac\u00fava\u0165 osobn\u00e9 \u00fadaje z in\u00fdch d\u00f4vodov, ako s\u00fa uveden\u00e9 vy\u0161\u0161ie, a budeme v\u00e1s na to \u017eiada\u0165 o v\u00fdslovn\u00fd s\u00fahlas. Ak budeme niekedy chcie\u0165 sprac\u00fava\u0165 osobn\u00e9 \u00fadaje, ktor\u00e9 m\u00f4\u017eeme sprac\u00fava\u0165 na z\u00e1klade v\u00e1\u0161ho s\u00fahlasu, na in\u00e9 alebo viacer\u00e9 \u00fa\u010dely, najprv v\u00e1s op\u00e4\u0165 po\u017eiadame o s\u00fahlas.<\/p>\n<p>Va\u0161e osobn\u00e9 \u00fadaje m\u00f4\u017eeme pou\u017ei\u0165 aj na ochranu na\u0161ich vlastn\u00fdch pr\u00e1v a pr\u00e1v na\u0161ich pou\u017e\u00edvate\u013eov alebo majetku a v pr\u00edpade potreby na splnenie s\u00fadnych konan\u00ed.<\/p>\n<p>&nbsp;<\/p>\n<p><strong>Zverejnenie tret\u00edm stran\u00e1m<\/strong><\/p>\n<p>V r\u00e1mci na\u0161ich slu\u017eieb m\u00f4\u017eeme vyu\u017e\u00edva\u0165 slu\u017eby tret\u00edch str\u00e1n, napr\u00edklad ak tieto tretie strany maj\u00fa odborn\u00e9 znalosti alebo zdroje, ktor\u00e9 nem\u00e1me k dispoz\u00edcii. M\u00f4\u017ee \u00eds\u0165 o tzv. sprostredkovate\u013eov alebo subsprostredkovate\u013eov, ktor\u00ed bud\u00fa sprac\u00fava\u0165 osobn\u00e9 \u00fadaje na z\u00e1klade va\u0161ich presn\u00fdch pokynov. \u010eal\u0161\u00edmi tret\u00edmi stranami, ktor\u00e9 s\u00edce nie s\u00fa pr\u00edsne vzat\u00e9 spracovate\u013emi osobn\u00fdch \u00fadajov, ale maj\u00fa alebo m\u00f4\u017eu ma\u0165 k nim pr\u00edstup, s\u00fa napr\u00edklad n\u00e1\u0161 spr\u00e1vca syst\u00e9mu, dod\u00e1vatelia alebo hostitelia online softv\u00e9ru alebo konzultanti, ktor\u00fdch po\u017eiadame o radu v s\u00favislosti s va\u0161ou objedn\u00e1vkou. Ak zapojenie tret\u00edch str\u00e1n vedie k tomu, \u017ee maj\u00fa pr\u00edstup k osobn\u00fdm \u00fadajom alebo \u017ee ich sami zaznamen\u00e1vaj\u00fa a\/alebo inak sprac\u00favaj\u00fa, dohodneme sa s t\u00fdmito tret\u00edmi stranami (p\u00edsomne), \u017ee bud\u00fa dodr\u017eiava\u0165 v\u0161etky povinnosti AVG. Prirodzene, budeme zap\u00e1ja\u0165 len tak\u00e9 tretie strany, o ktor\u00fdch m\u00f4\u017eeme a m\u00f4\u017eeme predpoklada\u0165, \u017ee s\u00fa spo\u013eahliv\u00fdmi stranami, ktor\u00e9 primerane zaobch\u00e1dzaj\u00fa s osobn\u00fdmi \u00fadajmi a z tohto d\u00f4vodu m\u00f4\u017eu a bud\u00fa dodr\u017eiava\u0165 AVG. To okrem in\u00e9ho znamen\u00e1, \u017ee tieto tretie strany m\u00f4\u017eu sprac\u00fava\u0165 va\u0161e osobn\u00e9 \u00fadaje len na vy\u0161\u0161ie uveden\u00e9 \u00fa\u010dely.<\/p>\n<p>Samozrejme, va\u0161e osobn\u00e9 \u00fadaje m\u00f4\u017eeme potrebova\u0165 poskytn\u00fa\u0165 aj tret\u00edm stran\u00e1m v s\u00favislosti so z\u00e1konnou povinnos\u0165ou.<\/p>\n<p>Za \u017eiadnych okolnost\u00ed neposkytneme va\u0161e osobn\u00e9 \u00fadaje tret\u00edm stran\u00e1m na komer\u010dn\u00e9 alebo charitat\u00edvne \u00fa\u010dely bez v\u00e1\u0161ho v\u00fdslovn\u00e9ho s\u00fahlasu.<\/p>\n<p>&nbsp;<\/p>\n<p><strong>Obdobia uchov\u00e1vania<\/strong><\/p>\n<p>Va\u0161e osobn\u00e9 \u00fadaje nebudeme sprac\u00fava\u0165 dlh\u0161ie, ako je potrebn\u00e9 na \u00fa\u010del, na ktor\u00fd boli poskytnut\u00e9 (pozri \u010das\u0165<strong><em>\"\u00da\u010dely a z\u00e1klady spracovania<\/em>)<\/strong>. To znamen\u00e1, \u017ee va\u0161e osobn\u00e9 \u00fadaje sa uchov\u00e1vaj\u00fa tak dlho, ako je to potrebn\u00e9 na dosiahnutie pr\u00edslu\u0161n\u00fdch \u00fa\u010delov. Niektor\u00e9 \u00fadaje sa musia uchov\u00e1va\u0165 dlh\u0161ie (zvy\u010dajne 7 rokov), preto\u017ee mus\u00edme splni\u0165 z\u00e1konn\u00e9 povinnosti uchov\u00e1vania (napr. povinnos\u0165 uchov\u00e1vania da\u0148ov\u00fdch \u00fadajov) alebo v s\u00favislosti s nariadeniami na\u0161ej profesijnej asoci\u00e1cie.<\/p>\n<p>&nbsp;<\/p>\n<p><strong>Zabezpe\u010denie<\/strong><\/p>\n<p>Prijali sme primeran\u00e9 organiza\u010dn\u00e9 a technick\u00e9 opatrenia na ochranu osobn\u00fdch \u00fadajov v rozsahu, v akom to od n\u00e1s mo\u017eno rozumne po\u017eadova\u0165, pri\u010dom sme zoh\u013eadnili z\u00e1ujem, ktor\u00fd m\u00e1 by\u0165 chr\u00e1nen\u00fd, stav techniky a n\u00e1klady na pr\u00edslu\u0161n\u00e9 bezpe\u010dnostn\u00e9 opatrenia.<\/p>\n<p>Od na\u0161ich zamestnancov a v\u0161etk\u00fdch tret\u00edch str\u00e1n, ktor\u00e9 maj\u00fa nevyhnutne pr\u00edstup k osobn\u00fdm \u00fadajom, vy\u017eadujeme, aby zachov\u00e1vali ml\u010danlivos\u0165. Okrem toho zabezpe\u010dujeme, aby na\u0161i zamestnanci inak dostali spr\u00e1vne a \u00fapln\u00e9 pokyny o tom, ako zaobch\u00e1dza\u0165 s osobn\u00fdmi \u00fadajmi, a aby boli dostato\u010dne obozn\u00e1men\u00ed so zodpovednos\u0165ou a povinnos\u0165ami spolo\u010dnosti AVG. Ak by ste chceli, radi v\u00e1s budeme bli\u017e\u0161ie informova\u0165 o tom, ako sme navrhli ochranu osobn\u00fdch \u00fadajov.<\/p>\n<p>&nbsp;<\/p>\n<p><strong>Va\u0161e pr\u00e1va<\/strong><\/p>\n<p>M\u00e1te pr\u00e1vo na pr\u00edstup k osobn\u00fdm \u00fadajom, ktor\u00e9 o v\u00e1s uchov\u00e1vame, na ich opravu alebo vymazanie (samozrejme, okrem pr\u00edpadov, ke\u010f to zasahuje do ak\u00fdchko\u013evek z\u00e1konn\u00fdch povinnost\u00ed). Okrem toho m\u00f4\u017eete namieta\u0165 proti spracovaniu va\u0161ich osobn\u00fdch \u00fadajov (alebo ich \u010dasti) nami alebo niektor\u00fdm z na\u0161ich spracovate\u013eov. Ak si to \u017eel\u00e1te, m\u00e1te tie\u017e pr\u00e1vo, aby sme \u00fadaje, ktor\u00e9 ste n\u00e1m poskytli, preniesli sebe alebo priamo inej strane.<\/p>\n<p>&nbsp;<\/p>\n<p><strong>Incidenty s\u00favisiace s osobn\u00fdmi \u00fadajmi<\/strong><\/p>\n<p>Ak d\u00f4jde k incidentu (tzv. poru\u0161eniu ochrany osobn\u00fdch \u00fadajov) t\u00fdkaj\u00facemu sa predmetn\u00fdch osobn\u00fdch \u00fadajov, budeme v\u00e1s bezodkladne informova\u0165, ak neexistuj\u00fa z\u00e1va\u017en\u00e9 d\u00f4vody, ak existuje konkr\u00e9tne riziko negat\u00edvnych d\u00f4sledkov pre va\u0161e s\u00fakromie a jeho realiz\u00e1ciu. Na\u0161\u00edm cie\u013eom je urobi\u0165 tak do 48 hod\u00edn od zistenia tohto poru\u0161enia ochrany osobn\u00fdch \u00fadajov alebo od momentu, ke\u010f n\u00e1s o \u0148om informuj\u00fa na\u0161i (sub)spracovatelia.<\/p>\n<p>&nbsp;<\/p>\n<p><strong>S\u0165a\u017enosti<\/strong><\/p>\n<p>Ak m\u00e1te s\u0165a\u017enos\u0165 t\u00fdkaj\u00facu sa spracovania va\u0161ich osobn\u00fdch \u00fadajov, pros\u00edme v\u00e1s, aby ste n\u00e1s v tejto veci kontaktovali. Ak by to neviedlo k uspokojiv\u00e9mu v\u00fdsledku, v\u017edy m\u00e1te pr\u00e1vo poda\u0165 s\u0165a\u017enos\u0165 na \u00darad na ochranu osobn\u00fdch \u00fadajov; dozorn\u00fd org\u00e1n v oblasti ochrany osobn\u00fdch \u00fadajov.<\/p>\n<p>&nbsp;<\/p>\n<p><strong>Spracovanie v r\u00e1mci EHP<\/strong><\/p>\n<p>Osobn\u00e9 \u00fadaje budeme sprac\u00fava\u0165 len v r\u00e1mci Eur\u00f3pskeho hospod\u00e1rskeho priestoru, pokia\u013e sa s nami nedohodnete na in\u00fdch p\u00edsomn\u00fdch podmienkach. V\u00fdnimkou s\u00fa situ\u00e1cie, ke\u010f chceme mapova\u0165 kontaktn\u00e9 momenty prostredn\u00edctvom na\u0161ej webovej str\u00e1nky a\/alebo str\u00e1nok soci\u00e1lnych m\u00e9di\u00ed (napr\u00edklad Facebook a LinkedIn). Spome\u0148te si napr\u00edklad na po\u010dty n\u00e1v\u0161tevn\u00edkov a po\u017eadovan\u00e9 webov\u00e9 str\u00e1nky. Pri pou\u017e\u00edvan\u00ed slu\u017eieb Google Analytics, LinkedIn alebo Facebook va\u0161e \u00fadaje ukladaj\u00fa tretie strany mimo E\u00da. Tieto strany maj\u00fa certifik\u00e1t \"EU-US Privacy Shield\", tak\u017ee musia dodr\u017eiava\u0165 eur\u00f3pske predpisy o ochrane osobn\u00fdch \u00fadajov. Mimochodom, t\u00fdka sa to len obmedzen\u00e9ho mno\u017estva citliv\u00fdch osobn\u00fdch \u00fadajov, najm\u00e4 va\u0161ej IP adresy.<\/p>\n<p>&nbsp;<\/p>\n<p><strong>Zmeny<\/strong><\/p>\n<p>Na\u0161e z\u00e1sady ochrany osobn\u00fdch \u00fadajov sa nepochybne bud\u00fa z \u010dasu na \u010das meni\u0165. Najnov\u0161ia verzia z\u00e1sad ochrany osobn\u00fdch \u00fadajov je logicky platnou verziou a n\u00e1jdete ju na na\u0161ej webovej str\u00e1nke.<\/p>\n<p>&nbsp;<\/p>\n<p><strong>Na z\u00e1ver<\/strong><\/p>\n<p>D\u00fafame, \u017ee toto vyhl\u00e1senie o ochrane osobn\u00fdch \u00fadajov v\u00e1m poskytlo jasn\u00fa predstavu o na\u0161ich z\u00e1sad\u00e1ch ochrany osobn\u00fdch \u00fadajov. Ak by ste v\u0161ak mali ak\u00e9ko\u013evek ot\u00e1zky t\u00fdkaj\u00face sa toho, ako zaobch\u00e1dzame s osobn\u00fdmi \u00fadajmi, budeme radi, ak sa n\u00e1m ozvete. Prv\u00e9 kontaktn\u00e9 miesto pre ot\u00e1zky ochrany osobn\u00fdch \u00fadajov v na\u0161ej organiz\u00e1cii je <em>Nie Smelt, noes@leinster.nl<\/em><\/p>\n<p>***<\/p>\n<p>&nbsp;<\/p>","protected":false},"excerpt":{"rendered":"<p>\u00a0Privacy Leinster Property Services (26-06-2023) &nbsp; Inleiding In het kader<\/p>","protected":false},"author":7,"featured_media":0,"parent":0,"menu_order":0,"comment_status":"closed","ping_status":"closed","template":"sub-privacy.php","meta":{"_acf_changed":false,"om_disable_all_campaigns":false,"_uf_show_specific_survey":0,"_uf_disable_surveys":false,"footnotes":""},"class_list":["post-265","page","type-page","status-publish","hentry"],"acf":[],"aioseo_notices":[],"yoast_head":"<!-- This site is optimized with the Yoast SEO plugin v26.8 - https:\/\/yoast.com\/product\/yoast-seo-wordpress\/ -->\n<title>Privacy statement - Leinster<\/title>\n<meta name=\"robots\" content=\"index, follow, max-snippet:-1, max-image-preview:large, max-video-preview:-1\" \/>\n<link rel=\"canonical\" href=\"https:\/\/www.leinster.nl\/sk\/privacy-statement\/\" \/>\n<meta property=\"og:locale\" content=\"sk_SK\" \/>\n<meta property=\"og:type\" content=\"article\" \/>\n<meta property=\"og:title\" content=\"Privacy statement - Leinster\" \/>\n<meta property=\"og:description\" content=\"\u00a0Privacy Leinster Property Services (26-06-2023) &nbsp; Inleiding In het kader\" \/>\n<meta property=\"og:url\" content=\"https:\/\/www.leinster.nl\/sk\/privacy-statement\/\" \/>\n<meta property=\"og:site_name\" content=\"Leinster\" \/>\n<meta property=\"article:modified_time\" content=\"2023-11-20T15:32:40+00:00\" \/>\n<meta name=\"twitter:card\" content=\"summary_large_image\" \/>\n<meta name=\"twitter:label1\" content=\"Predpokladan\u00fd \u010das \u010d\u00edtania\" \/>\n\t<meta name=\"twitter:data1\" content=\"6 min\u00fat\" \/>\n<script type=\"application\/ld+json\" class=\"yoast-schema-graph\">{\"@context\":\"https:\/\/schema.org\",\"@graph\":[{\"@type\":\"WebPage\",\"@id\":\"https:\/\/www.leinster.nl\/privacy-statement\/\",\"url\":\"https:\/\/www.leinster.nl\/privacy-statement\/\",\"name\":\"Privacy statement - Leinster\",\"isPartOf\":{\"@id\":\"https:\/\/www.leinster.nl\/#website\"},\"datePublished\":\"2023-11-20T13:52:09+00:00\",\"dateModified\":\"2023-11-20T15:32:40+00:00\",\"breadcrumb\":{\"@id\":\"https:\/\/www.leinster.nl\/privacy-statement\/#breadcrumb\"},\"inLanguage\":\"sk-SK\",\"potentialAction\":[{\"@type\":\"ReadAction\",\"target\":[\"https:\/\/www.leinster.nl\/privacy-statement\/\"]}]},{\"@type\":\"BreadcrumbList\",\"@id\":\"https:\/\/www.leinster.nl\/privacy-statement\/#breadcrumb\",\"itemListElement\":[{\"@type\":\"ListItem\",\"position\":1,\"name\":\"Home\",\"item\":\"https:\/\/www.leinster.nl\/\"},{\"@type\":\"ListItem\",\"position\":2,\"name\":\"Privacy statement\"}]},{\"@type\":\"WebSite\",\"@id\":\"https:\/\/www.leinster.nl\/#website\",\"url\":\"https:\/\/www.leinster.nl\/\",\"name\":\"Leinster\",\"description\":\"Vastgoedonderhoud &amp; Service in de breedste zin van het woord\",\"potentialAction\":[{\"@type\":\"SearchAction\",\"target\":{\"@type\":\"EntryPoint\",\"urlTemplate\":\"https:\/\/www.leinster.nl\/?s={search_term_string}\"},\"query-input\":{\"@type\":\"PropertyValueSpecification\",\"valueRequired\":true,\"valueName\":\"search_term_string\"}}],\"inLanguage\":\"sk-SK\"}]}<\/script>\n<!-- \/ Yoast SEO plugin. -->","yoast_head_json":{"title":"Privacy statement - Leinster","robots":{"index":"index","follow":"follow","max-snippet":"max-snippet:-1","max-image-preview":"max-image-preview:large","max-video-preview":"max-video-preview:-1"},"canonical":"https:\/\/www.leinster.nl\/sk\/privacy-statement\/","og_locale":"sk_SK","og_type":"article","og_title":"Privacy statement - Leinster","og_description":"\u00a0Privacy Leinster Property Services (26-06-2023) &nbsp; Inleiding In het kader","og_url":"https:\/\/www.leinster.nl\/sk\/privacy-statement\/","og_site_name":"Leinster","article_modified_time":"2023-11-20T15:32:40+00:00","twitter_card":"summary_large_image","twitter_misc":{"Predpokladan\u00fd \u010das \u010d\u00edtania":"6 min\u00fat"},"schema":{"@context":"https:\/\/schema.org","@graph":[{"@type":"WebPage","@id":"https:\/\/www.leinster.nl\/privacy-statement\/","url":"https:\/\/www.leinster.nl\/privacy-statement\/","name":"Privacy statement - Leinster","isPartOf":{"@id":"https:\/\/www.leinster.nl\/#website"},"datePublished":"2023-11-20T13:52:09+00:00","dateModified":"2023-11-20T15:32:40+00:00","breadcrumb":{"@id":"https:\/\/www.leinster.nl\/privacy-statement\/#breadcrumb"},"inLanguage":"sk-SK","potentialAction":[{"@type":"ReadAction","target":["https:\/\/www.leinster.nl\/privacy-statement\/"]}]},{"@type":"BreadcrumbList","@id":"https:\/\/www.leinster.nl\/privacy-statement\/#breadcrumb","itemListElement":[{"@type":"ListItem","position":1,"name":"Home","item":"https:\/\/www.leinster.nl\/"},{"@type":"ListItem","position":2,"name":"Privacy statement"}]},{"@type":"WebSite","@id":"https:\/\/www.leinster.nl\/#website","url":"https:\/\/www.leinster.nl\/","name":"Leinster","description":"Vastgoedonderhoud &amp; Service in de breedste zin van het woord","potentialAction":[{"@type":"SearchAction","target":{"@type":"EntryPoint","urlTemplate":"https:\/\/www.leinster.nl\/?s={search_term_string}"},"query-input":{"@type":"PropertyValueSpecification","valueRequired":true,"valueName":"search_term_string"}}],"inLanguage":"sk-SK"}]}},"_links":{"self":[{"href":"https:\/\/www.leinster.nl\/sk\/wp-json\/wp\/v2\/pages\/265","targetHints":{"allow":["GET"]}}],"collection":[{"href":"https:\/\/www.leinster.nl\/sk\/wp-json\/wp\/v2\/pages"}],"about":[{"href":"https:\/\/www.leinster.nl\/sk\/wp-json\/wp\/v2\/types\/page"}],"author":[{"embeddable":true,"href":"https:\/\/www.leinster.nl\/sk\/wp-json\/wp\/v2\/users\/7"}],"replies":[{"embeddable":true,"href":"https:\/\/www.leinster.nl\/sk\/wp-json\/wp\/v2\/comments?post=265"}],"version-history":[{"count":5,"href":"https:\/\/www.leinster.nl\/sk\/wp-json\/wp\/v2\/pages\/265\/revisions"}],"predecessor-version":[{"id":270,"href":"https:\/\/www.leinster.nl\/sk\/wp-json\/wp\/v2\/pages\/265\/revisions\/270"}],"wp:attachment":[{"href":"https:\/\/www.leinster.nl\/sk\/wp-json\/wp\/v2\/media?parent=265"}],"curies":[{"name":"wp","href":"https:\/\/api.w.org\/{rel}","templated":true}]}}