{"id":265,"date":"2023-11-20T13:52:09","date_gmt":"2023-11-20T13:52:09","guid":{"rendered":"http:\/\/85.10.138.138\/~leinster\/?page_id=265"},"modified":"2023-11-20T15:32:40","modified_gmt":"2023-11-20T15:32:40","slug":"privacy-statement","status":"publish","type":"page","link":"https:\/\/www.leinster.nl\/ro\/privacy-statement\/","title":{"rendered":"Declara\u021bia de confiden\u021bialitate"},"content":{"rendered":"<h2><strong>\u00a0<\/strong><strong>Confiden\u021bialitate Leinster Property Services<br \/>\n<\/strong>(26-06-2023)<\/h2>\n<p>&nbsp;<\/p>\n<p><strong>Introducere<\/strong><\/p>\n<p>Ca parte a serviciilor noastre, prelucr\u0103m date cu caracter personal. Este posibil s\u0103 fi primit aceste date de la dumneavoastr\u0103, de exemplu, prin intermediul site-ului nostru web, prin e-mail, telefon sau aplica\u021bie. \u00cen plus, este posibil s\u0103 ob\u021binem datele dvs. personale \u00een contextul serviciilor noastre prin intermediul unor ter\u021be p\u0103r\u021bi. Prin aceast\u0103 declara\u021bie de confiden\u021bialitate, v\u0103 inform\u0103m despre modul \u00een care trat\u0103m aceste date cu caracter personal.<\/p>\n<p>&nbsp;<\/p>\n<p><strong>Prelucrarea datelor cu caracter personal \u0219i scopuri<\/strong><\/p>\n<p>\u00cen cazul \u00een care prelucr\u0103m date cu caracter personal, acest lucru se face \u00een conformitate cu cerin\u021bele Regulamentului general privind protec\u021bia datelor (GDPR) \u0219i cu legile \u0219i reglement\u0103rile aferente.<\/p>\n<p>Datele cu caracter personal pe care le prelucr\u0103m depind de serviciul exact \u0219i de circumstan\u021be. \u00cen mod obi\u0219nuit, este vorba despre urm\u0103toarele date:<\/p>\n<ul>\n<li>Numele \u0219i adresa;<\/li>\n<li>Detalii de contact (adrese de e-mail, numere de telefon)<\/li>\n<li>Date despre activit\u0103\u021bile dvs. pe site-ul nostru, adresa IP, browserul de internet \u0219i tipul de dispozitiv.<\/li>\n<\/ul>\n<p>&nbsp;<\/p>\n<p><strong>Scopurile \u0219i bazele prelucr\u0103rii<\/strong><\/p>\n<p>\u00cen unele cazuri, prelucr\u0103m datele cu caracter personal pentru a ne conforma unei obliga\u021bii legale, dar \u00een general facem acest lucru pentru a ne putea presta serviciile. Unele date sunt \u00eenregistrate din motive practice sau de eficien\u021b\u0103, pe care (putem) presupune c\u0103 sunt \u0219i \u00een interesul dvs:<\/p>\n<ul>\n<li>Comunicare \u0219i informare;<\/li>\n<li>Furnizarea serviciilor noastre \u00een cel mai eficient mod posibil;<\/li>\n<li>\u00cembun\u0103t\u0103\u021birea serviciilor noastre;<\/li>\n<\/ul>\n<p>\u00cen mod specific, cele de mai sus \u00eenseamn\u0103, de asemenea, c\u0103 putem utiliza datele dvs. personale \u00een scopuri de marketing sau pentru a v\u0103 trimite materiale promo\u021bionale sau notific\u0103ri despre serviciile noastre, dac\u0103 consider\u0103m c\u0103 acestea ar putea fi de interes pentru dvs. De asemenea, este posibil s\u0103 v\u0103 contact\u0103m pentru a v\u0103 solicita feedback cu privire la serviciile furnizate de noi sau \u00een scopuri de cercetare de pia\u021b\u0103 sau de alt\u0103 natur\u0103.<\/p>\n<p>\u00cen cazuri adecvate, este posibil s\u0103 dorim s\u0103 prelucr\u0103m datele cu caracter personal din alte motive dec\u00e2t cele stabilite mai sus \u0219i vom solicita consim\u021b\u0103m\u00e2ntul dumneavoastr\u0103 explicit \u00een acest sens. Dac\u0103 dorim vreodat\u0103 s\u0103 prelucr\u0103m date cu caracter personal pe care suntem autoriza\u021bi s\u0103 le prelucr\u0103m pe baza consim\u021b\u0103m\u00e2ntului dvs. \u00een scopuri diferite sau mai multe scopuri, v\u0103 vom cere din nou consim\u021b\u0103m\u00e2ntul.<\/p>\n<p>\u00cen cele din urm\u0103, este posibil s\u0103 folosim datele dvs. cu caracter personal pentru a ne proteja drepturile sau proprietatea noastr\u0103 \u0219i a utilizatorilor no\u0219tri \u0219i, dac\u0103 este necesar, pentru a ne conforma procedurilor legale.<\/p>\n<p>&nbsp;<\/p>\n<p><strong>Dezv\u0103luirea c\u0103tre ter\u021bi<\/strong><\/p>\n<p>Ca parte a serviciilor noastre, este posibil s\u0103 folosim serviciile unor ter\u021be p\u0103r\u021bi, de exemplu, \u00een cazul \u00een care aceste ter\u021be p\u0103r\u021bi au cuno\u0219tin\u021be de specialitate sau resurse de care noi nu dispunem \u00een cadrul companiei. Ace\u0219tia pot fi a\u0219a-numi\u021bi procesatori sau subprocesatori, care vor prelucra datele cu caracter personal pe baza instruc\u021biunilor dvs. exacte. Alte p\u0103r\u021bi ter\u021be care, de\u0219i nu sunt \u00een mod strict un procesator al datelor cu caracter personal, au sau pot avea acces la acestea, sunt, de exemplu, administratorul nostru de sistem, furnizorii sau p\u0103r\u021bile care g\u0103zduiesc software-ul online sau consultan\u021bii c\u0103rora le solicit\u0103m sfatul \u00een ceea ce prive\u0219te comanda dumneavoastr\u0103. \u00cen cazul \u00een care angajarea unor ter\u021bi are ca rezultat faptul c\u0103 ace\u0219tia au acces la datele cu caracter personal sau pe care ei \u00een\u0219i\u0219i le \u00eenregistreaz\u0103 \u0219i\/sau le prelucreaz\u0103 \u00een alt mod, vom conveni (\u00een scris) cu ace\u0219ti ter\u021bi c\u0103 vor respecta toate obliga\u021biile din AVG. \u00cen mod firesc, vom angaja numai p\u0103r\u021bi ter\u021be despre care putem \u0219i putem presupune c\u0103 sunt p\u0103r\u021bi de \u00eencredere care trateaz\u0103 datele cu caracter personal \u00een mod adecvat \u0219i, \u00een acest sens, pot \u0219i vor respecta AVG. Acest lucru \u00eenseamn\u0103, printre altele, c\u0103 aceste p\u0103r\u021bi ter\u021be pot prelucra datele dvs. personale numai \u00een scopurile men\u021bionate mai sus.<\/p>\n<p>Bine\u00een\u021beles, este posibil s\u0103 fim nevoi\u021bi s\u0103 furniz\u0103m datele dvs. personale unor ter\u021be p\u0103r\u021bi \u00een leg\u0103tur\u0103 cu o obliga\u021bie legal\u0103.<\/p>\n<p>\u00cen niciun caz nu vom furniza datele dvs. personale unor ter\u021be p\u0103r\u021bi \u00een scopuri comerciale sau caritabile f\u0103r\u0103 consim\u021b\u0103m\u00e2ntul dvs. explicit.<\/p>\n<p>&nbsp;<\/p>\n<p><strong>Perioade de p\u0103strare<\/strong><\/p>\n<p>Nu vom prelucra datele dvs. cu caracter personal pentru o perioad\u0103 mai lung\u0103 dec\u00e2t este util\u0103 pentru scopul pentru care au fost furnizate (a se vedea sec\u021biunea '<strong><em>\"Scopurile \u0219i bazele prelucr\u0103rii<\/em>)<\/strong>. Acest lucru \u00eenseamn\u0103 c\u0103 datele dumneavoastr\u0103 cu caracter personal sunt p\u0103strate at\u00e2t timp c\u00e2t sunt necesare pentru atingerea scopurilor relevante. Anumite date trebuie p\u0103strate mai mult timp (de obicei 7 ani) deoarece trebuie s\u0103 respect\u0103m obliga\u021biile legale de p\u0103strare (de exemplu, obliga\u021biile de p\u0103strare a datelor fiscale) sau \u00een leg\u0103tur\u0103 cu reglement\u0103rile asocia\u021biei noastre profesionale.<\/p>\n<p>&nbsp;<\/p>\n<p><strong>Securitate<\/strong><\/p>\n<p>Am luat m\u0103suri organizatorice \u0219i tehnice adecvate pentru protec\u021bia datelor cu caracter personal, \u00een m\u0103sura \u00een care acestea pot fi solicitate \u00een mod rezonabil, \u021bin\u00e2nd cont de interesul care trebuie protejat, de stadiul actual al tehnologiei \u0219i de costurile m\u0103surilor de securitate relevante.<\/p>\n<p>Solicit\u0103m angaja\u021bilor no\u0219tri \u0219i oric\u0103ror ter\u021be p\u0103r\u021bi care au \u00een mod necesar acces la datele cu caracter personal s\u0103 p\u0103streze confiden\u021bialitatea. \u00cen plus, ne asigur\u0103m c\u0103 angaja\u021bii no\u0219tri au primit instruc\u021biuni corecte \u0219i complete cu privire la modul \u00een care trebuie s\u0103 trateze datele cu caracter personal \u0219i c\u0103 sunt suficient de familiariza\u021bi cu responsabilit\u0103\u021bile \u0219i obliga\u021biile AVG. Dac\u0103 dori\u021bi, vom fi bucuro\u0219i s\u0103 v\u0103 inform\u0103m \u00een continuare despre modul \u00een care am conceput protec\u021bia datelor cu caracter personal.<\/p>\n<p>&nbsp;<\/p>\n<p><strong>Drepturile dumneavoastr\u0103<\/strong><\/p>\n<p>Ave\u021bi dreptul s\u0103 accesa\u021bi, s\u0103 rectifica\u021bi sau s\u0103 \u0219terge\u021bi datele cu caracter personal pe care le de\u021binem despre dumneavoastr\u0103 (cu excep\u021bia, desigur, a cazului \u00een care acest lucru interfereaz\u0103 cu orice obliga\u021bii legale). \u00cen plus, v\u0103 pute\u021bi opune prelucr\u0103rii datelor dvs. personale (sau a unei p\u0103r\u021bi din acestea) de c\u0103tre noi sau de c\u0103tre unul dintre procesatorii no\u0219tri. De asemenea, ave\u021bi dreptul de a ne cere s\u0103 transfer\u0103m datele pe care ni le-a\u021bi furnizat c\u0103tre dumneavoastr\u0103 sau direct c\u0103tre o alt\u0103 parte, dac\u0103 dori\u021bi acest lucru.<\/p>\n<p>&nbsp;<\/p>\n<p><strong>Incidente legate de datele cu caracter personal<\/strong><\/p>\n<p>\u00cen cazul unui incident (a\u0219a-numita \u00eenc\u0103lcare a securit\u0103\u021bii datelor) privind datele cu caracter personal \u00een cauz\u0103, v\u0103 vom informa imediat, cu excep\u021bia cazului \u00een care exist\u0103 motive imperioase, dac\u0103 exist\u0103 un risc concret de consecin\u021be negative asupra vie\u021bii dvs. private \u0219i asupra realiz\u0103rii acestora. Ne propunem s\u0103 facem acest lucru \u00een termen de 48 de ore de la descoperirea acestei \u00eenc\u0103lc\u0103ri a datelor sau de la informarea despre aceasta de c\u0103tre (sub)procesatorii no\u0219tri.<\/p>\n<p>&nbsp;<\/p>\n<p><strong>Reclama\u021bii<\/strong><\/p>\n<p>\u00cen cazul \u00een care ave\u021bi o pl\u00e2ngere cu privire la prelucrarea datelor dvs. personale, v\u0103 rug\u0103m s\u0103 ne contacta\u021bi \u00een acest sens. \u00cen cazul \u00een care acest lucru nu duce la un rezultat satisf\u0103c\u0103tor, ave\u021bi \u00eentotdeauna dreptul de a depune o pl\u00e2ngere la Autoritatea pentru date cu caracter personal; autoritatea de supraveghere a confiden\u021bialit\u0103\u021bii.<\/p>\n<p>&nbsp;<\/p>\n<p><strong>Prelucrarea \u00een cadrul SEE<\/strong><\/p>\n<p>Vom prelucra datele cu caracter personal numai \u00een cadrul Spa\u021biului Economic European, cu excep\u021bia cazului \u00een care conveni\u021bi cu noi \u00een scris alte acorduri \u00een acest sens. Excep\u021bie fac situa\u021biile \u00een care dorim s\u0103 cartografiem momentele de contact prin intermediul site-ului nostru web \u0219i\/sau al paginilor noastre de social media (cum ar fi Facebook \u0219i LinkedIn). G\u00e2ndi\u021bi-v\u0103, de exemplu, la num\u0103rul de vizitatori \u0219i la paginile web solicitate. Datele dvs. sunt stocate de ter\u021be p\u0103r\u021bi din afara UE atunci c\u00e2nd se utilizeaz\u0103 Google Analytics, LinkedIn sau Facebook. Aceste p\u0103r\u021bi sunt certificate \"EU-US Privacy Shield\", deci trebuie s\u0103 respecte reglement\u0103rile europene privind confiden\u021bialitatea. De altfel, acest lucru se refer\u0103 doar la o cantitate limitat\u0103 de date personale sensibile, \u00een special la adresa dumneavoastr\u0103 IP.<\/p>\n<p>&nbsp;<\/p>\n<p><strong>Modific\u0103ri<\/strong><\/p>\n<p>F\u0103r\u0103 \u00eendoial\u0103, politica noastr\u0103 de confiden\u021bialitate se va schimba din c\u00e2nd \u00een c\u00e2nd. Cea mai recent\u0103 versiune a politicii de confiden\u021bialitate este, \u00een mod logic, versiunea aplicabil\u0103 \u0219i poate fi g\u0103sit\u0103 pe site-ul nostru.<\/p>\n<p>&nbsp;<\/p>\n<p><strong>\u00cen concluzie<\/strong><\/p>\n<p>Sper\u0103m c\u0103 aceast\u0103 declara\u021bie de confiden\u021bialitate v-a oferit o imagine clar\u0103 a politicii noastre de confiden\u021bialitate. Cu toate acestea, dac\u0103 ave\u021bi \u00eentreb\u0103ri cu privire la modul \u00een care trat\u0103m datele cu caracter personal, ne-ar face pl\u0103cere s\u0103 ne contacta\u021bi. Primul punct de contact pentru probleme de confiden\u021bialitate \u00een cadrul organiza\u021biei noastre este <em>Nu Nu Smelt, noes@leinster.nl<\/em><\/p>\n<p>***<\/p>\n<p>&nbsp;<\/p>","protected":false},"excerpt":{"rendered":"<p>\u00a0Privacy Leinster Property Services (26-06-2023) &nbsp; Inleiding In het kader<\/p>","protected":false},"author":7,"featured_media":0,"parent":0,"menu_order":0,"comment_status":"closed","ping_status":"closed","template":"sub-privacy.php","meta":{"_acf_changed":false,"om_disable_all_campaigns":false,"_uf_show_specific_survey":0,"_uf_disable_surveys":false,"footnotes":""},"class_list":["post-265","page","type-page","status-publish","hentry"],"acf":[],"aioseo_notices":[],"yoast_head":"<!-- This site is optimized with the Yoast SEO plugin v26.8 - https:\/\/yoast.com\/product\/yoast-seo-wordpress\/ -->\n<title>Privacy statement - Leinster<\/title>\n<meta name=\"robots\" content=\"index, follow, max-snippet:-1, max-image-preview:large, max-video-preview:-1\" \/>\n<link rel=\"canonical\" href=\"https:\/\/www.leinster.nl\/ro\/privacy-statement\/\" \/>\n<meta property=\"og:locale\" content=\"ro_RO\" \/>\n<meta property=\"og:type\" content=\"article\" \/>\n<meta property=\"og:title\" content=\"Privacy statement - Leinster\" \/>\n<meta property=\"og:description\" content=\"\u00a0Privacy Leinster Property Services (26-06-2023) &nbsp; Inleiding In het kader\" \/>\n<meta property=\"og:url\" content=\"https:\/\/www.leinster.nl\/ro\/privacy-statement\/\" \/>\n<meta property=\"og:site_name\" content=\"Leinster\" \/>\n<meta property=\"article:modified_time\" content=\"2023-11-20T15:32:40+00:00\" \/>\n<meta name=\"twitter:card\" content=\"summary_large_image\" \/>\n<meta name=\"twitter:label1\" content=\"Timp estimat pentru citire\" \/>\n\t<meta name=\"twitter:data1\" content=\"6 minute\" \/>\n<script type=\"application\/ld+json\" class=\"yoast-schema-graph\">{\"@context\":\"https:\/\/schema.org\",\"@graph\":[{\"@type\":\"WebPage\",\"@id\":\"https:\/\/www.leinster.nl\/privacy-statement\/\",\"url\":\"https:\/\/www.leinster.nl\/privacy-statement\/\",\"name\":\"Privacy statement - Leinster\",\"isPartOf\":{\"@id\":\"https:\/\/www.leinster.nl\/#website\"},\"datePublished\":\"2023-11-20T13:52:09+00:00\",\"dateModified\":\"2023-11-20T15:32:40+00:00\",\"breadcrumb\":{\"@id\":\"https:\/\/www.leinster.nl\/privacy-statement\/#breadcrumb\"},\"inLanguage\":\"ro-RO\",\"potentialAction\":[{\"@type\":\"ReadAction\",\"target\":[\"https:\/\/www.leinster.nl\/privacy-statement\/\"]}]},{\"@type\":\"BreadcrumbList\",\"@id\":\"https:\/\/www.leinster.nl\/privacy-statement\/#breadcrumb\",\"itemListElement\":[{\"@type\":\"ListItem\",\"position\":1,\"name\":\"Home\",\"item\":\"https:\/\/www.leinster.nl\/\"},{\"@type\":\"ListItem\",\"position\":2,\"name\":\"Privacy statement\"}]},{\"@type\":\"WebSite\",\"@id\":\"https:\/\/www.leinster.nl\/#website\",\"url\":\"https:\/\/www.leinster.nl\/\",\"name\":\"Leinster\",\"description\":\"Vastgoedonderhoud &amp; Service in de breedste zin van het woord\",\"potentialAction\":[{\"@type\":\"SearchAction\",\"target\":{\"@type\":\"EntryPoint\",\"urlTemplate\":\"https:\/\/www.leinster.nl\/?s={search_term_string}\"},\"query-input\":{\"@type\":\"PropertyValueSpecification\",\"valueRequired\":true,\"valueName\":\"search_term_string\"}}],\"inLanguage\":\"ro-RO\"}]}<\/script>\n<!-- \/ Yoast SEO plugin. -->","yoast_head_json":{"title":"Privacy statement - Leinster","robots":{"index":"index","follow":"follow","max-snippet":"max-snippet:-1","max-image-preview":"max-image-preview:large","max-video-preview":"max-video-preview:-1"},"canonical":"https:\/\/www.leinster.nl\/ro\/privacy-statement\/","og_locale":"ro_RO","og_type":"article","og_title":"Privacy statement - Leinster","og_description":"\u00a0Privacy Leinster Property Services (26-06-2023) &nbsp; Inleiding In het kader","og_url":"https:\/\/www.leinster.nl\/ro\/privacy-statement\/","og_site_name":"Leinster","article_modified_time":"2023-11-20T15:32:40+00:00","twitter_card":"summary_large_image","twitter_misc":{"Timp estimat pentru citire":"6 minute"},"schema":{"@context":"https:\/\/schema.org","@graph":[{"@type":"WebPage","@id":"https:\/\/www.leinster.nl\/privacy-statement\/","url":"https:\/\/www.leinster.nl\/privacy-statement\/","name":"Privacy statement - Leinster","isPartOf":{"@id":"https:\/\/www.leinster.nl\/#website"},"datePublished":"2023-11-20T13:52:09+00:00","dateModified":"2023-11-20T15:32:40+00:00","breadcrumb":{"@id":"https:\/\/www.leinster.nl\/privacy-statement\/#breadcrumb"},"inLanguage":"ro-RO","potentialAction":[{"@type":"ReadAction","target":["https:\/\/www.leinster.nl\/privacy-statement\/"]}]},{"@type":"BreadcrumbList","@id":"https:\/\/www.leinster.nl\/privacy-statement\/#breadcrumb","itemListElement":[{"@type":"ListItem","position":1,"name":"Home","item":"https:\/\/www.leinster.nl\/"},{"@type":"ListItem","position":2,"name":"Privacy statement"}]},{"@type":"WebSite","@id":"https:\/\/www.leinster.nl\/#website","url":"https:\/\/www.leinster.nl\/","name":"Leinster","description":"Vastgoedonderhoud &amp; Service in de breedste zin van het woord","potentialAction":[{"@type":"SearchAction","target":{"@type":"EntryPoint","urlTemplate":"https:\/\/www.leinster.nl\/?s={search_term_string}"},"query-input":{"@type":"PropertyValueSpecification","valueRequired":true,"valueName":"search_term_string"}}],"inLanguage":"ro-RO"}]}},"_links":{"self":[{"href":"https:\/\/www.leinster.nl\/ro\/wp-json\/wp\/v2\/pages\/265","targetHints":{"allow":["GET"]}}],"collection":[{"href":"https:\/\/www.leinster.nl\/ro\/wp-json\/wp\/v2\/pages"}],"about":[{"href":"https:\/\/www.leinster.nl\/ro\/wp-json\/wp\/v2\/types\/page"}],"author":[{"embeddable":true,"href":"https:\/\/www.leinster.nl\/ro\/wp-json\/wp\/v2\/users\/7"}],"replies":[{"embeddable":true,"href":"https:\/\/www.leinster.nl\/ro\/wp-json\/wp\/v2\/comments?post=265"}],"version-history":[{"count":5,"href":"https:\/\/www.leinster.nl\/ro\/wp-json\/wp\/v2\/pages\/265\/revisions"}],"predecessor-version":[{"id":270,"href":"https:\/\/www.leinster.nl\/ro\/wp-json\/wp\/v2\/pages\/265\/revisions\/270"}],"wp:attachment":[{"href":"https:\/\/www.leinster.nl\/ro\/wp-json\/wp\/v2\/media?parent=265"}],"curies":[{"name":"wp","href":"https:\/\/api.w.org\/{rel}","templated":true}]}}