{"id":265,"date":"2023-11-20T13:52:09","date_gmt":"2023-11-20T13:52:09","guid":{"rendered":"http:\/\/85.10.138.138\/~leinster\/?page_id=265"},"modified":"2023-11-20T15:32:40","modified_gmt":"2023-11-20T15:32:40","slug":"privacy-statement","status":"publish","type":"page","link":"https:\/\/www.leinster.nl\/pt\/privacy-statement\/","title":{"rendered":"Declara\u00e7\u00e3o de privacidade"},"content":{"rendered":"<h2><strong>\u00a0<\/strong><strong>Privacidade Leinster Property Services<br \/>\n<\/strong>(26-06-2023)<\/h2>\n<p>&nbsp;<\/p>\n<p><strong>Introdu\u00e7\u00e3o<\/strong><\/p>\n<p>Como parte dos nossos servi\u00e7os, processamos dados pessoais. Podemos ter recebido estes dados do utilizador, por exemplo, atrav\u00e9s do nosso s\u00edtio Web, e-mail, telefone ou aplica\u00e7\u00e3o. Al\u00e9m disso, podemos obter os seus dados pessoais no contexto dos nossos servi\u00e7os atrav\u00e9s de terceiros. Com esta declara\u00e7\u00e3o de privacidade, informamo-lo sobre a forma como tratamos estes dados pessoais.<\/p>\n<p>&nbsp;<\/p>\n<p><strong>Tratamento de dados pessoais e objectivos<\/strong><\/p>\n<p>Se processarmos Dados Pessoais, isso ser\u00e1 feito de acordo com os requisitos do Regulamento Geral de Prote\u00e7\u00e3o de Dados (RGPD) e com as leis e regulamentos relacionados.<\/p>\n<p>Os dados pessoais que processamos dependem do servi\u00e7o e das circunst\u00e2ncias exactas. Normalmente, envolve os seguintes dados:<\/p>\n<ul>\n<li>Nome e endere\u00e7o;<\/li>\n<li>Dados de contacto (endere\u00e7os electr\u00f3nicos, n\u00fameros de telefone)<\/li>\n<li>Dados sobre as suas actividades no nosso s\u00edtio Web, endere\u00e7o IP, navegador da Internet e tipo de dispositivo.<\/li>\n<\/ul>\n<p>&nbsp;<\/p>\n<p><strong>Finalidades e fundamentos do tratamento<\/strong><\/p>\n<p>Em alguns casos, processamos dados pessoais para cumprir uma obriga\u00e7\u00e3o legal, mas fazemo-lo sobretudo para podermos prestar os nossos servi\u00e7os. Alguns dados s\u00e3o registados por raz\u00f5es pr\u00e1ticas ou de efici\u00eancia, que (podemos) assumir que tamb\u00e9m s\u00e3o do seu interesse, tais como:<\/p>\n<ul>\n<li>Comunica\u00e7\u00e3o e informa\u00e7\u00e3o;<\/li>\n<li>Prestar os nossos servi\u00e7os da forma mais eficiente poss\u00edvel;<\/li>\n<li>Melhorar os nossos servi\u00e7os;<\/li>\n<\/ul>\n<p>Especificamente, o acima exposto tamb\u00e9m significa que podemos utilizar os seus dados pessoais para fins de marketing ou para lhe enviar materiais promocionais ou avisos sobre os nossos servi\u00e7os, se considerarmos que estes podem ser do seu interesse. Podemos tamb\u00e9m contact\u00e1-lo para solicitar feedback sobre os servi\u00e7os prestados por n\u00f3s ou para fins de pesquisa de mercado ou outros.<\/p>\n<p>Em casos apropriados, poderemos querer tratar dados pessoais por raz\u00f5es diferentes das acima referidas e solicitaremos o seu consentimento expl\u00edcito para o fazer. Se alguma vez pretendermos tratar dados pessoais que estamos autorizados a tratar com base no seu consentimento para diferentes ou mais finalidades, solicitar-lhe-emos novamente o seu consentimento.<\/p>\n<p>Por \u00faltimo, podemos tamb\u00e9m utilizar os seus dados pessoais para proteger os nossos direitos ou propriedade e os dos nossos utilizadores e, se necess\u00e1rio, para cumprir procedimentos legais.<\/p>\n<p>&nbsp;<\/p>\n<p><strong>Divulga\u00e7\u00e3o a terceiros<\/strong><\/p>\n<p>No \u00e2mbito dos nossos servi\u00e7os, podemos recorrer aos servi\u00e7os de terceiros, por exemplo, se esses terceiros tiverem conhecimentos especializados ou recursos de que n\u00e3o dispomos internamente. Estes podem ser os chamados subcontratantes ou subcontratantes, que processar\u00e3o os dados pessoais com base nas suas instru\u00e7\u00f5es exactas. Outros terceiros que, embora n\u00e3o sendo estritamente um subcontratante dos dados pessoais, t\u00eam ou podem ter acesso aos mesmos, s\u00e3o, por exemplo, o nosso administrador de sistemas, os fornecedores ou os respons\u00e1veis pelo alojamento de software em linha, ou os consultores cujo aconselhamento solicitamos relativamente \u00e0 sua encomenda. Se a contrata\u00e7\u00e3o de terceiros resultar no acesso aos dados pessoais que eles pr\u00f3prios registam e\/ou processam, acordaremos (por escrito) com esses terceiros o cumprimento de todas as obriga\u00e7\u00f5es do AVG. Naturalmente, s\u00f3 contrataremos terceiros que possamos e possamos presumir serem partes fi\u00e1veis que tratam adequadamente os dados pessoais e que, por essa raz\u00e3o, podem e ir\u00e3o cumprir as AVG. Isto significa, entre outras coisas, que estes terceiros s\u00f3 podem processar os seus dados pessoais para os fins acima mencionados.<\/p>\n<p>Naturalmente, tamb\u00e9m podemos ter de fornecer os seus dados pessoais a terceiros no \u00e2mbito de uma obriga\u00e7\u00e3o legal.<\/p>\n<p>Em nenhuma circunst\u00e2ncia forneceremos os seus dados pessoais a terceiros para fins comerciais ou de caridade sem o seu consentimento expl\u00edcito.<\/p>\n<p>&nbsp;<\/p>\n<p><strong>Per\u00edodos de conserva\u00e7\u00e3o<\/strong><\/p>\n<p>N\u00e3o trataremos os seus dados pessoais durante mais tempo do que o necess\u00e1rio para a finalidade para a qual foram fornecidos (ver a sec\u00e7\u00e3o '<strong><em>\"Finalidades e fundamentos do tratamento<\/em>)<\/strong>. Isto significa que os seus dados pessoais s\u00e3o mantidos durante o tempo necess\u00e1rio para atingir os objectivos relevantes. Alguns dados t\u00eam de ser conservados durante mais tempo (normalmente 7 anos) porque temos de cumprir obriga\u00e7\u00f5es legais de reten\u00e7\u00e3o (por exemplo, obriga\u00e7\u00f5es de reten\u00e7\u00e3o fiscal) ou em liga\u00e7\u00e3o com regulamentos da nossa associa\u00e7\u00e3o profissional.<\/p>\n<p>&nbsp;<\/p>\n<p><strong>Seguran\u00e7a<\/strong><\/p>\n<p>Tom\u00e1mos medidas organizacionais e t\u00e9cnicas adequadas para a prote\u00e7\u00e3o dos dados pessoais, na medida em que estas nos podem ser razoavelmente exigidas, tendo em conta o interesse a proteger, o estado da t\u00e9cnica e os custos das medidas de seguran\u00e7a relevantes.<\/p>\n<p>Exigimos que os nossos funcion\u00e1rios e quaisquer terceiros que tenham necessariamente acesso aos dados pessoais mantenham a confidencialidade. Al\u00e9m disso, garantimos que os nossos funcion\u00e1rios receberam instru\u00e7\u00f5es correctas e completas sobre como lidar com dados pessoais e que est\u00e3o suficientemente familiarizados com as responsabilidades e obriga\u00e7\u00f5es do AVG. Se desejar, teremos todo o gosto em inform\u00e1-lo mais detalhadamente sobre a forma como concebemos a prote\u00e7\u00e3o dos dados pessoais.<\/p>\n<p>&nbsp;<\/p>\n<p><strong>Os seus direitos<\/strong><\/p>\n<p>Tem o direito de aceder, retificar ou apagar os dados pessoais que temos sobre si (exceto, claro, se isso interferir com quaisquer obriga\u00e7\u00f5es legais). Al\u00e9m disso, pode opor-se ao tratamento dos seus dados pessoais (ou parte deles) por n\u00f3s ou por um dos nossos subcontratantes. Tem tamb\u00e9m o direito de nos pedir que transfiramos os dados que nos forneceu para si ou diretamente para outra parte, se assim o desejar.<\/p>\n<p>&nbsp;<\/p>\n<p><strong>Incidentes com dados pessoais<\/strong><\/p>\n<p>Se ocorrer um incidente (a chamada viola\u00e7\u00e3o de dados) relativo aos dados pessoais em quest\u00e3o, inform\u00e1-lo-emos imediatamente, a menos que existam raz\u00f5es imperiosas, se houver um risco concreto de consequ\u00eancias negativas para a sua privacidade e para a sua realiza\u00e7\u00e3o. O nosso objetivo \u00e9 faz\u00ea-lo no prazo de 48 horas ap\u00f3s a descoberta desta viola\u00e7\u00e3o de dados ou de sermos informados sobre a mesma pelos nossos (sub)processadores.<\/p>\n<p>&nbsp;<\/p>\n<p><strong>Queixas<\/strong><\/p>\n<p>Se tiver uma queixa sobre o tratamento dos seus dados pessoais, pedimos-lhe que nos contacte. Se tal n\u00e3o conduzir a um resultado satisfat\u00f3rio, tem sempre o direito de apresentar uma queixa junto da Autoridade de Dados Pessoais, a autoridade de controlo no dom\u00ednio da privacidade.<\/p>\n<p>&nbsp;<\/p>\n<p><strong>Processamento no EEE<\/strong><\/p>\n<p>S\u00f3 processaremos dados pessoais dentro do Espa\u00e7o Econ\u00f3mico Europeu, a menos que o utilizador acorde connosco por escrito outras disposi\u00e7\u00f5es a este respeito. As excep\u00e7\u00f5es a esta regra s\u00e3o as situa\u00e7\u00f5es em que pretendemos mapear os momentos de contacto atrav\u00e9s do nosso s\u00edtio Web e\/ou das p\u00e1ginas das redes sociais (como o Facebook e o LinkedIn). Pense, por exemplo, no n\u00famero de visitantes e nas p\u00e1ginas Web solicitadas. Os seus dados s\u00e3o armazenados por terceiros fora da UE quando utiliza o Google Analytics, o LinkedIn ou o Facebook. Estas entidades s\u00e3o certificadas pelo \"Escudo de Prote\u00e7\u00e3o da Privacidade UE-EUA\", pelo que t\u00eam de cumprir os regulamentos europeus em mat\u00e9ria de privacidade. A prop\u00f3sito, isto diz respeito apenas a uma quantidade limitada de dados pessoais sens\u00edveis, nomeadamente o seu endere\u00e7o IP.<\/p>\n<p>&nbsp;<\/p>\n<p><strong>Altera\u00e7\u00f5es<\/strong><\/p>\n<p>Sem d\u00favida, a nossa pol\u00edtica de privacidade ser\u00e1 alterada periodicamente. A vers\u00e3o mais recente da pol\u00edtica de privacidade \u00e9, logicamente, a vers\u00e3o aplic\u00e1vel e pode ser encontrada no nosso s\u00edtio Web.<\/p>\n<p>&nbsp;<\/p>\n<p><strong>Em conclus\u00e3o<\/strong><\/p>\n<p>Esperamos que esta declara\u00e7\u00e3o de privacidade lhe tenha dado uma ideia clara da nossa pol\u00edtica de privacidade. No entanto, se tiver alguma quest\u00e3o sobre a forma como tratamos os dados pessoais, teremos todo o gosto em ouvi-lo. O primeiro ponto de contacto para quest\u00f5es de privacidade na nossa organiza\u00e7\u00e3o \u00e9 <em>N\u00e3o N\u00e3o, Smelt, noes@leinster.nl<\/em><\/p>\n<p>***<\/p>\n<p>&nbsp;<\/p>","protected":false},"excerpt":{"rendered":"<p>\u00a0Privacy Leinster Property Services (26-06-2023) &nbsp; Inleiding In het kader<\/p>","protected":false},"author":7,"featured_media":0,"parent":0,"menu_order":0,"comment_status":"closed","ping_status":"closed","template":"sub-privacy.php","meta":{"_acf_changed":false,"om_disable_all_campaigns":false,"_uf_show_specific_survey":0,"_uf_disable_surveys":false,"footnotes":""},"class_list":["post-265","page","type-page","status-publish","hentry"],"acf":[],"aioseo_notices":[],"yoast_head":"<!-- This site is optimized with the Yoast SEO plugin v26.8 - https:\/\/yoast.com\/product\/yoast-seo-wordpress\/ -->\n<title>Privacy statement - Leinster<\/title>\n<meta name=\"robots\" content=\"index, follow, max-snippet:-1, max-image-preview:large, max-video-preview:-1\" \/>\n<link rel=\"canonical\" href=\"https:\/\/www.leinster.nl\/pt\/privacy-statement\/\" \/>\n<meta property=\"og:locale\" content=\"pt_PT\" \/>\n<meta property=\"og:type\" content=\"article\" \/>\n<meta property=\"og:title\" content=\"Privacy statement - Leinster\" \/>\n<meta property=\"og:description\" content=\"\u00a0Privacy Leinster Property Services (26-06-2023) &nbsp; Inleiding In het kader\" \/>\n<meta property=\"og:url\" content=\"https:\/\/www.leinster.nl\/pt\/privacy-statement\/\" \/>\n<meta property=\"og:site_name\" content=\"Leinster\" \/>\n<meta property=\"article:modified_time\" content=\"2023-11-20T15:32:40+00:00\" \/>\n<meta name=\"twitter:card\" content=\"summary_large_image\" \/>\n<meta name=\"twitter:label1\" content=\"Tempo estimado de leitura\" \/>\n\t<meta name=\"twitter:data1\" content=\"6 minutos\" \/>\n<script type=\"application\/ld+json\" class=\"yoast-schema-graph\">{\"@context\":\"https:\/\/schema.org\",\"@graph\":[{\"@type\":\"WebPage\",\"@id\":\"https:\/\/www.leinster.nl\/privacy-statement\/\",\"url\":\"https:\/\/www.leinster.nl\/privacy-statement\/\",\"name\":\"Privacy statement - Leinster\",\"isPartOf\":{\"@id\":\"https:\/\/www.leinster.nl\/#website\"},\"datePublished\":\"2023-11-20T13:52:09+00:00\",\"dateModified\":\"2023-11-20T15:32:40+00:00\",\"breadcrumb\":{\"@id\":\"https:\/\/www.leinster.nl\/privacy-statement\/#breadcrumb\"},\"inLanguage\":\"pt-PT\",\"potentialAction\":[{\"@type\":\"ReadAction\",\"target\":[\"https:\/\/www.leinster.nl\/privacy-statement\/\"]}]},{\"@type\":\"BreadcrumbList\",\"@id\":\"https:\/\/www.leinster.nl\/privacy-statement\/#breadcrumb\",\"itemListElement\":[{\"@type\":\"ListItem\",\"position\":1,\"name\":\"Home\",\"item\":\"https:\/\/www.leinster.nl\/\"},{\"@type\":\"ListItem\",\"position\":2,\"name\":\"Privacy statement\"}]},{\"@type\":\"WebSite\",\"@id\":\"https:\/\/www.leinster.nl\/#website\",\"url\":\"https:\/\/www.leinster.nl\/\",\"name\":\"Leinster\",\"description\":\"Vastgoedonderhoud &amp; Service in de breedste zin van het woord\",\"potentialAction\":[{\"@type\":\"SearchAction\",\"target\":{\"@type\":\"EntryPoint\",\"urlTemplate\":\"https:\/\/www.leinster.nl\/?s={search_term_string}\"},\"query-input\":{\"@type\":\"PropertyValueSpecification\",\"valueRequired\":true,\"valueName\":\"search_term_string\"}}],\"inLanguage\":\"pt-PT\"}]}<\/script>\n<!-- \/ Yoast SEO plugin. -->","yoast_head_json":{"title":"Privacy statement - Leinster","robots":{"index":"index","follow":"follow","max-snippet":"max-snippet:-1","max-image-preview":"max-image-preview:large","max-video-preview":"max-video-preview:-1"},"canonical":"https:\/\/www.leinster.nl\/pt\/privacy-statement\/","og_locale":"pt_PT","og_type":"article","og_title":"Privacy statement - Leinster","og_description":"\u00a0Privacy Leinster Property Services (26-06-2023) &nbsp; Inleiding In het kader","og_url":"https:\/\/www.leinster.nl\/pt\/privacy-statement\/","og_site_name":"Leinster","article_modified_time":"2023-11-20T15:32:40+00:00","twitter_card":"summary_large_image","twitter_misc":{"Tempo estimado de leitura":"6 minutos"},"schema":{"@context":"https:\/\/schema.org","@graph":[{"@type":"WebPage","@id":"https:\/\/www.leinster.nl\/privacy-statement\/","url":"https:\/\/www.leinster.nl\/privacy-statement\/","name":"Privacy statement - Leinster","isPartOf":{"@id":"https:\/\/www.leinster.nl\/#website"},"datePublished":"2023-11-20T13:52:09+00:00","dateModified":"2023-11-20T15:32:40+00:00","breadcrumb":{"@id":"https:\/\/www.leinster.nl\/privacy-statement\/#breadcrumb"},"inLanguage":"pt-PT","potentialAction":[{"@type":"ReadAction","target":["https:\/\/www.leinster.nl\/privacy-statement\/"]}]},{"@type":"BreadcrumbList","@id":"https:\/\/www.leinster.nl\/privacy-statement\/#breadcrumb","itemListElement":[{"@type":"ListItem","position":1,"name":"Home","item":"https:\/\/www.leinster.nl\/"},{"@type":"ListItem","position":2,"name":"Privacy statement"}]},{"@type":"WebSite","@id":"https:\/\/www.leinster.nl\/#website","url":"https:\/\/www.leinster.nl\/","name":"Leinster","description":"Manuten\u00e7\u00e3o e servi\u00e7o de propriedades no sentido mais lato da palavra","potentialAction":[{"@type":"SearchAction","target":{"@type":"EntryPoint","urlTemplate":"https:\/\/www.leinster.nl\/?s={search_term_string}"},"query-input":{"@type":"PropertyValueSpecification","valueRequired":true,"valueName":"search_term_string"}}],"inLanguage":"pt-PT"}]}},"_links":{"self":[{"href":"https:\/\/www.leinster.nl\/pt\/wp-json\/wp\/v2\/pages\/265","targetHints":{"allow":["GET"]}}],"collection":[{"href":"https:\/\/www.leinster.nl\/pt\/wp-json\/wp\/v2\/pages"}],"about":[{"href":"https:\/\/www.leinster.nl\/pt\/wp-json\/wp\/v2\/types\/page"}],"author":[{"embeddable":true,"href":"https:\/\/www.leinster.nl\/pt\/wp-json\/wp\/v2\/users\/7"}],"replies":[{"embeddable":true,"href":"https:\/\/www.leinster.nl\/pt\/wp-json\/wp\/v2\/comments?post=265"}],"version-history":[{"count":5,"href":"https:\/\/www.leinster.nl\/pt\/wp-json\/wp\/v2\/pages\/265\/revisions"}],"predecessor-version":[{"id":270,"href":"https:\/\/www.leinster.nl\/pt\/wp-json\/wp\/v2\/pages\/265\/revisions\/270"}],"wp:attachment":[{"href":"https:\/\/www.leinster.nl\/pt\/wp-json\/wp\/v2\/media?parent=265"}],"curies":[{"name":"wp","href":"https:\/\/api.w.org\/{rel}","templated":true}]}}