{"id":265,"date":"2023-11-20T13:52:09","date_gmt":"2023-11-20T13:52:09","guid":{"rendered":"http:\/\/85.10.138.138\/~leinster\/?page_id=265"},"modified":"2023-11-20T15:32:40","modified_gmt":"2023-11-20T15:32:40","slug":"privacy-statement","status":"publish","type":"page","link":"https:\/\/www.leinster.nl\/pl\/privacy-statement\/","title":{"rendered":"O\u015bwiadczenie o ochronie prywatno\u015bci"},"content":{"rendered":"<h2><strong>\u00a0<\/strong><strong>Prywatno\u015b\u0107 Leinster Property Services<br \/>\n<\/strong>(26-06-2023)<\/h2>\n<p>&nbsp;<\/p>\n<p><strong>Wprowadzenie<\/strong><\/p>\n<p>W ramach naszych us\u0142ug przetwarzamy dane osobowe. Dane te mo\u017cemy otrzyma\u0107 od u\u017cytkownika, na przyk\u0142ad za po\u015brednictwem naszej strony internetowej, poczty e-mail, telefonu lub aplikacji. Ponadto mo\u017cemy uzyska\u0107 dane osobowe u\u017cytkownika w kontek\u015bcie naszych us\u0142ug za po\u015brednictwem stron trzecich. W niniejszym o\u015bwiadczeniu o ochronie prywatno\u015bci informujemy, w jaki spos\u00f3b przetwarzamy te dane osobowe.<\/p>\n<p>&nbsp;<\/p>\n<p><strong>Przetwarzanie danych osobowych i cele<\/strong><\/p>\n<p>Je\u015bli przetwarzamy dane osobowe, odbywa si\u0119 to zgodnie z wymogami og\u00f3lnego rozporz\u0105dzenia o ochronie danych (RODO) oraz powi\u0105zanych przepis\u00f3w ustawowych i wykonawczych.<\/p>\n<p>To, jakie dane osobowe przetwarzamy, zale\u017cy od konkretnej us\u0142ugi i okoliczno\u015bci. Zazwyczaj obejmuje to nast\u0119puj\u0105ce dane:<\/p>\n<ul>\n<li>Nazwa i dane adresowe;<\/li>\n<li>Dane kontaktowe (adresy e-mail, numery telefon\u00f3w)<\/li>\n<li>Dane dotycz\u0105ce aktywno\u015bci u\u017cytkownika na naszej stronie internetowej, adres IP, przegl\u0105darka internetowa i typ urz\u0105dzenia.<\/li>\n<\/ul>\n<p>&nbsp;<\/p>\n<p><strong>Cele i podstawy przetwarzania<\/strong><\/p>\n<p>W niekt\u00f3rych przypadkach przetwarzamy dane osobowe w celu wype\u0142nienia obowi\u0105zku prawnego, ale w wi\u0119kszo\u015bci przypadk\u00f3w robimy to, aby m\u00f3c \u015bwiadczy\u0107 nasze us\u0142ugi. Niekt\u00f3re dane s\u0105 rejestrowane ze wzgl\u0119d\u00f3w praktycznych lub wydajno\u015bciowych, kt\u00f3re (mo\u017cemy) za\u0142o\u017cy\u0107, \u017ce le\u017c\u0105 r\u00f3wnie\u017c w interesie u\u017cytkownika, np:<\/p>\n<ul>\n<li>Komunikacja i informacja;<\/li>\n<li>\u015awiadczenie naszych us\u0142ug w mo\u017cliwie najbardziej efektywny spos\u00f3b;<\/li>\n<li>Ulepszanie naszych us\u0142ug;<\/li>\n<\/ul>\n<p>W szczeg\u00f3lno\u015bci powy\u017csze oznacza r\u00f3wnie\u017c, \u017ce mo\u017cemy wykorzystywa\u0107 dane osobowe u\u017cytkownika do cel\u00f3w marketingowych lub do wysy\u0142ania mu materia\u0142\u00f3w promocyjnych lub powiadomie\u0144 o naszych us\u0142ugach, je\u015bli uwa\u017camy, \u017ce mog\u0105 one by\u0107 dla niego interesuj\u0105ce. Mo\u017cemy r\u00f3wnie\u017c skontaktowa\u0107 si\u0119 z u\u017cytkownikiem w celu uzyskania opinii na temat \u015bwiadczonych przez nas us\u0142ug lub w celu przeprowadzenia bada\u0144 rynkowych lub innych.<\/p>\n<p>W stosownych przypadkach mo\u017cemy chcie\u0107 przetwarza\u0107 dane osobowe z powod\u00f3w innych ni\u017c okre\u015blone powy\u017cej i w tym celu zwr\u00f3cimy si\u0119 o wyra\u017an\u0105 zgod\u0119 u\u017cytkownika. Je\u015bli kiedykolwiek b\u0119dziemy chcieli przetwarza\u0107 dane osobowe, kt\u00f3re mo\u017cemy przetwarza\u0107 na podstawie zgody u\u017cytkownika, do innych lub wi\u0119cej cel\u00f3w, najpierw ponownie poprosimy u\u017cytkownika o zgod\u0119.<\/p>\n<p>Wreszcie, mo\u017cemy r\u00f3wnie\u017c wykorzystywa\u0107 dane osobowe u\u017cytkownika w celu ochrony praw lub w\u0142asno\u015bci naszej i naszych u\u017cytkownik\u00f3w oraz, w razie potrzeby, w celu zastosowania si\u0119 do post\u0119powania s\u0105dowego.<\/p>\n<p>&nbsp;<\/p>\n<p><strong>Ujawnianie informacji stronom trzecim<\/strong><\/p>\n<p>W ramach naszych us\u0142ug mo\u017cemy korzysta\u0107 z us\u0142ug stron trzecich, na przyk\u0142ad je\u015bli te strony trzecie posiadaj\u0105 specjalistyczn\u0105 wiedz\u0119 lub zasoby, kt\u00f3rych nie posiadamy we w\u0142asnym zakresie. Mog\u0105 to by\u0107 tak zwane podmioty przetwarzaj\u0105ce lub podprzetwarzaj\u0105ce, kt\u00f3re b\u0119d\u0105 przetwarza\u0107 dane osobowe na podstawie dok\u0142adnych instrukcji u\u017cytkownika. Inne osoby trzecie, kt\u00f3re, cho\u0107 nie s\u0105 \u015bci\u015ble rzecz bior\u0105c podmiotami przetwarzaj\u0105cymi dane osobowe, maj\u0105 lub mog\u0105 mie\u0107 do nich dost\u0119p, to na przyk\u0142ad nasi administratorzy systemu, dostawcy lub hostingodawcy oprogramowania online lub konsultanci, kt\u00f3rych porady szukamy w zwi\u0105zku z zam\u00f3wieniem u\u017cytkownika. Je\u015bli zaanga\u017cowanie stron trzecich spowoduje, \u017ce b\u0119d\u0105 one mia\u0142y dost\u0119p do danych osobowych lub \u017ce same b\u0119d\u0105 je rejestrowa\u0107 i\/lub w inny spos\u00f3b przetwarza\u0107, uzgodnimy (na pi\u015bmie) z tymi stronami trzecimi, \u017ce b\u0119d\u0105 przestrzega\u0107 wszystkich obowi\u0105zk\u00f3w AVG. Oczywi\u015bcie b\u0119dziemy anga\u017cowa\u0107 wy\u0142\u0105cznie strony trzecie, co do kt\u00f3rych mo\u017cemy i mo\u017cemy za\u0142o\u017cy\u0107, \u017ce s\u0105 wiarygodnymi stronami, kt\u00f3re odpowiednio obchodz\u0105 si\u0119 z danymi osobowymi i w zwi\u0105zku z tym mog\u0105 i b\u0119d\u0105 przestrzega\u0107 AVG. Oznacza to mi\u0119dzy innymi, \u017ce te osoby trzecie mog\u0105 przetwarza\u0107 dane osobowe u\u017cytkownika wy\u0142\u0105cznie w wy\u017cej wymienionych celach.<\/p>\n<p>Oczywi\u015bcie mo\u017cemy r\u00f3wnie\u017c by\u0107 zmuszeni do przekazania danych osobowych u\u017cytkownika stronom trzecim w zwi\u0105zku z obowi\u0105zkiem prawnym.<\/p>\n<p>W \u017cadnym wypadku nie udost\u0119pnimy danych osobowych u\u017cytkownika stronom trzecim w celach komercyjnych lub charytatywnych bez jego wyra\u017anej zgody.<\/p>\n<p>&nbsp;<\/p>\n<p><strong>Okresy przechowywania<\/strong><\/p>\n<p>Nie b\u0119dziemy przetwarza\u0107 danych osobowych u\u017cytkownika d\u0142u\u017cej, ni\u017c jest to konieczne do realizacji celu, dla kt\u00f3rego zosta\u0142y one przekazane (zob. sekcja<strong><em>\"Cele i podstawy przetwarzania<\/em>)<\/strong>. Oznacza to, \u017ce dane osobowe u\u017cytkownika s\u0105 przechowywane tak d\u0142ugo, jak jest to konieczne do osi\u0105gni\u0119cia odpowiednich cel\u00f3w. Niekt\u00f3re dane musz\u0105 by\u0107 przechowywane d\u0142u\u017cej (zwykle 7 lat), poniewa\u017c musimy przestrzega\u0107 prawnych obowi\u0105zk\u00f3w przechowywania (np. obowi\u0105zk\u00f3w podatkowych) lub w zwi\u0105zku z przepisami naszego stowarzyszenia zawodowego.<\/p>\n<p>&nbsp;<\/p>\n<p><strong>Bezpiecze\u0144stwo<\/strong><\/p>\n<p>Podj\u0119li\u015bmy odpowiednie \u015brodki organizacyjne i techniczne w celu ochrony danych osobowych w zakresie, w jakim mo\u017cna tego od nas rozs\u0105dnie wymaga\u0107, bior\u0105c pod uwag\u0119 interes, kt\u00f3ry ma by\u0107 chroniony, stan wiedzy i koszty odpowiednich \u015brodk\u00f3w bezpiecze\u0144stwa.<\/p>\n<p>Wymagamy od naszych pracownik\u00f3w i wszelkich stron trzecich, kt\u00f3re maj\u0105 dost\u0119p do danych osobowych, zachowania poufno\u015bci. Ponadto zapewniamy, \u017ce nasi pracownicy otrzymali prawid\u0142owe i kompletne instrukcje dotycz\u0105ce post\u0119powania z danymi osobowymi oraz \u017ce s\u0105 wystarczaj\u0105co zaznajomieni z obowi\u0105zkami i zobowi\u0105zaniami AVG. Je\u015bli chcesz, ch\u0119tnie poinformujemy Ci\u0119 o tym, jak zaprojektowali\u015bmy ochron\u0119 danych osobowych.<\/p>\n<p>&nbsp;<\/p>\n<p><strong>Twoje prawa<\/strong><\/p>\n<p>U\u017cytkownik ma prawo do dost\u0119pu, sprostowania lub usuni\u0119cia danych osobowych, kt\u00f3re przechowujemy na jego temat (oczywi\u015bcie z wyj\u0105tkiem sytuacji, gdy koliduje to z jakimikolwiek zobowi\u0105zaniami prawnymi). Ponadto u\u017cytkownik mo\u017ce sprzeciwi\u0107 si\u0119 przetwarzaniu jego danych osobowych (lub ich cz\u0119\u015bci) przez nas lub przez jeden z naszych podmiot\u00f3w przetwarzaj\u0105cych. U\u017cytkownik ma r\u00f3wnie\u017c prawo do tego, aby\u015bmy przekazali dostarczone przez niego dane jemu samemu lub bezpo\u015brednio innemu podmiotowi, je\u015bli sobie tego \u017cyczy.<\/p>\n<p>&nbsp;<\/p>\n<p><strong>Incydenty zwi\u0105zane z danymi osobowymi<\/strong><\/p>\n<p>Je\u015bli dojdzie do incydentu (tzw. naruszenia ochrony danych) dotycz\u0105cego danych osobowych, o kt\u00f3rych mowa, niezw\u0142ocznie powiadomimy u\u017cytkownika, chyba \u017ce istniej\u0105 wa\u017cne powody, je\u015bli istnieje konkretne ryzyko negatywnych konsekwencji dla jego prywatno\u015bci i jej realizacji. D\u0105\u017cymy do tego, aby zrobi\u0107 to w ci\u0105gu 48 godzin od wykrycia naruszenia danych lub otrzymania informacji o nim od naszych (pod)podmiot\u00f3w przetwarzaj\u0105cych.<\/p>\n<p>&nbsp;<\/p>\n<p><strong>Skargi<\/strong><\/p>\n<p>W przypadku skargi dotycz\u0105cej przetwarzania danych osobowych, prosimy o skontaktowanie si\u0119 z nami w tej sprawie. Je\u015bli nie przyniesie to zadowalaj\u0105cego rezultatu, u\u017cytkownik zawsze ma prawo z\u0142o\u017cy\u0107 skarg\u0119 do Urz\u0119du Ochrony Danych Osobowych; organu nadzorczego w dziedzinie prywatno\u015bci.<\/p>\n<p>&nbsp;<\/p>\n<p><strong>Przetwarzanie w ramach EOG<\/strong><\/p>\n<p>B\u0119dziemy przetwarza\u0107 dane osobowe wy\u0142\u0105cznie na terenie Europejskiego Obszaru Gospodarczego, chyba \u017ce u\u017cytkownik uzgodni z nami inne pisemne ustalenia w tym zakresie. Wyj\u0105tkiem s\u0105 sytuacje, w kt\u00f3rych chcemy mapowa\u0107 momenty kontaktu za po\u015brednictwem naszej strony internetowej i\/lub stron medi\u00f3w spo\u0142eczno\u015bciowych (takich jak Facebook i LinkedIn). Dotyczy to na przyk\u0142ad liczby odwiedzaj\u0105cych i \u017c\u0105danych stron internetowych. Dane u\u017cytkownika s\u0105 przechowywane przez strony trzecie spoza UE podczas korzystania z Google Analytics, LinkedIn lub Facebooka. Strony te posiadaj\u0105 certyfikat \"Tarczy Prywatno\u015bci UE-USA\", wi\u0119c musz\u0105 przestrzega\u0107 europejskich przepis\u00f3w dotycz\u0105cych prywatno\u015bci. Nawiasem m\u00f3wi\u0105c, dotyczy to tylko ograniczonej ilo\u015bci wra\u017cliwych danych osobowych, w szczeg\u00f3lno\u015bci adresu IP u\u017cytkownika.<\/p>\n<p>&nbsp;<\/p>\n<p><strong>Zmiany<\/strong><\/p>\n<p>Niew\u0105tpliwie nasza polityka prywatno\u015bci b\u0119dzie si\u0119 od czasu do czasu zmienia\u0107. Najnowsza wersja polityki prywatno\u015bci jest logicznie obowi\u0105zuj\u0105c\u0105 wersj\u0105 i mo\u017cna j\u0105 znale\u017a\u0107 na naszej stronie internetowej.<\/p>\n<p>&nbsp;<\/p>\n<p><strong>Podsumowuj\u0105c<\/strong><\/p>\n<p>Mamy nadziej\u0119, \u017ce niniejsze o\u015bwiadczenie o ochronie prywatno\u015bci daje jasny obraz naszej polityki prywatno\u015bci. Je\u015bli jednak masz jakiekolwiek pytania dotycz\u0105ce sposobu, w jaki obchodzimy si\u0119 z danymi osobowymi, ch\u0119tnie na nie odpowiemy. Pierwszym punktem kontaktowym w sprawach dotycz\u0105cych prywatno\u015bci w naszej organizacji jest <em>Nie Smelt, noes@leinster.nl<\/em><\/p>\n<p>***<\/p>\n<p>&nbsp;<\/p>","protected":false},"excerpt":{"rendered":"<p>\u00a0Privacy Leinster Property Services (26-06-2023) &nbsp; Inleiding In het kader<\/p>","protected":false},"author":7,"featured_media":0,"parent":0,"menu_order":0,"comment_status":"closed","ping_status":"closed","template":"sub-privacy.php","meta":{"_acf_changed":false,"om_disable_all_campaigns":false,"_uf_show_specific_survey":0,"_uf_disable_surveys":false,"footnotes":""},"class_list":["post-265","page","type-page","status-publish","hentry"],"acf":[],"aioseo_notices":[],"yoast_head":"<!-- This site is optimized with the Yoast SEO plugin v26.8 - https:\/\/yoast.com\/product\/yoast-seo-wordpress\/ -->\n<title>Privacy statement - Leinster<\/title>\n<meta name=\"robots\" content=\"index, follow, max-snippet:-1, max-image-preview:large, max-video-preview:-1\" \/>\n<link rel=\"canonical\" href=\"https:\/\/www.leinster.nl\/pl\/privacy-statement\/\" \/>\n<meta property=\"og:locale\" content=\"pl_PL\" \/>\n<meta property=\"og:type\" content=\"article\" \/>\n<meta property=\"og:title\" content=\"Privacy statement - Leinster\" \/>\n<meta property=\"og:description\" content=\"\u00a0Privacy Leinster Property Services (26-06-2023) &nbsp; Inleiding In het kader\" \/>\n<meta property=\"og:url\" content=\"https:\/\/www.leinster.nl\/pl\/privacy-statement\/\" \/>\n<meta property=\"og:site_name\" content=\"Leinster\" \/>\n<meta property=\"article:modified_time\" content=\"2023-11-20T15:32:40+00:00\" \/>\n<meta name=\"twitter:card\" content=\"summary_large_image\" \/>\n<meta name=\"twitter:label1\" content=\"Szacowany czas czytania\" \/>\n\t<meta name=\"twitter:data1\" content=\"6 minut\" \/>\n<script type=\"application\/ld+json\" class=\"yoast-schema-graph\">{\"@context\":\"https:\/\/schema.org\",\"@graph\":[{\"@type\":\"WebPage\",\"@id\":\"https:\/\/www.leinster.nl\/privacy-statement\/\",\"url\":\"https:\/\/www.leinster.nl\/privacy-statement\/\",\"name\":\"Privacy statement - Leinster\",\"isPartOf\":{\"@id\":\"https:\/\/www.leinster.nl\/#website\"},\"datePublished\":\"2023-11-20T13:52:09+00:00\",\"dateModified\":\"2023-11-20T15:32:40+00:00\",\"breadcrumb\":{\"@id\":\"https:\/\/www.leinster.nl\/privacy-statement\/#breadcrumb\"},\"inLanguage\":\"pl-PL\",\"potentialAction\":[{\"@type\":\"ReadAction\",\"target\":[\"https:\/\/www.leinster.nl\/privacy-statement\/\"]}]},{\"@type\":\"BreadcrumbList\",\"@id\":\"https:\/\/www.leinster.nl\/privacy-statement\/#breadcrumb\",\"itemListElement\":[{\"@type\":\"ListItem\",\"position\":1,\"name\":\"Home\",\"item\":\"https:\/\/www.leinster.nl\/\"},{\"@type\":\"ListItem\",\"position\":2,\"name\":\"Privacy statement\"}]},{\"@type\":\"WebSite\",\"@id\":\"https:\/\/www.leinster.nl\/#website\",\"url\":\"https:\/\/www.leinster.nl\/\",\"name\":\"Leinster\",\"description\":\"Vastgoedonderhoud &amp; Service in de breedste zin van het woord\",\"potentialAction\":[{\"@type\":\"SearchAction\",\"target\":{\"@type\":\"EntryPoint\",\"urlTemplate\":\"https:\/\/www.leinster.nl\/?s={search_term_string}\"},\"query-input\":{\"@type\":\"PropertyValueSpecification\",\"valueRequired\":true,\"valueName\":\"search_term_string\"}}],\"inLanguage\":\"pl-PL\"}]}<\/script>\n<!-- \/ Yoast SEO plugin. -->","yoast_head_json":{"title":"Privacy statement - Leinster","robots":{"index":"index","follow":"follow","max-snippet":"max-snippet:-1","max-image-preview":"max-image-preview:large","max-video-preview":"max-video-preview:-1"},"canonical":"https:\/\/www.leinster.nl\/pl\/privacy-statement\/","og_locale":"pl_PL","og_type":"article","og_title":"Privacy statement - Leinster","og_description":"\u00a0Privacy Leinster Property Services (26-06-2023) &nbsp; Inleiding In het kader","og_url":"https:\/\/www.leinster.nl\/pl\/privacy-statement\/","og_site_name":"Leinster","article_modified_time":"2023-11-20T15:32:40+00:00","twitter_card":"summary_large_image","twitter_misc":{"Szacowany czas czytania":"6 minut"},"schema":{"@context":"https:\/\/schema.org","@graph":[{"@type":"WebPage","@id":"https:\/\/www.leinster.nl\/privacy-statement\/","url":"https:\/\/www.leinster.nl\/privacy-statement\/","name":"Privacy statement - Leinster","isPartOf":{"@id":"https:\/\/www.leinster.nl\/#website"},"datePublished":"2023-11-20T13:52:09+00:00","dateModified":"2023-11-20T15:32:40+00:00","breadcrumb":{"@id":"https:\/\/www.leinster.nl\/privacy-statement\/#breadcrumb"},"inLanguage":"pl-PL","potentialAction":[{"@type":"ReadAction","target":["https:\/\/www.leinster.nl\/privacy-statement\/"]}]},{"@type":"BreadcrumbList","@id":"https:\/\/www.leinster.nl\/privacy-statement\/#breadcrumb","itemListElement":[{"@type":"ListItem","position":1,"name":"Home","item":"https:\/\/www.leinster.nl\/"},{"@type":"ListItem","position":2,"name":"Privacy statement"}]},{"@type":"WebSite","@id":"https:\/\/www.leinster.nl\/#website","url":"https:\/\/www.leinster.nl\/","name":"Leinster","description":"Konserwacja i serwis nieruchomo\u015bci w najszerszym tego s\u0142owa znaczeniu","potentialAction":[{"@type":"SearchAction","target":{"@type":"EntryPoint","urlTemplate":"https:\/\/www.leinster.nl\/?s={search_term_string}"},"query-input":{"@type":"PropertyValueSpecification","valueRequired":true,"valueName":"search_term_string"}}],"inLanguage":"pl-PL"}]}},"_links":{"self":[{"href":"https:\/\/www.leinster.nl\/pl\/wp-json\/wp\/v2\/pages\/265","targetHints":{"allow":["GET"]}}],"collection":[{"href":"https:\/\/www.leinster.nl\/pl\/wp-json\/wp\/v2\/pages"}],"about":[{"href":"https:\/\/www.leinster.nl\/pl\/wp-json\/wp\/v2\/types\/page"}],"author":[{"embeddable":true,"href":"https:\/\/www.leinster.nl\/pl\/wp-json\/wp\/v2\/users\/7"}],"replies":[{"embeddable":true,"href":"https:\/\/www.leinster.nl\/pl\/wp-json\/wp\/v2\/comments?post=265"}],"version-history":[{"count":5,"href":"https:\/\/www.leinster.nl\/pl\/wp-json\/wp\/v2\/pages\/265\/revisions"}],"predecessor-version":[{"id":270,"href":"https:\/\/www.leinster.nl\/pl\/wp-json\/wp\/v2\/pages\/265\/revisions\/270"}],"wp:attachment":[{"href":"https:\/\/www.leinster.nl\/pl\/wp-json\/wp\/v2\/media?parent=265"}],"curies":[{"name":"wp","href":"https:\/\/api.w.org\/{rel}","templated":true}]}}