{"id":265,"date":"2023-11-20T13:52:09","date_gmt":"2023-11-20T13:52:09","guid":{"rendered":"http:\/\/85.10.138.138\/~leinster\/?page_id=265"},"modified":"2023-11-20T15:32:40","modified_gmt":"2023-11-20T15:32:40","slug":"privacy-statement","status":"publish","type":"page","link":"https:\/\/www.leinster.nl\/lt\/privacy-statement\/","title":{"rendered":"Privatumo parei\u0161kimas"},"content":{"rendered":"<h2><strong>\u00a0<\/strong><strong>Privatumas Leinster Property Services<br \/>\n<\/strong>(26-06-2023)<\/h2>\n<p>&nbsp;<\/p>\n<p><strong>\u012evadas<\/strong><\/p>\n<p>Teikdami paslaugas tvarkome asmens duomenis. Galb\u016bt \u0161iuos duomenis gavome i\u0161 j\u016bs\u0173, pavyzd\u017eiui, naudodamiesi savo svetaine, el. pa\u0161tu, telefonu arba program\u0117le. Be to, teikdami paslaugas j\u016bs\u0173 asmens duomenis galime gauti per tre\u010di\u0105sias \u0161alis. \u0160iuo privatumo parei\u0161kimu informuojame, kaip tvarkome \u0161iuos asmens duomenis.<\/p>\n<p>&nbsp;<\/p>\n<p><strong>Asmens duomen\u0173 tvarkymas ir tikslai<\/strong><\/p>\n<p>Jei tvarkome Asmens duomenis, tai atliekame pagal Bendrojo duomen\u0173 apsaugos reglamento (BDAR) ir susijusi\u0173 \u012fstatym\u0173 bei kit\u0173 teis\u0117s akt\u0173 reikalavimus.<\/p>\n<p>Kokius asmens duomenis tvarkome, priklauso nuo konkre\u010dios paslaugos ir aplinkybi\u0173. Paprastai tvarkomi \u0161ie duomenys:<\/p>\n<ul>\n<li>Pavadinimas ir adreso duomenys;<\/li>\n<li>Kontaktiniai duomenys (el. pa\u0161to adresai, telefono numeriai)<\/li>\n<li>Duomenys apie j\u016bs\u0173 veikl\u0105 m\u016bs\u0173 svetain\u0117je, IP adresas, interneto nar\u0161ykl\u0117 ir \u012frenginio tipas.<\/li>\n<\/ul>\n<p>&nbsp;<\/p>\n<p><strong>Duomen\u0173 tvarkymo tikslai ir pagrindai<\/strong><\/p>\n<p>Kai kuriais atvejais asmens duomenis tvarkome siekdami \u012fvykdyti teisin\u0119 prievol\u0119, ta\u010diau da\u017eniausiai tai darome tam, kad gal\u0117tume teikti savo paslaugas. Kai kurie duomenys \u012fra\u0161omi praktiniais ar efektyvumo sumetimais, kurie, kaip mes (galime) manyti, taip pat atitinka j\u016bs\u0173 interesus, pvz:<\/p>\n<ul>\n<li>Bendravimas ir informavimas;<\/li>\n<li>Teikiame paslaugas kuo veiksmingiau;<\/li>\n<li>tobulinti m\u016bs\u0173 paslaugas;<\/li>\n<\/ul>\n<p>Konkre\u010diai tai rei\u0161kia, kad j\u016bs\u0173 asmens duomenis galime naudoti rinkodaros tikslais arba si\u0173sti jums reklamin\u0119 med\u017eiag\u0105 ar prane\u0161imus apie m\u016bs\u0173 paslaugas, jei manome, kad jie gali jus sudominti. Taip pat galime susisiekti su jumis, kad papra\u0161ytume pateikti atsiliepimus apie m\u016bs\u0173 teikiamas paslaugas arba rinkos ar kit\u0173 tyrim\u0173 tikslais.<\/p>\n<p>Tam tikrais atvejais galime nor\u0117ti tvarkyti asmens duomenis d\u0117l kit\u0173 nei pirmiau nurodyt\u0173 prie\u017eas\u010di\u0173 ir tam pra\u0161ysime j\u016bs\u0173 ai\u0161kaus sutikimo. Jei kada nors nor\u0117sime tvarkyti asmens duomenis, kuriuos mums leid\u017eiama tvarkyti remiantis j\u016bs\u0173 sutikimu, kitais ar daugiau tiksl\u0173, pirmiausia dar kart\u0105 papra\u0161ysime j\u016bs\u0173 sutikimo.<\/p>\n<p>Galiausiai, j\u016bs\u0173 asmens duomenis galime naudoti ir siekdami apsaugoti savo ir naudotoj\u0173 teises ar nuosavyb\u0119 ir, jei reikia, vykdyti teisminius procesus.<\/p>\n<p>&nbsp;<\/p>\n<p><strong>Informacijos atskleidimas tre\u010diosioms \u0161alims<\/strong><\/p>\n<p>Teikdami paslaugas galime naudotis tre\u010di\u0173j\u0173 \u0161ali\u0173 paslaugomis, pavyzd\u017eiui, jei \u0161ios tre\u010diosios \u0161alys turi speciali\u0173 \u017eini\u0173 ar i\u0161tekli\u0173, kuri\u0173 mes neturime. Tai gali b\u016bti vadinamieji duomen\u0173 tvarkytojai arba antriniai duomen\u0173 tvarkytojai, kurie tvarkys asmens duomenis pagal tikslius j\u016bs\u0173 nurodymus. Kitos tre\u010diosios \u0161alys, kurios, nors ir n\u0117ra asmens duomen\u0173 tvarkytojos, ta\u010diau turi arba gali tur\u0117ti prieig\u0105 prie asmens duomen\u0173, yra, pavyzd\u017eiui, m\u016bs\u0173 sistemos administratorius, internetin\u0117s programin\u0117s \u012frangos tiek\u0117jai ar prieglobos \u0161alys arba konsultantai, kuri\u0173 patarimo pra\u0161ome d\u0117l j\u016bs\u0173 u\u017esakymo. Jei pasitelkus tre\u010di\u0105sias \u0161alis joms suteikiama prieiga prie asmens duomen\u0173 arba jie patys juos \u012fra\u0161o ir (arba) kitaip tvarko, su tomis tre\u010diosiomis \u0161alimis susitarsime (ra\u0161tu), kad jos laikysis vis\u0173 AVG \u012fsipareigojim\u0173. \u017dinoma, pasitelksime tik tas tre\u010di\u0105sias \u0161alis, kurias galime ir galime laikyti patikimomis \u0161alimis, kurios tinkamai tvarko asmens duomenis ir d\u0117l to gali ir laikysis AVG. Tai, be kita ko, rei\u0161kia, kad \u0161ios tre\u010diosios \u0161alys gali tvarkyti j\u016bs\u0173 asmens duomenis tik pirmiau min\u0117tais tikslais.<\/p>\n<p>\u017dinoma, mums taip pat gali prireikti pateikti j\u016bs\u0173 asmens duomenis tre\u010diosioms \u0161alims d\u0117l teisinio \u012fsipareigojimo.<\/p>\n<p>Be j\u016bs\u0173 ai\u0161kaus sutikimo jokiomis aplinkyb\u0117mis neteiksime j\u016bs\u0173 asmens duomen\u0173 tre\u010diosioms \u0161alims komerciniais ar labdaros tikslais.<\/p>\n<p>&nbsp;<\/p>\n<p><strong>Saugojimo laikotarpiai<\/strong><\/p>\n<p>J\u016bs\u0173 asmens duomen\u0173 netvarkysime ilgiau, nei tai yra naudinga tikslui, kuriam jie buvo pateikti (\u017er. skyri\u0173<strong><em>\"Duomen\u0173 tvarkymo tikslai ir pagrindai<\/em>)<\/strong>. Tai rei\u0161kia, kad j\u016bs\u0173 asmens duomenys saugomi tiek, kiek j\u0173 reikia atitinkamiems tikslams pasiekti. Tam tikri duomenys turi b\u016bti saugomi ilgiau (paprastai 7 metus), nes turime laikytis teisini\u0173 saugojimo \u012fsipareigojim\u0173 (pvz., mokes\u010di\u0173 saugojimo \u012fsipareigojim\u0173) arba d\u0117l m\u016bs\u0173 profesin\u0117s asociacijos taisykli\u0173.<\/p>\n<p>&nbsp;<\/p>\n<p><strong>Apsauga<\/strong><\/p>\n<p>Mes \u0117m\u0117m\u0117s tinkam\u0173 organizacini\u0173 ir technini\u0173 asmens duomen\u0173 apsaugos priemoni\u0173, kiek to i\u0161 m\u016bs\u0173 galima pagr\u012fstai reikalauti, atsi\u017evelgdami \u012f saugotinus interesus, naujausias technologijas ir atitinkam\u0173 saugumo priemoni\u0173 s\u0105naudas.<\/p>\n<p>Reikalaujame, kad m\u016bs\u0173 darbuotojai ir visos tre\u010diosios \u0161alys, kurios b\u016btinai turi prieig\u0105 prie asmens duomen\u0173, laikyt\u0173si konfidencialumo. Be to, u\u017etikriname, kad kitais atvejais m\u016bs\u0173 darbuotojai b\u016bt\u0173 gav\u0119 teisingus ir i\u0161samius nurodymus, kaip elgtis su asmens duomenimis, ir kad jie b\u016bt\u0173 pakankamai susipa\u017ein\u0119 su AVG atsakomybe ir \u012fsipareigojimais. Jei pageidautum\u0117te, mielai informuotume jus pla\u010diau apie tai, kaip esame suprojektav\u0119 asmens duomen\u0173 apsaug\u0105.<\/p>\n<p>&nbsp;<\/p>\n<p><strong>J\u016bs\u0173 teis\u0117s<\/strong><\/p>\n<p>Turite teis\u0119 susipa\u017einti su m\u016bs\u0173 turimais j\u016bs\u0173 asmens duomenimis, juos i\u0161taisyti arba i\u0161trinti (\u017einoma, i\u0161skyrus atvejus, kai tai prie\u0161tarauja teisin\u0117ms prievol\u0117ms). Be to, galite nesutikti, kad mes arba vienas i\u0161 m\u016bs\u0173 duomen\u0173 tvarkytoj\u0173 tvarkyt\u0173 j\u016bs\u0173 asmens duomenis (ar j\u0173 dal\u012f). Taip pat turite teis\u0119 reikalauti, kad mes perduotume j\u016bs\u0173 pateiktus duomenis jums patiems arba tiesiogiai kitai \u0161aliai, jei to pageidaujate.<\/p>\n<p>&nbsp;<\/p>\n<p><strong>Asmens duomen\u0173 incidentai<\/strong><\/p>\n<p>Jei \u012fvyksta incidentas (vadinamasis duomen\u0173 saugumo pa\u017eeidimas), susij\u0119s su atitinkamais asmens duomenimis, mes nedelsdami jus informuosime, nebent yra \u012ftikinam\u0173 prie\u017eas\u010di\u0173, jei kyla konkreti neigiam\u0173 pasekmi\u0173 j\u016bs\u0173 privatumui ir j\u0173 \u012fgyvendinimo rizika. Siekiame tai padaryti per 48 valandas nuo tada, kai nustatome \u0161\u012f duomen\u0173 pa\u017eeidim\u0105 arba kai apie j\u012f informuoja m\u016bs\u0173 (sub)duomen\u0173 tvarkytojai.<\/p>\n<p>&nbsp;<\/p>\n<p><strong>Skundai<\/strong><\/p>\n<p>Jei turite nusiskundim\u0173 d\u0117l savo asmens duomen\u0173 tvarkymo, pra\u0161ome d\u0117l to susisiekti su mumis. Jei tai nepad\u0117t\u0173 pasiekti patenkinamo rezultato, visada turite teis\u0119 pateikti skund\u0105 Asmens duomen\u0173 institucijai, kuri yra privatumo srities prie\u017ei\u016bros institucija.<\/p>\n<p>&nbsp;<\/p>\n<p><strong>Apdorojimas EEE<\/strong><\/p>\n<p>Asmens duomenis tvarkysime tik Europos ekonomin\u0117je erdv\u0117je, nebent su mumis ra\u0161tu susitarsite d\u0117l kit\u0173 susitarim\u0173. I\u0161imtis - situacijos, kai norime atvaizduoti kontakt\u0173 momentus per m\u016bs\u0173 svetain\u0119 ir (arba) socialin\u0117s \u017einiasklaidos puslapius (pvz., \"Facebook\" ir \"LinkedIn\"). Pagalvokite, pavyzd\u017eiui, apie lankytoj\u0173 skai\u010di\u0173 ir pra\u0161omus tinklalapius. Naudojant \"Google Analytics\", \"LinkedIn\" arba \"Facebook\", j\u016bs\u0173 duomenis saugo tre\u010diosios \u0161alys u\u017e ES rib\u0173. \u0160ios \u0161alys yra sertifikuotos pagal \"ES ir JAV privatumo skydo\" program\u0105, tod\u0117l jos turi laikytis Europos privatumo taisykli\u0173. Beje, tai susij\u0119 tik su nedideliu kiekiu neskelbtin\u0173 asmens duomen\u0173, ypa\u010d su j\u016bs\u0173 IP adresu.<\/p>\n<p>&nbsp;<\/p>\n<p><strong>Pakeitimai<\/strong><\/p>\n<p>Be abejo, m\u016bs\u0173 privatumo politika kartkart\u0117mis keisis. Logi\u0161ka, kad taikoma naujausia privatumo politikos versija, kuri\u0105 galima rasti m\u016bs\u0173 svetain\u0117je.<\/p>\n<p>&nbsp;<\/p>\n<p><strong>Apibendrinant<\/strong><\/p>\n<p>Tikim\u0117s, kad \u0161is privatumo parei\u0161kimas leido jums susidaryti ai\u0161k\u0173 vaizd\u0105 apie m\u016bs\u0173 privatumo politik\u0105. Ta\u010diau jei turite klausim\u0173 apie tai, kaip tvarkome asmens duomenis, mielai juos i\u0161klausysime. Pirmasis kontaktinis asmuo, \u012f kur\u012f galima kreiptis privatumo klausimais m\u016bs\u0173 organizacijoje, yra <em>Ne Smelt, noes@leinster.nl<\/em><\/p>\n<p>***<\/p>\n<p>&nbsp;<\/p>","protected":false},"excerpt":{"rendered":"<p>\u00a0Privacy Leinster Property Services (26-06-2023) &nbsp; Inleiding In het kader<\/p>","protected":false},"author":7,"featured_media":0,"parent":0,"menu_order":0,"comment_status":"closed","ping_status":"closed","template":"sub-privacy.php","meta":{"_acf_changed":false,"om_disable_all_campaigns":false,"_uf_show_specific_survey":0,"_uf_disable_surveys":false,"footnotes":""},"class_list":["post-265","page","type-page","status-publish","hentry"],"acf":[],"aioseo_notices":[],"yoast_head":"<!-- This site is optimized with the Yoast SEO plugin v26.8 - https:\/\/yoast.com\/product\/yoast-seo-wordpress\/ -->\n<title>Privacy statement - Leinster<\/title>\n<meta name=\"robots\" content=\"index, follow, max-snippet:-1, max-image-preview:large, max-video-preview:-1\" \/>\n<link rel=\"canonical\" href=\"https:\/\/www.leinster.nl\/lt\/privacy-statement\/\" \/>\n<meta property=\"og:locale\" content=\"lt_LT\" \/>\n<meta property=\"og:type\" content=\"article\" \/>\n<meta property=\"og:title\" content=\"Privacy statement - Leinster\" \/>\n<meta property=\"og:description\" content=\"\u00a0Privacy Leinster Property Services (26-06-2023) &nbsp; Inleiding In het kader\" \/>\n<meta property=\"og:url\" content=\"https:\/\/www.leinster.nl\/lt\/privacy-statement\/\" \/>\n<meta property=\"og:site_name\" content=\"Leinster\" \/>\n<meta property=\"article:modified_time\" content=\"2023-11-20T15:32:40+00:00\" \/>\n<meta name=\"twitter:card\" content=\"summary_large_image\" \/>\n<meta name=\"twitter:label1\" content=\"Est. reading time\" \/>\n\t<meta name=\"twitter:data1\" content=\"6 minut\u0117s\" \/>\n<script type=\"application\/ld+json\" class=\"yoast-schema-graph\">{\"@context\":\"https:\/\/schema.org\",\"@graph\":[{\"@type\":\"WebPage\",\"@id\":\"https:\/\/www.leinster.nl\/privacy-statement\/\",\"url\":\"https:\/\/www.leinster.nl\/privacy-statement\/\",\"name\":\"Privacy statement - Leinster\",\"isPartOf\":{\"@id\":\"https:\/\/www.leinster.nl\/#website\"},\"datePublished\":\"2023-11-20T13:52:09+00:00\",\"dateModified\":\"2023-11-20T15:32:40+00:00\",\"breadcrumb\":{\"@id\":\"https:\/\/www.leinster.nl\/privacy-statement\/#breadcrumb\"},\"inLanguage\":\"lt-LT\",\"potentialAction\":[{\"@type\":\"ReadAction\",\"target\":[\"https:\/\/www.leinster.nl\/privacy-statement\/\"]}]},{\"@type\":\"BreadcrumbList\",\"@id\":\"https:\/\/www.leinster.nl\/privacy-statement\/#breadcrumb\",\"itemListElement\":[{\"@type\":\"ListItem\",\"position\":1,\"name\":\"Home\",\"item\":\"https:\/\/www.leinster.nl\/\"},{\"@type\":\"ListItem\",\"position\":2,\"name\":\"Privacy statement\"}]},{\"@type\":\"WebSite\",\"@id\":\"https:\/\/www.leinster.nl\/#website\",\"url\":\"https:\/\/www.leinster.nl\/\",\"name\":\"Leinster\",\"description\":\"Vastgoedonderhoud &amp; Service in de breedste zin van het woord\",\"potentialAction\":[{\"@type\":\"SearchAction\",\"target\":{\"@type\":\"EntryPoint\",\"urlTemplate\":\"https:\/\/www.leinster.nl\/?s={search_term_string}\"},\"query-input\":{\"@type\":\"PropertyValueSpecification\",\"valueRequired\":true,\"valueName\":\"search_term_string\"}}],\"inLanguage\":\"lt-LT\"}]}<\/script>\n<!-- \/ Yoast SEO plugin. -->","yoast_head_json":{"title":"Privacy statement - Leinster","robots":{"index":"index","follow":"follow","max-snippet":"max-snippet:-1","max-image-preview":"max-image-preview:large","max-video-preview":"max-video-preview:-1"},"canonical":"https:\/\/www.leinster.nl\/lt\/privacy-statement\/","og_locale":"lt_LT","og_type":"article","og_title":"Privacy statement - Leinster","og_description":"\u00a0Privacy Leinster Property Services (26-06-2023) &nbsp; Inleiding In het kader","og_url":"https:\/\/www.leinster.nl\/lt\/privacy-statement\/","og_site_name":"Leinster","article_modified_time":"2023-11-20T15:32:40+00:00","twitter_card":"summary_large_image","twitter_misc":{"Est. reading time":"6 minut\u0117s"},"schema":{"@context":"https:\/\/schema.org","@graph":[{"@type":"WebPage","@id":"https:\/\/www.leinster.nl\/privacy-statement\/","url":"https:\/\/www.leinster.nl\/privacy-statement\/","name":"Privacy statement - Leinster","isPartOf":{"@id":"https:\/\/www.leinster.nl\/#website"},"datePublished":"2023-11-20T13:52:09+00:00","dateModified":"2023-11-20T15:32:40+00:00","breadcrumb":{"@id":"https:\/\/www.leinster.nl\/privacy-statement\/#breadcrumb"},"inLanguage":"lt-LT","potentialAction":[{"@type":"ReadAction","target":["https:\/\/www.leinster.nl\/privacy-statement\/"]}]},{"@type":"BreadcrumbList","@id":"https:\/\/www.leinster.nl\/privacy-statement\/#breadcrumb","itemListElement":[{"@type":"ListItem","position":1,"name":"Home","item":"https:\/\/www.leinster.nl\/"},{"@type":"ListItem","position":2,"name":"Privacy statement"}]},{"@type":"WebSite","@id":"https:\/\/www.leinster.nl\/#website","url":"https:\/\/www.leinster.nl\/","name":"Leinster","description":"Vastgoedonderhoud &amp; Service in de breedste zin van het woord","potentialAction":[{"@type":"SearchAction","target":{"@type":"EntryPoint","urlTemplate":"https:\/\/www.leinster.nl\/?s={search_term_string}"},"query-input":{"@type":"PropertyValueSpecification","valueRequired":true,"valueName":"search_term_string"}}],"inLanguage":"lt-LT"}]}},"_links":{"self":[{"href":"https:\/\/www.leinster.nl\/lt\/wp-json\/wp\/v2\/pages\/265","targetHints":{"allow":["GET"]}}],"collection":[{"href":"https:\/\/www.leinster.nl\/lt\/wp-json\/wp\/v2\/pages"}],"about":[{"href":"https:\/\/www.leinster.nl\/lt\/wp-json\/wp\/v2\/types\/page"}],"author":[{"embeddable":true,"href":"https:\/\/www.leinster.nl\/lt\/wp-json\/wp\/v2\/users\/7"}],"replies":[{"embeddable":true,"href":"https:\/\/www.leinster.nl\/lt\/wp-json\/wp\/v2\/comments?post=265"}],"version-history":[{"count":5,"href":"https:\/\/www.leinster.nl\/lt\/wp-json\/wp\/v2\/pages\/265\/revisions"}],"predecessor-version":[{"id":270,"href":"https:\/\/www.leinster.nl\/lt\/wp-json\/wp\/v2\/pages\/265\/revisions\/270"}],"wp:attachment":[{"href":"https:\/\/www.leinster.nl\/lt\/wp-json\/wp\/v2\/media?parent=265"}],"curies":[{"name":"wp","href":"https:\/\/api.w.org\/{rel}","templated":true}]}}