{"id":265,"date":"2023-11-20T13:52:09","date_gmt":"2023-11-20T13:52:09","guid":{"rendered":"http:\/\/85.10.138.138\/~leinster\/?page_id=265"},"modified":"2023-11-20T15:32:40","modified_gmt":"2023-11-20T15:32:40","slug":"privacy-statement","status":"publish","type":"page","link":"https:\/\/www.leinster.nl\/it\/privacy-statement\/","title":{"rendered":"Informativa sulla privacy"},"content":{"rendered":"<h2><strong>\u00a0<\/strong><strong>Privacy Leinster Property Services<br \/>\n<\/strong>(26-06-2023)<\/h2>\n<p>&nbsp;<\/p>\n<p><strong>Introduzione<\/strong><\/p>\n<p>Nell'ambito dei nostri servizi, trattiamo dati personali. Potremmo aver ricevuto questi dati da voi, ad esempio attraverso il nostro sito web, l'e-mail, il telefono o l'app. Inoltre, potremmo ottenere i vostri dati personali nell'ambito dei nostri servizi attraverso terzi. Con la presente informativa sulla privacy, vi informiamo su come trattiamo questi dati personali.<\/p>\n<p>&nbsp;<\/p>\n<p><strong>Trattamento dei dati personali e finalit\u00e0<\/strong><\/p>\n<p>Se trattiamo i Dati personali, ci\u00f2 avviene in conformit\u00e0 ai requisiti del Regolamento generale sulla protezione dei dati (GDPR) e alle relative leggi e regolamenti.<\/p>\n<p>I dati personali che trattiamo dipendono dal servizio e dalle circostanze specifiche. In genere si tratta dei seguenti dati:<\/p>\n<ul>\n<li>Nome e indirizzo;<\/li>\n<li>Dati di contatto (indirizzi e-mail, numeri di telefono)<\/li>\n<li>Dati sulle vostre attivit\u00e0 sul nostro sito web, indirizzo IP, browser internet e tipo di dispositivo.<\/li>\n<\/ul>\n<p>&nbsp;<\/p>\n<p><strong>Finalit\u00e0 e basi del trattamento<\/strong><\/p>\n<p>In alcuni casi, trattiamo i dati personali per adempiere a un obbligo di legge, ma per lo pi\u00f9 lo facciamo per poter svolgere i nostri servizi. Alcuni dati vengono registrati per motivi pratici o di efficienza, che (possiamo) ritenere siano anche nel vostro interesse, come ad esempio:<\/p>\n<ul>\n<li>Comunicazione e informazione;<\/li>\n<li>Fornire i nostri servizi nel modo pi\u00f9 efficiente possibile;<\/li>\n<li>Migliorare i nostri servizi;<\/li>\n<\/ul>\n<p>In particolare, quanto sopra significa anche che potremmo utilizzare i vostri dati personali per scopi di marketing o per inviarvi materiale promozionale o avvisi sui nostri servizi, se riteniamo che questi possano essere di vostro interesse. Potremmo anche contattarvi per chiedervi un feedback sui servizi da noi forniti o per ricerche di mercato o di altro tipo.<\/p>\n<p>In casi appropriati, potremmo voler trattare i dati personali per motivi diversi da quelli sopra indicati e chiederemo il vostro esplicito consenso a farlo. Qualora volessimo trattare i dati personali che siamo autorizzati a trattare sulla base del vostro consenso per scopi diversi o pi\u00f9 numerosi, vi chiederemo prima il vostro consenso.<\/p>\n<p>Infine, possiamo utilizzare i vostri dati personali per proteggere i nostri diritti o la propriet\u00e0 dei nostri utenti e, se necessario, per ottemperare a procedimenti legali.<\/p>\n<p>&nbsp;<\/p>\n<p><strong>Divulgazione a terzi<\/strong><\/p>\n<p>Nell'ambito dei nostri servizi, possiamo avvalerci dei servizi di terzi, ad esempio se questi terzi dispongono di conoscenze specialistiche o di risorse che non abbiamo internamente. Questi possono essere i cosiddetti elaboratori o sub-elaboratori, che tratteranno i dati personali sulla base delle vostre precise istruzioni. Altri soggetti terzi che, pur non essendo in senso stretto elaboratori dei dati personali, hanno o possono avere accesso ad essi, sono, ad esempio, il nostro amministratore di sistema, i fornitori o gli hosting di software online, o i consulenti di cui chiediamo il parere in merito al vostro ordine. Se il coinvolgimento di terzi comporta l'accesso ai dati personali o che essi stessi registrano e\/o elaborano in altro modo, concorderemo (per iscritto) con tali terzi il rispetto di tutti gli obblighi della AVG. Naturalmente, ci rivolgeremo solo a terzi che possiamo ritenere affidabili e che gestiscono i dati personali in modo adeguato e che sono in grado di rispettare la AVG. Ci\u00f2 significa, tra l'altro, che questi terzi possono trattare i vostri dati personali solo per gli scopi sopra indicati.<\/p>\n<p>Naturalmente, potremmo anche dover fornire i vostri dati personali a terzi in relazione a un obbligo legale.<\/p>\n<p>In nessun caso forniremo i vostri dati personali a terzi per scopi commerciali o di beneficenza senza il vostro esplicito consenso.<\/p>\n<p>&nbsp;<\/p>\n<p><strong>Periodi di conservazione<\/strong><\/p>\n<p>Non tratteremo i vostri dati personali pi\u00f9 a lungo di quanto sia utile per lo scopo per cui sono stati forniti (si veda la sezione '<strong><em>Finalit\u00e0 e basi del trattamento<\/em>)<\/strong>. Ci\u00f2 significa che i vostri dati personali saranno conservati per tutto il tempo necessario a raggiungere gli scopi previsti. Alcuni dati devono essere conservati pi\u00f9 a lungo (di solito 7 anni) perch\u00e9 dobbiamo adempiere a obblighi legali di conservazione (ad esempio obblighi fiscali) o in relazione a regolamenti della nostra associazione professionale.<\/p>\n<p>&nbsp;<\/p>\n<p><strong>Sicurezza<\/strong><\/p>\n<p>Abbiamo adottato misure organizzative e tecniche adeguate per la protezione dei dati personali, per quanto ragionevolmente esigibili, tenendo conto dell'interesse da proteggere, dello stato dell'arte e dei costi delle relative misure di sicurezza.<\/p>\n<p>Chiediamo ai nostri dipendenti e ai terzi che hanno necessariamente accesso ai dati personali di mantenere la riservatezza. Inoltre, ci assicuriamo che i nostri dipendenti abbiano ricevuto istruzioni corrette e complete su come trattare i dati personali e che siano sufficientemente a conoscenza delle responsabilit\u00e0 e degli obblighi della AVG. Se lo desiderate, saremo lieti di informarvi ulteriormente su come abbiamo concepito la protezione dei dati personali.<\/p>\n<p>&nbsp;<\/p>\n<p><strong>I vostri diritti<\/strong><\/p>\n<p>Avete il diritto di accedere, rettificare o cancellare i dati personali in nostro possesso (tranne, ovviamente, se ci\u00f2 interferisce con eventuali obblighi di legge). Inoltre, potete opporvi al trattamento dei vostri dati personali (o di parte di essi) da parte nostra o di uno dei nostri responsabili del trattamento. Avete anche il diritto di farci trasferire i dati che ci avete fornito a voi stessi o direttamente a un'altra parte, se lo desiderate.<\/p>\n<p>&nbsp;<\/p>\n<p><strong>Incidenti sui dati personali<\/strong><\/p>\n<p>Se si verifica un incidente (una cosiddetta violazione dei dati) riguardante i dati personali in questione, vi informeremo immediatamente, a meno che non vi siano motivi impellenti, se esiste un rischio concreto di conseguenze negative per la vostra privacy e la realizzazione della stessa. Il nostro obiettivo \u00e8 quello di farlo entro 48 ore dal momento in cui scopriamo la violazione dei dati o ne veniamo informati dai nostri (sub)responsabili del trattamento.<\/p>\n<p>&nbsp;<\/p>\n<p><strong>Reclami<\/strong><\/p>\n<p>In caso di reclamo sul trattamento dei vostri dati personali, vi chiediamo di contattarci. Se ci\u00f2 non dovesse portare a un risultato soddisfacente, avete sempre il diritto di presentare un reclamo all'Autorit\u00e0 Garante per i dati personali, l'autorit\u00e0 di vigilanza in materia di privacy.<\/p>\n<p>&nbsp;<\/p>\n<p><strong>Trattamento all'interno del SEE<\/strong><\/p>\n<p>Tratteremo i dati personali solo all'interno dello Spazio Economico Europeo, a meno che non abbiate concordato con noi altri accordi scritti in merito. Fanno eccezione le situazioni in cui vogliamo mappare i momenti di contatto attraverso il nostro sito web e\/o le pagine dei social media (come Facebook e LinkedIn). Si pensi ad esempio al numero di visitatori e alle pagine web richieste. I vostri dati vengono memorizzati da terzi al di fuori dell'UE quando si utilizzano Google Analytics, LinkedIn o Facebook. Queste parti sono certificate \"EU-US Privacy Shield\", quindi devono rispettare le normative europee sulla privacy. Per inciso, questo riguarda solo una quantit\u00e0 limitata di dati personali sensibili, in particolare il vostro indirizzo IP.<\/p>\n<p>&nbsp;<\/p>\n<p><strong>Cambiamenti<\/strong><\/p>\n<p>Senza dubbio, la nostra politica sulla privacy cambier\u00e0 di tanto in tanto. La versione pi\u00f9 recente dell'informativa sulla privacy \u00e8 logicamente quella applicabile e si trova sul nostro sito web.<\/p>\n<p>&nbsp;<\/p>\n<p><strong>In conclusione<\/strong><\/p>\n<p>Ci auguriamo che questa dichiarazione sulla privacy vi abbia fornito un quadro chiaro della nostra politica sulla privacy. Tuttavia, in caso di domande sul modo in cui trattiamo i dati personali, saremo lieti di ascoltarvi. Il primo punto di contatto per le questioni relative alla privacy presso la nostra organizzazione \u00e8 <em>Noes Smelt, noes@leinster.nl<\/em><\/p>\n<p>***<\/p>\n<p>&nbsp;<\/p>","protected":false},"excerpt":{"rendered":"<p>\u00a0Privacy Leinster Property Services (26-06-2023) &nbsp; Inleiding In het kader<\/p>","protected":false},"author":7,"featured_media":0,"parent":0,"menu_order":0,"comment_status":"closed","ping_status":"closed","template":"sub-privacy.php","meta":{"_acf_changed":false,"om_disable_all_campaigns":false,"_uf_show_specific_survey":0,"_uf_disable_surveys":false,"footnotes":""},"class_list":["post-265","page","type-page","status-publish","hentry"],"acf":[],"aioseo_notices":[],"yoast_head":"<!-- This site is optimized with the Yoast SEO plugin v26.8 - https:\/\/yoast.com\/product\/yoast-seo-wordpress\/ -->\n<title>Privacy statement - Leinster<\/title>\n<meta name=\"robots\" content=\"index, follow, max-snippet:-1, max-image-preview:large, max-video-preview:-1\" \/>\n<link rel=\"canonical\" href=\"https:\/\/www.leinster.nl\/it\/privacy-statement\/\" \/>\n<meta property=\"og:locale\" content=\"it_IT\" \/>\n<meta property=\"og:type\" content=\"article\" \/>\n<meta property=\"og:title\" content=\"Privacy statement - Leinster\" \/>\n<meta property=\"og:description\" content=\"\u00a0Privacy Leinster Property Services (26-06-2023) &nbsp; Inleiding In het kader\" \/>\n<meta property=\"og:url\" content=\"https:\/\/www.leinster.nl\/it\/privacy-statement\/\" \/>\n<meta property=\"og:site_name\" content=\"Leinster\" \/>\n<meta property=\"article:modified_time\" content=\"2023-11-20T15:32:40+00:00\" \/>\n<meta name=\"twitter:card\" content=\"summary_large_image\" \/>\n<meta name=\"twitter:label1\" content=\"Tempo di lettura stimato\" \/>\n\t<meta name=\"twitter:data1\" content=\"6 minuti\" \/>\n<script type=\"application\/ld+json\" class=\"yoast-schema-graph\">{\"@context\":\"https:\/\/schema.org\",\"@graph\":[{\"@type\":\"WebPage\",\"@id\":\"https:\/\/www.leinster.nl\/privacy-statement\/\",\"url\":\"https:\/\/www.leinster.nl\/privacy-statement\/\",\"name\":\"Privacy statement - Leinster\",\"isPartOf\":{\"@id\":\"https:\/\/www.leinster.nl\/#website\"},\"datePublished\":\"2023-11-20T13:52:09+00:00\",\"dateModified\":\"2023-11-20T15:32:40+00:00\",\"breadcrumb\":{\"@id\":\"https:\/\/www.leinster.nl\/privacy-statement\/#breadcrumb\"},\"inLanguage\":\"it-IT\",\"potentialAction\":[{\"@type\":\"ReadAction\",\"target\":[\"https:\/\/www.leinster.nl\/privacy-statement\/\"]}]},{\"@type\":\"BreadcrumbList\",\"@id\":\"https:\/\/www.leinster.nl\/privacy-statement\/#breadcrumb\",\"itemListElement\":[{\"@type\":\"ListItem\",\"position\":1,\"name\":\"Home\",\"item\":\"https:\/\/www.leinster.nl\/\"},{\"@type\":\"ListItem\",\"position\":2,\"name\":\"Privacy statement\"}]},{\"@type\":\"WebSite\",\"@id\":\"https:\/\/www.leinster.nl\/#website\",\"url\":\"https:\/\/www.leinster.nl\/\",\"name\":\"Leinster\",\"description\":\"Vastgoedonderhoud &amp; Service in de breedste zin van het woord\",\"potentialAction\":[{\"@type\":\"SearchAction\",\"target\":{\"@type\":\"EntryPoint\",\"urlTemplate\":\"https:\/\/www.leinster.nl\/?s={search_term_string}\"},\"query-input\":{\"@type\":\"PropertyValueSpecification\",\"valueRequired\":true,\"valueName\":\"search_term_string\"}}],\"inLanguage\":\"it-IT\"}]}<\/script>\n<!-- \/ Yoast SEO plugin. -->","yoast_head_json":{"title":"Privacy statement - Leinster","robots":{"index":"index","follow":"follow","max-snippet":"max-snippet:-1","max-image-preview":"max-image-preview:large","max-video-preview":"max-video-preview:-1"},"canonical":"https:\/\/www.leinster.nl\/it\/privacy-statement\/","og_locale":"it_IT","og_type":"article","og_title":"Privacy statement - Leinster","og_description":"\u00a0Privacy Leinster Property Services (26-06-2023) &nbsp; Inleiding In het kader","og_url":"https:\/\/www.leinster.nl\/it\/privacy-statement\/","og_site_name":"Leinster","article_modified_time":"2023-11-20T15:32:40+00:00","twitter_card":"summary_large_image","twitter_misc":{"Tempo di lettura stimato":"6 minuti"},"schema":{"@context":"https:\/\/schema.org","@graph":[{"@type":"WebPage","@id":"https:\/\/www.leinster.nl\/privacy-statement\/","url":"https:\/\/www.leinster.nl\/privacy-statement\/","name":"Privacy statement - Leinster","isPartOf":{"@id":"https:\/\/www.leinster.nl\/#website"},"datePublished":"2023-11-20T13:52:09+00:00","dateModified":"2023-11-20T15:32:40+00:00","breadcrumb":{"@id":"https:\/\/www.leinster.nl\/privacy-statement\/#breadcrumb"},"inLanguage":"it-IT","potentialAction":[{"@type":"ReadAction","target":["https:\/\/www.leinster.nl\/privacy-statement\/"]}]},{"@type":"BreadcrumbList","@id":"https:\/\/www.leinster.nl\/privacy-statement\/#breadcrumb","itemListElement":[{"@type":"ListItem","position":1,"name":"Home","item":"https:\/\/www.leinster.nl\/"},{"@type":"ListItem","position":2,"name":"Privacy statement"}]},{"@type":"WebSite","@id":"https:\/\/www.leinster.nl\/#website","url":"https:\/\/www.leinster.nl\/","name":"Leinster","description":"Vastgoedonderhoud &amp; Service in de breedste zin van het woord","potentialAction":[{"@type":"SearchAction","target":{"@type":"EntryPoint","urlTemplate":"https:\/\/www.leinster.nl\/?s={search_term_string}"},"query-input":{"@type":"PropertyValueSpecification","valueRequired":true,"valueName":"search_term_string"}}],"inLanguage":"it-IT"}]}},"_links":{"self":[{"href":"https:\/\/www.leinster.nl\/it\/wp-json\/wp\/v2\/pages\/265","targetHints":{"allow":["GET"]}}],"collection":[{"href":"https:\/\/www.leinster.nl\/it\/wp-json\/wp\/v2\/pages"}],"about":[{"href":"https:\/\/www.leinster.nl\/it\/wp-json\/wp\/v2\/types\/page"}],"author":[{"embeddable":true,"href":"https:\/\/www.leinster.nl\/it\/wp-json\/wp\/v2\/users\/7"}],"replies":[{"embeddable":true,"href":"https:\/\/www.leinster.nl\/it\/wp-json\/wp\/v2\/comments?post=265"}],"version-history":[{"count":5,"href":"https:\/\/www.leinster.nl\/it\/wp-json\/wp\/v2\/pages\/265\/revisions"}],"predecessor-version":[{"id":270,"href":"https:\/\/www.leinster.nl\/it\/wp-json\/wp\/v2\/pages\/265\/revisions\/270"}],"wp:attachment":[{"href":"https:\/\/www.leinster.nl\/it\/wp-json\/wp\/v2\/media?parent=265"}],"curies":[{"name":"wp","href":"https:\/\/api.w.org\/{rel}","templated":true}]}}