{"id":265,"date":"2023-11-20T13:52:09","date_gmt":"2023-11-20T13:52:09","guid":{"rendered":"http:\/\/85.10.138.138\/~leinster\/?page_id=265"},"modified":"2023-11-20T15:32:40","modified_gmt":"2023-11-20T15:32:40","slug":"privacy-statement","status":"publish","type":"page","link":"https:\/\/www.leinster.nl\/hu\/privacy-statement\/","title":{"rendered":"Adatv\u00e9delmi nyilatkozat"},"content":{"rendered":"<h2><strong>\u00a0<\/strong><strong>Adatv\u00e9delem Leinster Property Services<br \/>\n<\/strong>(26-06-2023)<\/h2>\n<p>&nbsp;<\/p>\n<p><strong>Bevezet\u00e9s<\/strong><\/p>\n<p>Szolg\u00e1ltat\u00e1saink r\u00e9szek\u00e9nt szem\u00e9lyes adatokat dolgozunk fel. Ezeket az adatokat \u00d6nt\u0151l kaptuk, p\u00e9ld\u00e1ul weboldalunkon, e-mailben, telefonon vagy alkalmaz\u00e1son kereszt\u00fcl. Ezen t\u00falmen\u0151en az \u00d6n szem\u00e9lyes adatait szolg\u00e1ltat\u00e1sainkkal \u00f6sszef\u00fcgg\u00e9sben harmadik feleken kereszt\u00fcl is megszerezhetj\u00fck. Ezzel az adatv\u00e9delmi nyilatkozattal t\u00e1j\u00e9koztatjuk \u00d6nt arr\u00f3l, hogyan kezelj\u00fck ezeket a szem\u00e9lyes adatokat.<\/p>\n<p>&nbsp;<\/p>\n<p><strong>A szem\u00e9lyes adatok feldolgoz\u00e1sa \u00e9s c\u00e9ljai<\/strong><\/p>\n<p>Ha szem\u00e9lyes adatokat dolgozunk fel, akkor azt az \u00c1ltal\u00e1nos Adatv\u00e9delmi Rendelet (GDPR) \u00e9s a kapcsol\u00f3d\u00f3 t\u00f6rv\u00e9nyek \u00e9s rendeletek k\u00f6vetelm\u00e9nyeinek megfelel\u0151en tessz\u00fck.<\/p>\n<p>Az, hogy milyen szem\u00e9lyes adatokat dolgozunk fel, a pontos szolg\u00e1ltat\u00e1st\u00f3l \u00e9s a k\u00f6r\u00fclm\u00e9nyekt\u0151l f\u00fcgg. Jellemz\u0151en a k\u00f6vetkez\u0151 adatokr\u00f3l van sz\u00f3:<\/p>\n<ul>\n<li>N\u00e9v \u00e9s c\u00edmadatok;<\/li>\n<li>El\u00e9rhet\u0151s\u00e9gek (e-mail c\u00edmek, telefonsz\u00e1mok)<\/li>\n<li>A weboldalunkon v\u00e9gzett tev\u00e9kenys\u00e9geire vonatkoz\u00f3 adatok, IP-c\u00edm, internetb\u00f6ng\u00e9sz\u0151 \u00e9s eszk\u00f6zt\u00edpus.<\/li>\n<\/ul>\n<p>&nbsp;<\/p>\n<p><strong>Az adatkezel\u00e9s c\u00e9ljai \u00e9s alapjai<\/strong><\/p>\n<p>Bizonyos esetekben jogi k\u00f6telezetts\u00e9g teljes\u00edt\u00e9se \u00e9rdek\u00e9ben dolgozunk fel szem\u00e9lyes adatokat, de t\u00f6bbnyire az\u00e9rt, hogy szolg\u00e1ltat\u00e1sainkat teljes\u00edteni tudjuk. N\u00e9h\u00e1ny adatot gyakorlati vagy hat\u00e9konys\u00e1gi okokb\u00f3l r\u00f6gz\u00edt\u00fcnk, amelyekr\u0151l felt\u00e9telezz\u00fck (felt\u00e9telezhetj\u00fck), hogy az \u00d6n \u00e9rdekeit is szolg\u00e1lj\u00e1k, p\u00e9ld\u00e1ul:<\/p>\n<ul>\n<li>Kommunik\u00e1ci\u00f3 \u00e9s t\u00e1j\u00e9koztat\u00e1s;<\/li>\n<li>Szolg\u00e1ltat\u00e1saink ny\u00fajt\u00e1sa a lehet\u0151 leghat\u00e9konyabb m\u00f3don;<\/li>\n<li>Szolg\u00e1ltat\u00e1saink jav\u00edt\u00e1sa;<\/li>\n<\/ul>\n<p>A fentiek konkr\u00e9tan azt is jelentik, hogy az \u00d6n szem\u00e9lyes adatait marketingc\u00e9lokra haszn\u00e1lhatjuk fel, illetve arra, hogy prom\u00f3ci\u00f3s anyagokat vagy \u00e9rtes\u00edt\u00e9seket k\u00fcldj\u00fcnk \u00d6nnek a szolg\u00e1ltat\u00e1sainkr\u00f3l, ha \u00fagy gondoljuk, hogy ezek \u00e9rdekelhetik \u00d6nt. Az\u00e9rt is felvehetj\u00fck \u00d6nnel a kapcsolatot, hogy visszajelz\u00e9st k\u00e9rj\u00fcnk az \u00e1ltalunk ny\u00fajtott szolg\u00e1ltat\u00e1sokkal kapcsolatban, illetve piaci vagy egy\u00e9b kutat\u00e1si c\u00e9lb\u00f3l.<\/p>\n<p>Adott esetben el\u0151fordulhat, hogy a fentiekt\u0151l elt\u00e9r\u0151 okokb\u00f3l is szeretn\u00e9nk szem\u00e9lyes adatokat feldolgozni, \u00e9s ehhez az \u00d6n kifejezett hozz\u00e1j\u00e1rul\u00e1s\u00e1t k\u00e9rj\u00fck. Ha valaha is olyan szem\u00e9lyes adatokat k\u00edv\u00e1nunk feldolgozni, amelyeket az \u00d6n hozz\u00e1j\u00e1rul\u00e1sa alapj\u00e1n m\u00e1s vagy t\u00f6bb c\u00e9lb\u00f3l is feldolgozhatunk, akkor el\u0151bb \u00fajra megk\u00e9rj\u00fck az \u00d6n hozz\u00e1j\u00e1rul\u00e1s\u00e1t.<\/p>\n<p>V\u00e9g\u00fcl, szem\u00e9lyes adatait felhaszn\u00e1lhatjuk saj\u00e1t \u00e9s felhaszn\u00e1l\u00f3ink jogainak vagy tulajdon\u00e1nak v\u00e9delme, valamint sz\u00fcks\u00e9g eset\u00e9n jogi elj\u00e1r\u00e1sok lefolytat\u00e1sa \u00e9rdek\u00e9ben is.<\/p>\n<p>&nbsp;<\/p>\n<p><strong>K\u00f6zz\u00e9t\u00e9tel harmadik f\u00e9lnek<\/strong><\/p>\n<p>Szolg\u00e1ltat\u00e1saink r\u00e9szek\u00e9nt ig\u00e9nybe vehetj\u00fck harmadik felek szolg\u00e1ltat\u00e1sait, p\u00e9ld\u00e1ul ha ezek a harmadik felek olyan speci\u00e1lis tud\u00e1ssal vagy er\u0151forr\u00e1sokkal rendelkeznek, amelyekkel mi h\u00e1zon bel\u00fcl nem rendelkez\u00fcnk. Ezek lehetnek \u00fagynevezett adatfeldolgoz\u00f3k vagy alfeldolgoz\u00f3k, akik az \u00d6n pontos utas\u00edt\u00e1sai alapj\u00e1n dolgozz\u00e1k fel a szem\u00e9lyes adatokat. Egy\u00e9b harmadik felek, akik, b\u00e1r szigor\u00faan v\u00e9ve nem sz\u00e1m\u00edtanak a szem\u00e9lyes adatok feldolgoz\u00f3j\u00e1nak, hozz\u00e1f\u00e9r\u00e9ssel rendelkeznek vagy rendelkezhetnek azokhoz, p\u00e9ld\u00e1ul a rendszergazd\u00e1nk, az online szoftverek besz\u00e1ll\u00edt\u00f3i vagy t\u00e1rhelyszolg\u00e1ltat\u00f3i, vagy olyan tan\u00e1csad\u00f3k, akiknek a tan\u00e1cs\u00e1t kik\u00e9rj\u00fck az \u00d6n megrendel\u00e9s\u00e9vel kapcsolatban. Ha harmadik felek bevon\u00e1sa azt eredm\u00e9nyezi, hogy hozz\u00e1f\u00e9rnek a szem\u00e9lyes adatokhoz, vagy amelyeket \u0151k maguk r\u00f6gz\u00edtenek \u00e9s\/vagy m\u00e1s m\u00f3don feldolgoznak, akkor (\u00edr\u00e1sban) meg\u00e1llapodunk ezekkel a harmadik felekkel, hogy betartj\u00e1k az AVG \u00f6sszes k\u00f6telezetts\u00e9g\u00e9t. Term\u00e9szetesen csak olyan harmadik feleket fogunk bevonni, akikr\u0151l felt\u00e9telezhetj\u00fck \u00e9s felt\u00e9telezhetj\u00fck, hogy megb\u00edzhat\u00f3 felek, akik a szem\u00e9lyes adatokat megfelel\u0151en kezelik, \u00e9s ez\u00e9rt be tudj\u00e1k \u00e9s be is fogj\u00e1k tartani az AVG-t. Ez t\u00f6bbek k\u00f6z\u00f6tt azt jelenti, hogy ezek a harmadik felek kiz\u00e1r\u00f3lag a fent eml\u00edtett c\u00e9lokra dolgozhatj\u00e1k fel az \u00d6n szem\u00e9lyes adatait.<\/p>\n<p>Term\u00e9szetesen az is el\u0151fordulhat, hogy jogi k\u00f6telezetts\u00e9ggel \u00f6sszef\u00fcgg\u00e9sben harmadik f\u00e9lnek kell \u00e1tadnunk az \u00d6n szem\u00e9lyes adatait.<\/p>\n<p>Az \u00d6n kifejezett hozz\u00e1j\u00e1rul\u00e1sa n\u00e9lk\u00fcl semmilyen k\u00f6r\u00fclm\u00e9nyek k\u00f6z\u00f6tt nem adjuk \u00e1t szem\u00e9lyes adatait harmadik f\u00e9lnek kereskedelmi vagy j\u00f3t\u00e9konys\u00e1gi c\u00e9lokra.<\/p>\n<p>&nbsp;<\/p>\n<p><strong>Meg\u0151rz\u00e9si id\u0151szakok<\/strong><\/p>\n<p>Szem\u00e9lyes adatait nem kezelj\u00fck tov\u00e1bb, mint ameddig az a c\u00e9lnak megfelel (l\u00e1sd a<strong><em>\"Az adatkezel\u00e9s c\u00e9ljai \u00e9s alapjai<\/em>)<\/strong>. Ez azt jelenti, hogy az \u00d6n szem\u00e9lyes adatait addig t\u00e1roljuk, am\u00edg az adott c\u00e9l el\u00e9r\u00e9s\u00e9hez sz\u00fcks\u00e9ges. Bizonyos adatokat hosszabb ideig (\u00e1ltal\u00e1ban 7 \u00e9vig) kell meg\u0151rizn\u00fcnk, mert jogi meg\u0151rz\u00e9si k\u00f6telezetts\u00e9geknek (pl. ad\u00f3meg\u0151rz\u00e9si k\u00f6telezetts\u00e9g) vagy szakmai sz\u00f6vets\u00e9g\u00fcnk el\u0151\u00edr\u00e1sainak kell megfeleln\u00fcnk.<\/p>\n<p>&nbsp;<\/p>\n<p><strong>Biztons\u00e1g<\/strong><\/p>\n<p>A szem\u00e9lyes adatok v\u00e9delme \u00e9rdek\u00e9ben megfelel\u0151 szervez\u00e9si \u00e9s technikai int\u00e9zked\u00e9seket tett\u00fcnk, olyan m\u00e9rt\u00e9kben, amennyire ez \u00e9sszer\u0171en megk\u00f6vetelhet\u0151 t\u0151l\u00fcnk, figyelembe v\u00e9ve a v\u00e9dend\u0151 \u00e9rdeket, a technika \u00e1ll\u00e1s\u00e1t \u00e9s a vonatkoz\u00f3 biztons\u00e1gi int\u00e9zked\u00e9sek k\u00f6lts\u00e9geit.<\/p>\n<p>Alkalmazottainkt\u00f3l \u00e9s minden olyan harmadik f\u00e9lt\u0151l, aki sz\u00fcks\u00e9gszer\u0171en hozz\u00e1f\u00e9r a szem\u00e9lyes adatokhoz, megk\u00f6vetelj\u00fck a titoktart\u00e1st. Tov\u00e1bb\u00e1 biztos\u00edtjuk, hogy alkalmazottaink egy\u00e9bk\u00e9nt helyes \u00e9s teljes k\u00f6r\u0171 utas\u00edt\u00e1sokat kaptak a szem\u00e9lyes adatok kezel\u00e9s\u00e9re vonatkoz\u00f3an, \u00e9s hogy kell\u0151en tiszt\u00e1ban vannak az AVG \u00e1ltal r\u00e1juk h\u00e1rul\u00f3 felel\u0151ss\u00e9gekkel \u00e9s k\u00f6telezetts\u00e9gekkel. Ha k\u00edv\u00e1nja, sz\u00edvesen t\u00e1j\u00e9koztatjuk \u00d6nt b\u0151vebben arr\u00f3l, hogyan alak\u00edtottuk ki a szem\u00e9lyes adatok v\u00e9delm\u00e9t.<\/p>\n<p>&nbsp;<\/p>\n<p><strong>Az \u00d6n jogai<\/strong><\/p>\n<p>\u00d6nnek joga van az \u00d6nr\u0151l t\u00e1rolt szem\u00e9lyes adatokhoz val\u00f3 hozz\u00e1f\u00e9r\u00e9shez, azok helyesb\u00edt\u00e9s\u00e9hez vagy t\u00f6rl\u00e9s\u00e9hez (kiv\u00e9ve term\u00e9szetesen, ha ez \u00fctk\u00f6zik valamely jogi k\u00f6telezetts\u00e9ggel). Tov\u00e1bb\u00e1 tiltakozhat szem\u00e9lyes adatainak (vagy azok egy r\u00e9sz\u00e9nek) \u00e1ltalunk vagy valamelyik adatfeldolgoz\u00f3nk \u00e1ltal t\u00f6rt\u00e9n\u0151 feldolgoz\u00e1sa ellen. Jog\u00e1ban \u00e1ll azt is k\u00e9rni, hogy az \u00d6n \u00e1ltal megadott adatokat saj\u00e1t mag\u00e1nak vagy k\u00f6zvetlen\u00fcl egy m\u00e1sik f\u00e9lnek tov\u00e1bb\u00edtsuk, ha ezt k\u00edv\u00e1nja.<\/p>\n<p>&nbsp;<\/p>\n<p><strong>Szem\u00e9lyes adatokkal kapcsolatos incidensek<\/strong><\/p>\n<p>Ha a sz\u00f3ban forg\u00f3 szem\u00e9lyes adatokat \u00e9rint\u0151 incidens (\u00fan. adatv\u00e9delmi incidens) t\u00f6rt\u00e9nik, azonnal t\u00e1j\u00e9koztatjuk \u00d6nt, kiv\u00e9ve, ha k\u00e9nyszer\u00edt\u0151 okok \u00e1llnak fenn, ha konkr\u00e9tan fenn\u00e1ll a mag\u00e1n\u00e9let\u00e9re \u00e9s annak megval\u00f3sul\u00e1s\u00e1ra vonatkoz\u00f3 negat\u00edv k\u00f6vetkezm\u00e9nyek kock\u00e1zata. C\u00e9lunk, hogy ezt az adatv\u00e9delmi incidens felfedez\u00e9s\u00e9t\u0151l vagy az (al)adatfeldolgoz\u00f3ink \u00e1ltali t\u00e1j\u00e9koztat\u00e1s\u00e1t\u00f3l sz\u00e1m\u00edtott 48 \u00f3r\u00e1n bel\u00fcl megtegy\u00fck.<\/p>\n<p>&nbsp;<\/p>\n<p><strong>Panaszok<\/strong><\/p>\n<p>Amennyiben panasza van szem\u00e9lyes adatainak feldolgoz\u00e1s\u00e1val kapcsolatban, k\u00e9rj\u00fck, hogy ezzel kapcsolatban vegye fel vel\u00fcnk a kapcsolatot. Amennyiben ez nem vezet kiel\u00e9g\u00edt\u0151 eredm\u00e9nyre, \u00d6nnek mindig joga van panaszt tenni a Szem\u00e9lyes Adatv\u00e9delmi Hat\u00f3s\u00e1gn\u00e1l, az adatv\u00e9delmi fel\u00fcgyeleti hat\u00f3s\u00e1gn\u00e1l.<\/p>\n<p>&nbsp;<\/p>\n<p><strong>Feldolgoz\u00e1s az EGT-n bel\u00fcl<\/strong><\/p>\n<p>Szem\u00e9lyes adatokat csak az Eur\u00f3pai Gazdas\u00e1gi T\u00e9rs\u00e9gen bel\u00fcl dolgozunk fel, kiv\u00e9ve, ha \u00d6n m\u00e1s \u00edr\u00e1sbeli meg\u00e1llapod\u00e1st k\u00f6t vel\u00fcnk err\u0151l. Ez al\u00f3l kiv\u00e9telt k\u00e9peznek azok a helyzetek, amikor weboldalunkon \u00e9s\/vagy k\u00f6z\u00f6ss\u00e9gi m\u00e9diaoldalainkon (pl. Facebook \u00e9s LinkedIn) kereszt\u00fcl kapcsolattart\u00e1si pillanatokat szeretn\u00e9nk felt\u00e9rk\u00e9pezni. Gondoljunk p\u00e9ld\u00e1ul a l\u00e1togat\u00f3sz\u00e1mokra \u00e9s a k\u00e9rt weboldalakra. A Google Analytics, a LinkedIn vagy a Facebook haszn\u00e1lata eset\u00e9n az \u00d6n adatait az EU-n k\u00edv\u00fcli harmadik felek t\u00e1rolj\u00e1k. Ezek a felek \"EU-US Privacy Shield\" tan\u00fas\u00edtv\u00e1nnyal rendelkeznek, teh\u00e1t meg kell felelni\u00fck az eur\u00f3pai adatv\u00e9delmi szab\u00e1lyoknak. Ez egy\u00e9bk\u00e9nt csak korl\u00e1tozott mennyis\u00e9g\u0171 \u00e9rz\u00e9keny szem\u00e9lyes adatot \u00e9rint, nevezetesen az \u00d6n IP-c\u00edm\u00e9t.<\/p>\n<p>&nbsp;<\/p>\n<p><strong>V\u00e1ltoz\u00e1sok<\/strong><\/p>\n<p>K\u00e9ts\u00e9gtelen, hogy adatv\u00e9delmi szab\u00e1lyzatunk id\u0151r\u0151l id\u0151re v\u00e1ltozni fog. Logikusan az adatv\u00e9delmi szab\u00e1lyzat legfrissebb v\u00e1ltozata az alkalmazand\u00f3 verzi\u00f3, amely megtal\u00e1lhat\u00f3 a weboldalunkon.<\/p>\n<p>&nbsp;<\/p>\n<p><strong>\u00d6sszefoglalva<\/strong><\/p>\n<p>Rem\u00e9lj\u00fck, hogy ez az adatv\u00e9delmi nyilatkozat vil\u00e1gos k\u00e9pet adott \u00d6nnek adatv\u00e9delmi politik\u00e1nkr\u00f3l. Ha azonban b\u00e1rmilyen k\u00e9rd\u00e9se van azzal kapcsolatban, hogy hogyan kezelj\u00fck a szem\u00e9lyes adatokat, sz\u00edvesen fogadjuk v\u00e1lasz\u00e1t. Szervezet\u00fcnkn\u00e9l az adatv\u00e9delmi k\u00e9rd\u00e9sekkel kapcsolatos els\u0151 kapcsolattart\u00f3 pont a k\u00f6vetkez\u0151 <em>Nemek Smelt, noes@leinster.nl<\/em><\/p>\n<p>***<\/p>\n<p>&nbsp;<\/p>","protected":false},"excerpt":{"rendered":"<p>\u00a0Privacy Leinster Property Services (26-06-2023) &nbsp; Inleiding In het kader<\/p>","protected":false},"author":7,"featured_media":0,"parent":0,"menu_order":0,"comment_status":"closed","ping_status":"closed","template":"sub-privacy.php","meta":{"_acf_changed":false,"om_disable_all_campaigns":false,"_uf_show_specific_survey":0,"_uf_disable_surveys":false,"footnotes":""},"class_list":["post-265","page","type-page","status-publish","hentry"],"acf":[],"aioseo_notices":[],"yoast_head":"<!-- This site is optimized with the Yoast SEO plugin v26.8 - https:\/\/yoast.com\/product\/yoast-seo-wordpress\/ -->\n<title>Privacy statement - Leinster<\/title>\n<meta name=\"robots\" content=\"index, follow, max-snippet:-1, max-image-preview:large, max-video-preview:-1\" \/>\n<link rel=\"canonical\" href=\"https:\/\/www.leinster.nl\/hu\/privacy-statement\/\" \/>\n<meta property=\"og:locale\" content=\"hu_HU\" \/>\n<meta property=\"og:type\" content=\"article\" \/>\n<meta property=\"og:title\" content=\"Privacy statement - Leinster\" \/>\n<meta property=\"og:description\" content=\"\u00a0Privacy Leinster Property Services (26-06-2023) &nbsp; Inleiding In het kader\" \/>\n<meta property=\"og:url\" content=\"https:\/\/www.leinster.nl\/hu\/privacy-statement\/\" \/>\n<meta property=\"og:site_name\" content=\"Leinster\" \/>\n<meta property=\"article:modified_time\" content=\"2023-11-20T15:32:40+00:00\" \/>\n<meta name=\"twitter:card\" content=\"summary_large_image\" \/>\n<meta name=\"twitter:label1\" content=\"Becs\u00fclt olvas\u00e1si id\u0151\" \/>\n\t<meta name=\"twitter:data1\" content=\"6 perc\" \/>\n<script type=\"application\/ld+json\" class=\"yoast-schema-graph\">{\"@context\":\"https:\/\/schema.org\",\"@graph\":[{\"@type\":\"WebPage\",\"@id\":\"https:\/\/www.leinster.nl\/privacy-statement\/\",\"url\":\"https:\/\/www.leinster.nl\/privacy-statement\/\",\"name\":\"Privacy statement - Leinster\",\"isPartOf\":{\"@id\":\"https:\/\/www.leinster.nl\/#website\"},\"datePublished\":\"2023-11-20T13:52:09+00:00\",\"dateModified\":\"2023-11-20T15:32:40+00:00\",\"breadcrumb\":{\"@id\":\"https:\/\/www.leinster.nl\/privacy-statement\/#breadcrumb\"},\"inLanguage\":\"hu\",\"potentialAction\":[{\"@type\":\"ReadAction\",\"target\":[\"https:\/\/www.leinster.nl\/privacy-statement\/\"]}]},{\"@type\":\"BreadcrumbList\",\"@id\":\"https:\/\/www.leinster.nl\/privacy-statement\/#breadcrumb\",\"itemListElement\":[{\"@type\":\"ListItem\",\"position\":1,\"name\":\"Home\",\"item\":\"https:\/\/www.leinster.nl\/\"},{\"@type\":\"ListItem\",\"position\":2,\"name\":\"Privacy statement\"}]},{\"@type\":\"WebSite\",\"@id\":\"https:\/\/www.leinster.nl\/#website\",\"url\":\"https:\/\/www.leinster.nl\/\",\"name\":\"Leinster\",\"description\":\"Vastgoedonderhoud &amp; Service in de breedste zin van het woord\",\"potentialAction\":[{\"@type\":\"SearchAction\",\"target\":{\"@type\":\"EntryPoint\",\"urlTemplate\":\"https:\/\/www.leinster.nl\/?s={search_term_string}\"},\"query-input\":{\"@type\":\"PropertyValueSpecification\",\"valueRequired\":true,\"valueName\":\"search_term_string\"}}],\"inLanguage\":\"hu\"}]}<\/script>\n<!-- \/ Yoast SEO plugin. -->","yoast_head_json":{"title":"Privacy statement - Leinster","robots":{"index":"index","follow":"follow","max-snippet":"max-snippet:-1","max-image-preview":"max-image-preview:large","max-video-preview":"max-video-preview:-1"},"canonical":"https:\/\/www.leinster.nl\/hu\/privacy-statement\/","og_locale":"hu_HU","og_type":"article","og_title":"Privacy statement - Leinster","og_description":"\u00a0Privacy Leinster Property Services (26-06-2023) &nbsp; Inleiding In het kader","og_url":"https:\/\/www.leinster.nl\/hu\/privacy-statement\/","og_site_name":"Leinster","article_modified_time":"2023-11-20T15:32:40+00:00","twitter_card":"summary_large_image","twitter_misc":{"Becs\u00fclt olvas\u00e1si id\u0151":"6 perc"},"schema":{"@context":"https:\/\/schema.org","@graph":[{"@type":"WebPage","@id":"https:\/\/www.leinster.nl\/privacy-statement\/","url":"https:\/\/www.leinster.nl\/privacy-statement\/","name":"Privacy statement - Leinster","isPartOf":{"@id":"https:\/\/www.leinster.nl\/#website"},"datePublished":"2023-11-20T13:52:09+00:00","dateModified":"2023-11-20T15:32:40+00:00","breadcrumb":{"@id":"https:\/\/www.leinster.nl\/privacy-statement\/#breadcrumb"},"inLanguage":"hu","potentialAction":[{"@type":"ReadAction","target":["https:\/\/www.leinster.nl\/privacy-statement\/"]}]},{"@type":"BreadcrumbList","@id":"https:\/\/www.leinster.nl\/privacy-statement\/#breadcrumb","itemListElement":[{"@type":"ListItem","position":1,"name":"Home","item":"https:\/\/www.leinster.nl\/"},{"@type":"ListItem","position":2,"name":"Privacy statement"}]},{"@type":"WebSite","@id":"https:\/\/www.leinster.nl\/#website","url":"https:\/\/www.leinster.nl\/","name":"Leinster","description":"Ingatlankarbantart\u00e1s \u00e9s szolg\u00e1ltat\u00e1s a sz\u00f3 legt\u00e1gabb \u00e9rtelm\u00e9ben","potentialAction":[{"@type":"SearchAction","target":{"@type":"EntryPoint","urlTemplate":"https:\/\/www.leinster.nl\/?s={search_term_string}"},"query-input":{"@type":"PropertyValueSpecification","valueRequired":true,"valueName":"search_term_string"}}],"inLanguage":"hu"}]}},"_links":{"self":[{"href":"https:\/\/www.leinster.nl\/hu\/wp-json\/wp\/v2\/pages\/265","targetHints":{"allow":["GET"]}}],"collection":[{"href":"https:\/\/www.leinster.nl\/hu\/wp-json\/wp\/v2\/pages"}],"about":[{"href":"https:\/\/www.leinster.nl\/hu\/wp-json\/wp\/v2\/types\/page"}],"author":[{"embeddable":true,"href":"https:\/\/www.leinster.nl\/hu\/wp-json\/wp\/v2\/users\/7"}],"replies":[{"embeddable":true,"href":"https:\/\/www.leinster.nl\/hu\/wp-json\/wp\/v2\/comments?post=265"}],"version-history":[{"count":5,"href":"https:\/\/www.leinster.nl\/hu\/wp-json\/wp\/v2\/pages\/265\/revisions"}],"predecessor-version":[{"id":270,"href":"https:\/\/www.leinster.nl\/hu\/wp-json\/wp\/v2\/pages\/265\/revisions\/270"}],"wp:attachment":[{"href":"https:\/\/www.leinster.nl\/hu\/wp-json\/wp\/v2\/media?parent=265"}],"curies":[{"name":"wp","href":"https:\/\/api.w.org\/{rel}","templated":true}]}}