{"id":265,"date":"2023-11-20T13:52:09","date_gmt":"2023-11-20T13:52:09","guid":{"rendered":"http:\/\/85.10.138.138\/~leinster\/?page_id=265"},"modified":"2023-11-20T15:32:40","modified_gmt":"2023-11-20T15:32:40","slug":"privacy-statement","status":"publish","type":"page","link":"https:\/\/www.leinster.nl\/fr\/privacy-statement\/","title":{"rendered":"D\u00e9claration de confidentialit\u00e9"},"content":{"rendered":"<h2><strong>\u00a0<\/strong><strong>Confidentialit\u00e9 Leinster Property Services<br \/>\n<\/strong>(26-06-2023)<\/h2>\n<p>&nbsp;<\/p>\n<p><strong>Introduction<\/strong><\/p>\n<p>Dans le cadre de nos services, nous traitons des donn\u00e9es \u00e0 caract\u00e8re personnel. Nous pouvons avoir re\u00e7u ces donn\u00e9es de votre part, par exemple par le biais de notre site web, d'un courriel, d'un t\u00e9l\u00e9phone ou d'une application. En outre, nous pouvons obtenir vos donn\u00e9es personnelles dans le cadre de nos services par l'interm\u00e9diaire de tiers. Avec cette d\u00e9claration de confidentialit\u00e9, nous vous informons de la mani\u00e8re dont nous traitons ces donn\u00e9es personnelles.<\/p>\n<p>&nbsp;<\/p>\n<p><strong>Traitement des donn\u00e9es \u00e0 caract\u00e8re personnel et finalit\u00e9s<\/strong><\/p>\n<p>Si nous traitons des donn\u00e9es personnelles, cela se fait conform\u00e9ment aux exigences du r\u00e8glement g\u00e9n\u00e9ral sur la protection des donn\u00e9es (RGPD) et aux lois et r\u00e8glements connexes.<\/p>\n<p>Les donn\u00e9es \u00e0 caract\u00e8re personnel que nous traitons d\u00e9pendent du service et des circonstances. En r\u00e8gle g\u00e9n\u00e9rale, il s'agit des donn\u00e9es suivantes :<\/p>\n<ul>\n<li>Nom et adresse ;<\/li>\n<li>Coordonn\u00e9es (adresses \u00e9lectroniques, num\u00e9ros de t\u00e9l\u00e9phone)<\/li>\n<li>Donn\u00e9es relatives \u00e0 vos activit\u00e9s sur notre site web, adresse IP, navigateur internet et type d'appareil.<\/li>\n<\/ul>\n<p>&nbsp;<\/p>\n<p><strong>Finalit\u00e9s et bases du traitement<\/strong><\/p>\n<p>Dans certains cas, nous traitons des donn\u00e9es \u00e0 caract\u00e8re personnel pour nous conformer \u00e0 une obligation l\u00e9gale, mais le plus souvent nous le faisons pour pouvoir fournir nos services. Certaines donn\u00e9es sont enregistr\u00e9es pour des raisons pratiques ou d'efficacit\u00e9, dont nous supposons (\u00e9ventuellement) qu'elles sont \u00e9galement dans votre int\u00e9r\u00eat :<\/p>\n<ul>\n<li>Communication et information ;<\/li>\n<li>Fournir nos services de la mani\u00e8re la plus efficace possible ;<\/li>\n<li>Am\u00e9liorer nos services ;<\/li>\n<\/ul>\n<p>Plus pr\u00e9cis\u00e9ment, cela signifie \u00e9galement que nous pouvons utiliser vos donn\u00e9es \u00e0 caract\u00e8re personnel \u00e0 des fins de marketing ou pour vous envoyer du mat\u00e9riel promotionnel ou des avis sur nos services, si nous pensons qu'ils peuvent vous int\u00e9resser. Nous pouvons \u00e9galement vous contacter pour vous demander votre avis sur les services que nous fournissons ou \u00e0 des fins d'\u00e9tudes de march\u00e9 ou autres.<\/p>\n<p>Dans certains cas, nous pouvons souhaiter traiter des donn\u00e9es \u00e0 caract\u00e8re personnel pour des raisons autres que celles expos\u00e9es ci-dessus et nous vous demanderons votre consentement explicite \u00e0 cet effet. Si nous voulons traiter des donn\u00e9es \u00e0 caract\u00e8re personnel que nous sommes autoris\u00e9s \u00e0 traiter sur la base de votre consentement \u00e0 des fins diff\u00e9rentes ou plus nombreuses, nous vous demanderons \u00e0 nouveau votre consentement au pr\u00e9alable.<\/p>\n<p>Enfin, nous pouvons \u00e9galement utiliser vos donn\u00e9es \u00e0 caract\u00e8re personnel pour prot\u00e9ger nos droits et nos biens ainsi que ceux de nos utilisateurs et, si n\u00e9cessaire, pour nous conformer \u00e0 des proc\u00e9dures judiciaires.<\/p>\n<p>&nbsp;<\/p>\n<p><strong>Divulgation \u00e0 des tiers<\/strong><\/p>\n<p>Dans le cadre de nos services, nous pouvons avoir recours aux services de tiers, par exemple si ces tiers disposent de connaissances sp\u00e9cialis\u00e9es ou de ressources dont nous ne disposons pas en interne. Il peut s'agir de sous-traitants ou de soustraitants qui traitent les donn\u00e9es \u00e0 caract\u00e8re personnel sur la base de vos instructions pr\u00e9cises. D'autres tiers qui, bien que n'\u00e9tant pas \u00e0 proprement parler un sous-traitant des donn\u00e9es \u00e0 caract\u00e8re personnel, y ont ou peuvent y avoir acc\u00e8s, sont, par exemple, notre administrateur de syst\u00e8me, des fournisseurs ou des h\u00e9bergeurs de logiciels en ligne, ou des consultants dont nous sollicitons l'avis au sujet de votre commande. Si le fait de faire appel \u00e0 des tiers leur permet d'avoir acc\u00e8s aux donn\u00e9es \u00e0 caract\u00e8re personnel qu'ils enregistrent et\/ou traitent eux-m\u00eames, nous conviendrons (par \u00e9crit) avec ces tiers qu'ils se conformeront \u00e0 toutes les obligations de la loi sur la protection des donn\u00e9es. Bien entendu, nous ne ferons appel qu'\u00e0 des tiers dont nous pouvons et pouvons supposer qu'ils sont fiables, qu'ils traitent les donn\u00e9es \u00e0 caract\u00e8re personnel de mani\u00e8re ad\u00e9quate et, par cons\u00e9quent, qu'ils peuvent et veulent se conformer \u00e0 la loi sur la protection des donn\u00e9es. Cela signifie, entre autres, que ces tiers ne peuvent traiter vos donn\u00e9es \u00e0 caract\u00e8re personnel qu'aux fins susmentionn\u00e9es.<\/p>\n<p>Bien entendu, nous pouvons \u00e9galement \u00eatre amen\u00e9s \u00e0 fournir vos donn\u00e9es personnelles \u00e0 des tiers dans le cadre d'une obligation l\u00e9gale.<\/p>\n<p>En aucun cas nous ne fournirons vos donn\u00e9es personnelles \u00e0 des tiers \u00e0 des fins commerciales ou caritatives sans votre consentement explicite.<\/p>\n<p>&nbsp;<\/p>\n<p><strong>D\u00e9lais de conservation<\/strong><\/p>\n<p>Nous ne traiterons pas vos donn\u00e9es personnelles plus longtemps qu'il n'est n\u00e9cessaire pour atteindre l'objectif pour lequel elles ont \u00e9t\u00e9 fournies (voir la section \"Traitement des donn\u00e9es personnelles\").<strong><em>Finalit\u00e9s et bases du traitement<\/em>)<\/strong>. Cela signifie que vos donn\u00e9es personnelles sont conserv\u00e9es aussi longtemps qu'elles sont n\u00e9cessaires pour atteindre les objectifs fix\u00e9s. Certaines donn\u00e9es doivent \u00eatre conserv\u00e9es plus longtemps (g\u00e9n\u00e9ralement 7 ans) parce que nous devons nous conformer \u00e0 des obligations l\u00e9gales de conservation (par exemple, des obligations de conservation fiscale) ou \u00e0 des r\u00e9glementations de notre association professionnelle.<\/p>\n<p>&nbsp;<\/p>\n<p><strong>S\u00e9curit\u00e9<\/strong><\/p>\n<p>Nous avons pris les mesures organisationnelles et techniques appropri\u00e9es pour la protection des donn\u00e9es \u00e0 caract\u00e8re personnel dans la mesure o\u00f9 elles peuvent \u00eatre raisonnablement exig\u00e9es de nous, compte tenu de l'int\u00e9r\u00eat \u00e0 prot\u00e9ger, de l'\u00e9tat de la technique et du co\u00fbt des mesures de s\u00e9curit\u00e9 pertinentes.<\/p>\n<p>Nous exigeons de nos employ\u00e9s et des tiers qui ont n\u00e9cessairement acc\u00e8s aux donn\u00e9es personnelles qu'ils respectent la confidentialit\u00e9. En outre, nous nous assurons que nos employ\u00e9s ont re\u00e7u des instructions correctes et compl\u00e8tes sur la mani\u00e8re de traiter les donn\u00e9es \u00e0 caract\u00e8re personnel et qu'ils sont suffisamment familiaris\u00e9s avec les responsabilit\u00e9s et les obligations de l'AVG. Si vous le souhaitez, nous nous ferons un plaisir de vous informer plus en d\u00e9tail sur la mani\u00e8re dont nous avons con\u00e7u la protection des donn\u00e9es \u00e0 caract\u00e8re personnel.<\/p>\n<p>&nbsp;<\/p>\n<p><strong>Vos droits<\/strong><\/p>\n<p>Vous avez le droit d'acc\u00e9der, de rectifier ou de supprimer les donn\u00e9es personnelles que nous d\u00e9tenons \u00e0 votre sujet (sauf, bien s\u00fbr, si cela interf\u00e8re avec des obligations l\u00e9gales). En outre, vous pouvez vous opposer au traitement de vos donn\u00e9es personnelles (ou d'une partie d'entre elles) par nous ou par l'un de nos sous-traitants. Vous avez \u00e9galement le droit de nous demander de transf\u00e9rer les donn\u00e9es que vous avez fournies \u00e0 vous-m\u00eame ou directement \u00e0 une autre partie si vous le souhaitez.<\/p>\n<p>&nbsp;<\/p>\n<p><strong>Incidents li\u00e9s aux donn\u00e9es personnelles<\/strong><\/p>\n<p>En cas d'incident (appel\u00e9 violation de donn\u00e9es) concernant les donn\u00e9es \u00e0 caract\u00e8re personnel en question, nous vous informerons imm\u00e9diatement, sauf pour des raisons imp\u00e9rieuses, s'il existe un risque concret de cons\u00e9quences n\u00e9gatives pour votre vie priv\u00e9e et la r\u00e9alisation de celle-ci. Nous nous effor\u00e7ons de le faire dans les 48 heures suivant la d\u00e9couverte de cette violation de donn\u00e9es ou la date \u00e0 laquelle nous en sommes inform\u00e9s par nos (sous-)traitants.<\/p>\n<p>&nbsp;<\/p>\n<p><strong>Plaintes<\/strong><\/p>\n<p>Si vous avez une plainte concernant le traitement de vos donn\u00e9es personnelles, nous vous demandons de nous contacter \u00e0 ce sujet. Si cette d\u00e9marche n'aboutit pas \u00e0 un r\u00e9sultat satisfaisant, vous avez toujours le droit de d\u00e9poser une plainte aupr\u00e8s de l'Autorit\u00e9 des donn\u00e9es personnelles, l'autorit\u00e9 de contr\u00f4le dans le domaine de la protection de la vie priv\u00e9e.<\/p>\n<p>&nbsp;<\/p>\n<p><strong>Traitement dans l'EEE<\/strong><\/p>\n<p>Nous ne traiterons les donn\u00e9es \u00e0 caract\u00e8re personnel que dans l'Espace \u00e9conomique europ\u00e9en, \u00e0 moins que vous ne conveniez avec nous d'autres dispositions \u00e9crites \u00e0 ce sujet. Les exceptions \u00e0 cette r\u00e8gle sont les situations dans lesquelles nous souhaitons \u00e9tablir des moments de contact par le biais de notre site web et\/ou de nos pages dans les m\u00e9dias sociaux (tels que Facebook et LinkedIn). Pensez par exemple au nombre de visiteurs et aux pages web demand\u00e9es. Vos donn\u00e9es sont stock\u00e9es par des tiers en dehors de l'UE lorsque vous utilisez Google Analytics, LinkedIn ou Facebook. Ces parties sont certifi\u00e9es \"bouclier de protection de la vie priv\u00e9e UE-\u00c9tats-Unis\" et doivent donc se conformer \u00e0 la r\u00e9glementation europ\u00e9enne en mati\u00e8re de protection de la vie priv\u00e9e. Par ailleurs, cela ne concerne qu'une quantit\u00e9 limit\u00e9e de donn\u00e9es personnelles sensibles, notamment votre adresse IP.<\/p>\n<p>&nbsp;<\/p>\n<p><strong>Changements<\/strong><\/p>\n<p>Il ne fait aucun doute que notre politique en mati\u00e8re de protection de la vie priv\u00e9e sera modifi\u00e9e de temps \u00e0 autre. La version la plus r\u00e9cente de la politique de confidentialit\u00e9 est logiquement la version applicable et peut \u00eatre consult\u00e9e sur notre site web.<\/p>\n<p>&nbsp;<\/p>\n<p><strong>En conclusion<\/strong><\/p>\n<p>Nous esp\u00e9rons que cette d\u00e9claration de confidentialit\u00e9 vous a donn\u00e9 une id\u00e9e claire de notre politique en mati\u00e8re de protection de la vie priv\u00e9e. Toutefois, si vous avez des questions sur la mani\u00e8re dont nous traitons les donn\u00e9es \u00e0 caract\u00e8re personnel, nous serions heureux de les conna\u00eetre. Le premier point de contact pour les questions relatives \u00e0 la protection de la vie priv\u00e9e au sein de notre organisation est le suivant <em>Non Smelt, noes@leinster.nl<\/em><\/p>\n<p>***<\/p>\n<p>&nbsp;<\/p>","protected":false},"excerpt":{"rendered":"<p>\u00a0Privacy Leinster Property Services (26-06-2023) &nbsp; Inleiding In het kader<\/p>","protected":false},"author":7,"featured_media":0,"parent":0,"menu_order":0,"comment_status":"closed","ping_status":"closed","template":"sub-privacy.php","meta":{"_acf_changed":false,"om_disable_all_campaigns":false,"_uf_show_specific_survey":0,"_uf_disable_surveys":false,"footnotes":""},"class_list":["post-265","page","type-page","status-publish","hentry"],"acf":[],"aioseo_notices":[],"yoast_head":"<!-- This site is optimized with the Yoast SEO plugin v26.8 - https:\/\/yoast.com\/product\/yoast-seo-wordpress\/ -->\n<title>Privacy statement - Leinster<\/title>\n<meta name=\"robots\" content=\"index, follow, max-snippet:-1, max-image-preview:large, max-video-preview:-1\" \/>\n<link rel=\"canonical\" href=\"https:\/\/www.leinster.nl\/fr\/privacy-statement\/\" \/>\n<meta property=\"og:locale\" content=\"fr_FR\" \/>\n<meta property=\"og:type\" content=\"article\" \/>\n<meta property=\"og:title\" content=\"Privacy statement - Leinster\" \/>\n<meta property=\"og:description\" content=\"\u00a0Privacy Leinster Property Services (26-06-2023) &nbsp; Inleiding In het kader\" \/>\n<meta property=\"og:url\" content=\"https:\/\/www.leinster.nl\/fr\/privacy-statement\/\" \/>\n<meta property=\"og:site_name\" content=\"Leinster\" \/>\n<meta property=\"article:modified_time\" content=\"2023-11-20T15:32:40+00:00\" \/>\n<meta name=\"twitter:card\" content=\"summary_large_image\" \/>\n<meta name=\"twitter:label1\" content=\"Dur\u00e9e de lecture estim\u00e9e\" \/>\n\t<meta name=\"twitter:data1\" content=\"6 minutes\" \/>\n<script type=\"application\/ld+json\" class=\"yoast-schema-graph\">{\"@context\":\"https:\/\/schema.org\",\"@graph\":[{\"@type\":\"WebPage\",\"@id\":\"https:\/\/www.leinster.nl\/privacy-statement\/\",\"url\":\"https:\/\/www.leinster.nl\/privacy-statement\/\",\"name\":\"Privacy statement - Leinster\",\"isPartOf\":{\"@id\":\"https:\/\/www.leinster.nl\/#website\"},\"datePublished\":\"2023-11-20T13:52:09+00:00\",\"dateModified\":\"2023-11-20T15:32:40+00:00\",\"breadcrumb\":{\"@id\":\"https:\/\/www.leinster.nl\/privacy-statement\/#breadcrumb\"},\"inLanguage\":\"fr-FR\",\"potentialAction\":[{\"@type\":\"ReadAction\",\"target\":[\"https:\/\/www.leinster.nl\/privacy-statement\/\"]}]},{\"@type\":\"BreadcrumbList\",\"@id\":\"https:\/\/www.leinster.nl\/privacy-statement\/#breadcrumb\",\"itemListElement\":[{\"@type\":\"ListItem\",\"position\":1,\"name\":\"Home\",\"item\":\"https:\/\/www.leinster.nl\/\"},{\"@type\":\"ListItem\",\"position\":2,\"name\":\"Privacy statement\"}]},{\"@type\":\"WebSite\",\"@id\":\"https:\/\/www.leinster.nl\/#website\",\"url\":\"https:\/\/www.leinster.nl\/\",\"name\":\"Leinster\",\"description\":\"Vastgoedonderhoud &amp; Service in de breedste zin van het woord\",\"potentialAction\":[{\"@type\":\"SearchAction\",\"target\":{\"@type\":\"EntryPoint\",\"urlTemplate\":\"https:\/\/www.leinster.nl\/?s={search_term_string}\"},\"query-input\":{\"@type\":\"PropertyValueSpecification\",\"valueRequired\":true,\"valueName\":\"search_term_string\"}}],\"inLanguage\":\"fr-FR\"}]}<\/script>\n<!-- \/ Yoast SEO plugin. -->","yoast_head_json":{"title":"Privacy statement - Leinster","robots":{"index":"index","follow":"follow","max-snippet":"max-snippet:-1","max-image-preview":"max-image-preview:large","max-video-preview":"max-video-preview:-1"},"canonical":"https:\/\/www.leinster.nl\/fr\/privacy-statement\/","og_locale":"fr_FR","og_type":"article","og_title":"Privacy statement - Leinster","og_description":"\u00a0Privacy Leinster Property Services (26-06-2023) &nbsp; Inleiding In het kader","og_url":"https:\/\/www.leinster.nl\/fr\/privacy-statement\/","og_site_name":"Leinster","article_modified_time":"2023-11-20T15:32:40+00:00","twitter_card":"summary_large_image","twitter_misc":{"Dur\u00e9e de lecture estim\u00e9e":"6 minutes"},"schema":{"@context":"https:\/\/schema.org","@graph":[{"@type":"WebPage","@id":"https:\/\/www.leinster.nl\/privacy-statement\/","url":"https:\/\/www.leinster.nl\/privacy-statement\/","name":"Privacy statement - Leinster","isPartOf":{"@id":"https:\/\/www.leinster.nl\/#website"},"datePublished":"2023-11-20T13:52:09+00:00","dateModified":"2023-11-20T15:32:40+00:00","breadcrumb":{"@id":"https:\/\/www.leinster.nl\/privacy-statement\/#breadcrumb"},"inLanguage":"fr-FR","potentialAction":[{"@type":"ReadAction","target":["https:\/\/www.leinster.nl\/privacy-statement\/"]}]},{"@type":"BreadcrumbList","@id":"https:\/\/www.leinster.nl\/privacy-statement\/#breadcrumb","itemListElement":[{"@type":"ListItem","position":1,"name":"Home","item":"https:\/\/www.leinster.nl\/"},{"@type":"ListItem","position":2,"name":"Privacy statement"}]},{"@type":"WebSite","@id":"https:\/\/www.leinster.nl\/#website","url":"https:\/\/www.leinster.nl\/","name":"Leinster","description":"Entretien et services immobiliers au sens le plus large du terme","potentialAction":[{"@type":"SearchAction","target":{"@type":"EntryPoint","urlTemplate":"https:\/\/www.leinster.nl\/?s={search_term_string}"},"query-input":{"@type":"PropertyValueSpecification","valueRequired":true,"valueName":"search_term_string"}}],"inLanguage":"fr-FR"}]}},"_links":{"self":[{"href":"https:\/\/www.leinster.nl\/fr\/wp-json\/wp\/v2\/pages\/265","targetHints":{"allow":["GET"]}}],"collection":[{"href":"https:\/\/www.leinster.nl\/fr\/wp-json\/wp\/v2\/pages"}],"about":[{"href":"https:\/\/www.leinster.nl\/fr\/wp-json\/wp\/v2\/types\/page"}],"author":[{"embeddable":true,"href":"https:\/\/www.leinster.nl\/fr\/wp-json\/wp\/v2\/users\/7"}],"replies":[{"embeddable":true,"href":"https:\/\/www.leinster.nl\/fr\/wp-json\/wp\/v2\/comments?post=265"}],"version-history":[{"count":5,"href":"https:\/\/www.leinster.nl\/fr\/wp-json\/wp\/v2\/pages\/265\/revisions"}],"predecessor-version":[{"id":270,"href":"https:\/\/www.leinster.nl\/fr\/wp-json\/wp\/v2\/pages\/265\/revisions\/270"}],"wp:attachment":[{"href":"https:\/\/www.leinster.nl\/fr\/wp-json\/wp\/v2\/media?parent=265"}],"curies":[{"name":"wp","href":"https:\/\/api.w.org\/{rel}","templated":true}]}}