{"id":265,"date":"2023-11-20T13:52:09","date_gmt":"2023-11-20T13:52:09","guid":{"rendered":"http:\/\/85.10.138.138\/~leinster\/?page_id=265"},"modified":"2023-11-20T15:32:40","modified_gmt":"2023-11-20T15:32:40","slug":"privacy-statement","status":"publish","type":"page","link":"https:\/\/www.leinster.nl\/fi\/privacy-statement\/","title":{"rendered":"Tietosuojaseloste"},"content":{"rendered":"<h2><strong>\u00a0<\/strong><strong>Yksityisyys Leinster Property Services<br \/>\n<\/strong>(26-06-2023)<\/h2>\n<p>&nbsp;<\/p>\n<p><strong>Johdanto<\/strong><\/p>\n<p>Osana palveluitamme k\u00e4sittelemme henkil\u00f6tietoja. Olemme saattaneet saada n\u00e4m\u00e4 tiedot sinulta esimerkiksi verkkosivuston, s\u00e4hk\u00f6postin, puhelimen tai sovelluksen kautta. Lis\u00e4ksi saatamme saada henkil\u00f6tietojasi palveluidemme yhteydess\u00e4 kolmansien osapuolten kautta. T\u00e4ll\u00e4 tietosuojaselosteella kerromme sinulle, miten k\u00e4sittelemme n\u00e4it\u00e4 henkil\u00f6tietoja.<\/p>\n<p>&nbsp;<\/p>\n<p><strong>Henkil\u00f6tietojen k\u00e4sittely ja tarkoitukset<\/strong><\/p>\n<p>Jos k\u00e4sittelemme henkil\u00f6tietoja, t\u00e4m\u00e4 tapahtuu yleisen tietosuoja-asetuksen (GDPR) ja siihen liittyvien lakien ja asetusten vaatimusten mukaisesti.<\/p>\n<p>Se, mit\u00e4 henkil\u00f6tietoja k\u00e4sittelemme, riippuu tarkasta palvelusta ja olosuhteista. Tyypillisesti kyse on seuraavista tiedoista:<\/p>\n<ul>\n<li>Nimi ja osoitetiedot;<\/li>\n<li>Yhteystiedot (s\u00e4hk\u00f6postiosoitteet, puhelinnumerot)<\/li>\n<li>Tiedot toiminnoistasi verkkosivustollamme, IP-osoite, internet-selain ja laitetyyppi.<\/li>\n<\/ul>\n<p>&nbsp;<\/p>\n<p><strong>K\u00e4sittelyn tarkoitukset ja perusteet<\/strong><\/p>\n<p>Joissakin tapauksissa k\u00e4sittelemme henkil\u00f6tietoja lakis\u00e4\u00e4teisen velvoitteen noudattamiseksi, mutta useimmiten k\u00e4sittelemme henkil\u00f6tietoja voidaksemme tarjota palveluitamme. Joitakin tietoja tallennetaan k\u00e4yt\u00e4nn\u00f6n syist\u00e4 tai tehokkuuden vuoksi, joiden (voimme olettaa) olevan my\u00f6s sinun etujesi mukaisia, kuten esimerkiksi:<\/p>\n<ul>\n<li>Viestint\u00e4 ja tiedotus;<\/li>\n<li>Tarjoamme palveluitamme mahdollisimman tehokkaasti;<\/li>\n<li>Palveluiden parantaminen;<\/li>\n<\/ul>\n<p>Edell\u00e4 mainittu tarkoittaa erityisesti my\u00f6s sit\u00e4, ett\u00e4 voimme k\u00e4ytt\u00e4\u00e4 henkil\u00f6tietojasi markkinointitarkoituksiin tai l\u00e4hett\u00e4\u00e4ksemme sinulle markkinointimateriaalia tai ilmoituksia palveluistamme, jos uskomme, ett\u00e4 ne saattavat kiinnostaa sinua. Voimme my\u00f6s ottaa sinuun yhteytt\u00e4 pyyt\u00e4\u00e4kseen palautetta tarjoamistamme palveluista tai markkina- tai muihin tutkimustarkoituksiin.<\/p>\n<p>Tarvittaessa saatamme haluta k\u00e4sitell\u00e4 henkil\u00f6tietoja muista kuin edell\u00e4 mainituista syist\u00e4, ja pyyd\u00e4mme siihen nimenomaisen suostumuksesi. Jos haluamme joskus k\u00e4sitell\u00e4 henkil\u00f6tietoja, joita saamme k\u00e4sitell\u00e4 suostumuksesi perusteella eri tai useampiin tarkoituksiin, pyyd\u00e4mme ensin uudelleen suostumuksesi.<\/p>\n<p>Voimme my\u00f6s k\u00e4ytt\u00e4\u00e4 henkil\u00f6tietojasi suojellaksemme omia oikeuksiamme ja k\u00e4ytt\u00e4jiemme oikeuksia tai omaisuutta ja tarvittaessa oikeudenk\u00e4yntien noudattamiseksi.<\/p>\n<p>&nbsp;<\/p>\n<p><strong>Tietojen luovuttaminen kolmansille osapuolille<\/strong><\/p>\n<p>Osana palveluitamme saatamme k\u00e4ytt\u00e4\u00e4 kolmansien osapuolten palveluita, esimerkiksi jos n\u00e4ill\u00e4 kolmansilla osapuolilla on sellaista erityisosaamista tai resursseja, joita meill\u00e4 ei ole omassa yrityksess\u00e4mme. N\u00e4m\u00e4 voivat olla niin sanottuja henkil\u00f6tietojen k\u00e4sittelij\u00f6it\u00e4 tai alihankkijoita, jotka k\u00e4sittelev\u00e4t henkil\u00f6tietoja tarkkojen ohjeidesi perusteella. Muita kolmansia osapuolia, jotka eiv\u00e4t varsinaisesti ole henkil\u00f6tietojen k\u00e4sittelij\u00f6it\u00e4, mutta joilla on tai voi olla p\u00e4\u00e4sy henkil\u00f6tietoihin, ovat esimerkiksi j\u00e4rjestelm\u00e4nvalvojamme, verkko-ohjelmistojen toimittajat tai is\u00e4nn\u00f6intipalvelujen tarjoajat tai konsultit, joiden neuvoja pyyd\u00e4mme tilauksenne osalta. Jos kolmansien osapuolten k\u00e4ytt\u00e4minen johtaa siihen, ett\u00e4 heill\u00e4 on p\u00e4\u00e4sy henkil\u00f6tietoihin tai ett\u00e4 he itse tallentavat ja\/tai muulla tavoin k\u00e4sittelev\u00e4t henkil\u00f6tietoja, sovimme (kirjallisesti) kyseisten kolmansien osapuolten kanssa, ett\u00e4 he noudattavat kaikkia AVG:n velvoitteita. Luonnollisesti k\u00e4yt\u00e4mme vain sellaisia kolmansia osapuolia, joiden voimme ja voimme olettaa olevan luotettavia osapuolia, jotka k\u00e4sittelev\u00e4t henkil\u00f6tietoja asianmukaisesti ja jotka voivat noudattaa ja noudattavat AVG:t\u00e4. T\u00e4m\u00e4 tarkoittaa muun muassa sit\u00e4, ett\u00e4 n\u00e4m\u00e4 kolmannet osapuolet voivat k\u00e4sitell\u00e4 henkil\u00f6tietojasi vain edell\u00e4 mainittuihin tarkoituksiin.<\/p>\n<p>Saatamme my\u00f6s joutua antamaan henkil\u00f6tietojasi kolmansille osapuolille lakis\u00e4\u00e4teisen velvoitteen vuoksi.<\/p>\n<p>Emme miss\u00e4\u00e4n tapauksessa luovuta henkil\u00f6tietojasi kolmansille osapuolille kaupallisiin tai hyv\u00e4ntekev\u00e4isyystarkoituksiin ilman nimenomaista suostumustasi.<\/p>\n<p>&nbsp;<\/p>\n<p><strong>S\u00e4ilytysajat<\/strong><\/p>\n<p>Emme k\u00e4sittele henkil\u00f6tietojasi pidemp\u00e4\u00e4n kuin on hy\u00f6dyllist\u00e4 sen tarkoituksen kannalta, jota varten ne on annettu (ks. kohta<strong><em>\"K\u00e4sittelyn tarkoitukset ja perusteet<\/em>)<\/strong>. T\u00e4m\u00e4 tarkoittaa, ett\u00e4 henkil\u00f6tietojasi s\u00e4ilytet\u00e4\u00e4n niin kauan kuin niit\u00e4 tarvitaan asianomaisten tarkoitusten saavuttamiseksi. Tiettyj\u00e4 tietoja on s\u00e4ilytett\u00e4v\u00e4 pidemp\u00e4\u00e4n (yleens\u00e4 7 vuotta), koska meid\u00e4n on noudatettava lakis\u00e4\u00e4teisi\u00e4 s\u00e4ilytysvelvoitteita (esim. verovelvoitteita) tai ammattij\u00e4rjest\u00f6mme m\u00e4\u00e4r\u00e4yksi\u00e4.<\/p>\n<p>&nbsp;<\/p>\n<p><strong>Turvallisuus<\/strong><\/p>\n<p>Olemme toteuttaneet asianmukaiset organisatoriset ja tekniset toimenpiteet henkil\u00f6tietojen suojaamiseksi siin\u00e4 m\u00e4\u00e4rin kuin meilt\u00e4 voidaan kohtuudella vaatia, ottaen huomioon suojattava etu, tekniikan taso ja asiaankuuluvien turvatoimien kustannukset.<\/p>\n<p>Vaadimme ty\u00f6ntekij\u00f6ilt\u00e4mme ja kaikilta kolmansilta osapuolilta, joilla on v\u00e4ltt\u00e4m\u00e4tt\u00e4 p\u00e4\u00e4sy henkil\u00f6tietoihin, luottamuksellisuuden s\u00e4ilytt\u00e4mist\u00e4. Lis\u00e4ksi varmistamme, ett\u00e4 ty\u00f6ntekij\u00e4mme ovat muutoinkin saaneet oikeat ja t\u00e4ydelliset ohjeet henkil\u00f6tietojen k\u00e4sittelyst\u00e4 ja ett\u00e4 he tuntevat riitt\u00e4v\u00e4sti AVG:n vastuut ja velvollisuudet. Halutessasi kerromme mielell\u00e4mme lis\u00e4\u00e4 siit\u00e4, miten olemme suunnitelleet henkil\u00f6tietojen suojauksen.<\/p>\n<p>&nbsp;<\/p>\n<p><strong>Sinun oikeutesi<\/strong><\/p>\n<p>Sinulla on oikeus tutustua sinusta hallussamme oleviin henkil\u00f6tietoihin, oikaista ne tai poistaa ne (paitsi tietenkin, jos t\u00e4m\u00e4 on ristiriidassa lakis\u00e4\u00e4teisten velvoitteiden kanssa). Lis\u00e4ksi voit vastustaa henkil\u00f6tietojesi (tai niiden osan) k\u00e4sittely\u00e4 meid\u00e4n tai jonkin henkil\u00f6tietojen k\u00e4sittelij\u00e4mme toimesta. Sinulla on my\u00f6s oikeus pyyt\u00e4\u00e4 meit\u00e4 siirt\u00e4m\u00e4\u00e4n antamasi tiedot itsellesi tai suoraan toiselle osapuolelle, jos niin haluat.<\/p>\n<p>&nbsp;<\/p>\n<p><strong>Henkil\u00f6tietoja koskevat vaaratilanteet<\/strong><\/p>\n<p>Jos kyseisiin henkil\u00f6tietoihin liittyy vaaratilanne (niin sanottu tietoturvaloukkaus), ilmoitamme sinulle v\u00e4litt\u00f6m\u00e4sti, ellei ole pakottavia syit\u00e4, jos on olemassa konkreettinen riski kielteisist\u00e4 seurauksista yksityisyydellesi ja sen toteutumiselle. Pyrimme tekem\u00e4\u00e4n t\u00e4m\u00e4n 48 tunnin kuluessa siit\u00e4, kun olemme havainneet tietoturvaloukkauksen tai kun (ali)k\u00e4sittelij\u00e4mme ovat ilmoittaneet siit\u00e4.<\/p>\n<p>&nbsp;<\/p>\n<p><strong>Valitukset<\/strong><\/p>\n<p>Jos sinulla on valitus henkil\u00f6tietojesi k\u00e4sittelyst\u00e4, pyyd\u00e4mme sinua ottamaan meihin yhteytt\u00e4. Jos t\u00e4m\u00e4 ei johda tyydytt\u00e4v\u00e4\u00e4n lopputulokseen, sinulla on aina oikeus tehd\u00e4 valitus henkil\u00f6tietoviranomaiselle, joka on yksityisyyden suojaa valvova viranomainen.<\/p>\n<p>&nbsp;<\/p>\n<p><strong>K\u00e4sittely ETA:ssa<\/strong><\/p>\n<p>K\u00e4sittelemme henkil\u00f6tietoja vain Euroopan talousalueella, ellet sovi kanssamme muista kirjallisista j\u00e4rjestelyist\u00e4. Poikkeuksena t\u00e4st\u00e4 ovat tilanteet, joissa haluamme kartoittaa yhteydenottohetki\u00e4 verkkosivustomme ja\/tai sosiaalisen median sivujemme (kuten Facebook ja LinkedIn) kautta. Ajattele esimerkiksi k\u00e4vij\u00e4m\u00e4\u00e4ri\u00e4 ja pyydettyj\u00e4 verkkosivuja. Google Analyticsia, LinkedIni\u00e4 tai Facebookia k\u00e4ytett\u00e4ess\u00e4 tietojasi tallentavat EU:n ulkopuoliset kolmannet osapuolet. N\u00e4m\u00e4 osapuolet ovat \"EU-US Privacy Shield\" -sertifioituja, joten niiden on noudatettava eurooppalaisia tietosuojas\u00e4\u00e4nn\u00f6ksi\u00e4. T\u00e4m\u00e4 koskee muuten vain rajallista m\u00e4\u00e4r\u00e4\u00e4 arkaluonteisia henkil\u00f6tietoja, erityisesti IP-osoitettasi.<\/p>\n<p>&nbsp;<\/p>\n<p><strong>Muutokset<\/strong><\/p>\n<p>Ep\u00e4ilem\u00e4tt\u00e4 tietosuojak\u00e4yt\u00e4nt\u00f6mme muuttuu aika ajoin. Tietosuojaselosteen viimeisin versio on loogisesti voimassa oleva versio, ja se l\u00f6ytyy verkkosivuiltamme.<\/p>\n<p>&nbsp;<\/p>\n<p><strong>Lopuksi<\/strong><\/p>\n<p>Toivomme, ett\u00e4 t\u00e4m\u00e4 tietosuojaseloste on antanut sinulle selke\u00e4n kuvan tietosuojak\u00e4yt\u00e4nn\u00f6ist\u00e4mme. Jos sinulla on kuitenkin kysytt\u00e4v\u00e4\u00e4 siit\u00e4, miten k\u00e4sittelemme henkil\u00f6tietoja, otamme mielell\u00e4mme yhteytt\u00e4. Organisaatiomme ensimm\u00e4inen yhteyshenkil\u00f6 yksityisyyden suojaan liittyviss\u00e4 asioissa on <em>Ei puolesta Smelt, noes@leinster.nl<\/em><\/p>\n<p>***<\/p>\n<p>&nbsp;<\/p>","protected":false},"excerpt":{"rendered":"<p>\u00a0Privacy Leinster Property Services (26-06-2023) &nbsp; Inleiding In het kader<\/p>","protected":false},"author":7,"featured_media":0,"parent":0,"menu_order":0,"comment_status":"closed","ping_status":"closed","template":"sub-privacy.php","meta":{"_acf_changed":false,"om_disable_all_campaigns":false,"_uf_show_specific_survey":0,"_uf_disable_surveys":false,"footnotes":""},"class_list":["post-265","page","type-page","status-publish","hentry"],"acf":[],"aioseo_notices":[],"yoast_head":"<!-- This site is optimized with the Yoast SEO plugin v26.8 - https:\/\/yoast.com\/product\/yoast-seo-wordpress\/ -->\n<title>Privacy statement - Leinster<\/title>\n<meta name=\"robots\" content=\"index, follow, max-snippet:-1, max-image-preview:large, max-video-preview:-1\" \/>\n<link rel=\"canonical\" href=\"https:\/\/www.leinster.nl\/fi\/privacy-statement\/\" \/>\n<meta property=\"og:locale\" content=\"fi_FI\" \/>\n<meta property=\"og:type\" content=\"article\" \/>\n<meta property=\"og:title\" content=\"Privacy statement - Leinster\" \/>\n<meta property=\"og:description\" content=\"\u00a0Privacy Leinster Property Services (26-06-2023) &nbsp; Inleiding In het kader\" \/>\n<meta property=\"og:url\" content=\"https:\/\/www.leinster.nl\/fi\/privacy-statement\/\" \/>\n<meta property=\"og:site_name\" content=\"Leinster\" \/>\n<meta property=\"article:modified_time\" content=\"2023-11-20T15:32:40+00:00\" \/>\n<meta name=\"twitter:card\" content=\"summary_large_image\" \/>\n<meta name=\"twitter:label1\" content=\"Arvioitu lukuaika\" \/>\n\t<meta name=\"twitter:data1\" content=\"6 minuuttia\" \/>\n<script type=\"application\/ld+json\" class=\"yoast-schema-graph\">{\"@context\":\"https:\/\/schema.org\",\"@graph\":[{\"@type\":\"WebPage\",\"@id\":\"https:\/\/www.leinster.nl\/privacy-statement\/\",\"url\":\"https:\/\/www.leinster.nl\/privacy-statement\/\",\"name\":\"Privacy statement - Leinster\",\"isPartOf\":{\"@id\":\"https:\/\/www.leinster.nl\/#website\"},\"datePublished\":\"2023-11-20T13:52:09+00:00\",\"dateModified\":\"2023-11-20T15:32:40+00:00\",\"breadcrumb\":{\"@id\":\"https:\/\/www.leinster.nl\/privacy-statement\/#breadcrumb\"},\"inLanguage\":\"fi\",\"potentialAction\":[{\"@type\":\"ReadAction\",\"target\":[\"https:\/\/www.leinster.nl\/privacy-statement\/\"]}]},{\"@type\":\"BreadcrumbList\",\"@id\":\"https:\/\/www.leinster.nl\/privacy-statement\/#breadcrumb\",\"itemListElement\":[{\"@type\":\"ListItem\",\"position\":1,\"name\":\"Home\",\"item\":\"https:\/\/www.leinster.nl\/\"},{\"@type\":\"ListItem\",\"position\":2,\"name\":\"Privacy statement\"}]},{\"@type\":\"WebSite\",\"@id\":\"https:\/\/www.leinster.nl\/#website\",\"url\":\"https:\/\/www.leinster.nl\/\",\"name\":\"Leinster\",\"description\":\"Vastgoedonderhoud &amp; Service in de breedste zin van het woord\",\"potentialAction\":[{\"@type\":\"SearchAction\",\"target\":{\"@type\":\"EntryPoint\",\"urlTemplate\":\"https:\/\/www.leinster.nl\/?s={search_term_string}\"},\"query-input\":{\"@type\":\"PropertyValueSpecification\",\"valueRequired\":true,\"valueName\":\"search_term_string\"}}],\"inLanguage\":\"fi\"}]}<\/script>\n<!-- \/ Yoast SEO plugin. -->","yoast_head_json":{"title":"Privacy statement - Leinster","robots":{"index":"index","follow":"follow","max-snippet":"max-snippet:-1","max-image-preview":"max-image-preview:large","max-video-preview":"max-video-preview:-1"},"canonical":"https:\/\/www.leinster.nl\/fi\/privacy-statement\/","og_locale":"fi_FI","og_type":"article","og_title":"Privacy statement - Leinster","og_description":"\u00a0Privacy Leinster Property Services (26-06-2023) &nbsp; Inleiding In het kader","og_url":"https:\/\/www.leinster.nl\/fi\/privacy-statement\/","og_site_name":"Leinster","article_modified_time":"2023-11-20T15:32:40+00:00","twitter_card":"summary_large_image","twitter_misc":{"Arvioitu lukuaika":"6 minuuttia"},"schema":{"@context":"https:\/\/schema.org","@graph":[{"@type":"WebPage","@id":"https:\/\/www.leinster.nl\/privacy-statement\/","url":"https:\/\/www.leinster.nl\/privacy-statement\/","name":"Privacy statement - Leinster","isPartOf":{"@id":"https:\/\/www.leinster.nl\/#website"},"datePublished":"2023-11-20T13:52:09+00:00","dateModified":"2023-11-20T15:32:40+00:00","breadcrumb":{"@id":"https:\/\/www.leinster.nl\/privacy-statement\/#breadcrumb"},"inLanguage":"fi","potentialAction":[{"@type":"ReadAction","target":["https:\/\/www.leinster.nl\/privacy-statement\/"]}]},{"@type":"BreadcrumbList","@id":"https:\/\/www.leinster.nl\/privacy-statement\/#breadcrumb","itemListElement":[{"@type":"ListItem","position":1,"name":"Home","item":"https:\/\/www.leinster.nl\/"},{"@type":"ListItem","position":2,"name":"Privacy statement"}]},{"@type":"WebSite","@id":"https:\/\/www.leinster.nl\/#website","url":"https:\/\/www.leinster.nl\/","name":"Leinster","description":"Vastgoedonderhoud &amp; Service in de breedste zin van het woord","potentialAction":[{"@type":"SearchAction","target":{"@type":"EntryPoint","urlTemplate":"https:\/\/www.leinster.nl\/?s={search_term_string}"},"query-input":{"@type":"PropertyValueSpecification","valueRequired":true,"valueName":"search_term_string"}}],"inLanguage":"fi"}]}},"_links":{"self":[{"href":"https:\/\/www.leinster.nl\/fi\/wp-json\/wp\/v2\/pages\/265","targetHints":{"allow":["GET"]}}],"collection":[{"href":"https:\/\/www.leinster.nl\/fi\/wp-json\/wp\/v2\/pages"}],"about":[{"href":"https:\/\/www.leinster.nl\/fi\/wp-json\/wp\/v2\/types\/page"}],"author":[{"embeddable":true,"href":"https:\/\/www.leinster.nl\/fi\/wp-json\/wp\/v2\/users\/7"}],"replies":[{"embeddable":true,"href":"https:\/\/www.leinster.nl\/fi\/wp-json\/wp\/v2\/comments?post=265"}],"version-history":[{"count":5,"href":"https:\/\/www.leinster.nl\/fi\/wp-json\/wp\/v2\/pages\/265\/revisions"}],"predecessor-version":[{"id":270,"href":"https:\/\/www.leinster.nl\/fi\/wp-json\/wp\/v2\/pages\/265\/revisions\/270"}],"wp:attachment":[{"href":"https:\/\/www.leinster.nl\/fi\/wp-json\/wp\/v2\/media?parent=265"}],"curies":[{"name":"wp","href":"https:\/\/api.w.org\/{rel}","templated":true}]}}