{"id":265,"date":"2023-11-20T13:52:09","date_gmt":"2023-11-20T13:52:09","guid":{"rendered":"http:\/\/85.10.138.138\/~leinster\/?page_id=265"},"modified":"2023-11-20T15:32:40","modified_gmt":"2023-11-20T15:32:40","slug":"privacy-statement","status":"publish","type":"page","link":"https:\/\/www.leinster.nl\/et\/privacy-statement\/","title":{"rendered":"Privaatsusavaldus"},"content":{"rendered":"<h2><strong>\u00a0<\/strong><strong>Privaatsus Leinster Property Services<br \/>\n<\/strong>(26-06-2023)<\/h2>\n<p>&nbsp;<\/p>\n<p><strong>Sissejuhatus<\/strong><\/p>\n<p>Meie teenuste raames t\u00f6\u00f6tleme isikuandmeid. Oleme need andmed saanud teilt n\u00e4iteks meie veebisaidi, e-posti, telefoni v\u00f5i rakenduse kaudu. Lisaks v\u00f5ime saada teie isikuandmeid meie teenuste raames kolmandate isikute kaudu. K\u00e4esoleva privaatsusavaldusega teavitame teid sellest, kuidas me neid isikuandmeid k\u00e4sitleme.<\/p>\n<p>&nbsp;<\/p>\n<p><strong>Isikuandmete t\u00f6\u00f6tlemine ja eesm\u00e4rgid<\/strong><\/p>\n<p>Kui me t\u00f6\u00f6tleme isikuandmeid, siis toimub see koosk\u00f5las isikuandmete kaitse \u00fcldm\u00e4\u00e4ruse (GDPR) ja sellega seotud seaduste ja m\u00e4\u00e4ruste n\u00f5uetega.<\/p>\n<p>Milliseid isikuandmeid me t\u00f6\u00f6tleme, s\u00f5ltub konkreetsest teenusest ja asjaoludest. Tavaliselt h\u00f5lmab see j\u00e4rgmisi andmeid:<\/p>\n<ul>\n<li>Nimi ja aadressiandmed;<\/li>\n<li>Kontaktandmed (e-posti aadressid, telefoninumbrid)<\/li>\n<li>andmed teie tegevuse kohta meie veebisaidil, IP-aadress, internetibrauser ja seadme t\u00fc\u00fcp.<\/li>\n<\/ul>\n<p>&nbsp;<\/p>\n<p><strong>T\u00f6\u00f6tlemise eesm\u00e4rgid ja alused<\/strong><\/p>\n<p>M\u00f5nel juhul t\u00f6\u00f6tleme isikuandmeid juriidilise kohustuse t\u00e4itmiseks, kuid enamasti teeme seda selleks, et saaksime oma teenuseid osutada. M\u00f5ned andmed salvestatakse praktilistel v\u00f5i t\u00f5hususe kaalutlustel, mille puhul me (v\u00f5ime) eeldada, et need on ka teie huvides, n\u00e4iteks:<\/p>\n<ul>\n<li>Kommunikatsioon ja teavitamine;<\/li>\n<li>Meie teenuste osutamine k\u00f5ige t\u00f5husamal viisil;<\/li>\n<li>Meie teenuste parandamine;<\/li>\n<\/ul>\n<p>Konkreetselt t\u00e4hendab see ka seda, et v\u00f5ime kasutada teie isikuandmeid turunduslikel eesm\u00e4rkidel v\u00f5i saata teile reklaammaterjale v\u00f5i teateid meie teenuste kohta, kui arvame, et need v\u00f5ivad teile huvi pakkuda. Samuti v\u00f5ime teiega \u00fchendust v\u00f5tta, et k\u00fcsida tagasisidet meie pakutavate teenuste kohta v\u00f5i turu- v\u00f5i muudel uuringutel.<\/p>\n<p>Vajadusel v\u00f5ime soovida t\u00f6\u00f6delda isikuandmeid muudel kui eespool nimetatud p\u00f5hjustel ja me k\u00fcsime selleks teie selges\u00f5nalist n\u00f5usolekut. Kui me kunagi soovime t\u00f6\u00f6delda isikuandmeid, mida meil on lubatud t\u00f6\u00f6delda teie n\u00f5usoleku alusel teistel v\u00f5i rohkematel eesm\u00e4rkidel, k\u00fcsime teilt k\u00f5igepealt uuesti n\u00f5usolekut.<\/p>\n<p>L\u00f5puks v\u00f5ime kasutada teie isikuandmeid ka selleks, et kaitsta meie enda ja meie kasutajate \u00f5igusi v\u00f5i omandit ning vajaduse korral t\u00e4ita kohtumenetlusi.<\/p>\n<p>&nbsp;<\/p>\n<p><strong>Avalikustamine kolmandatele isikutele<\/strong><\/p>\n<p>Osana meie teenustest v\u00f5ime kasutada kolmandate isikute teenuseid, n\u00e4iteks kui neil kolmandatel isikutel on eriteadmised v\u00f5i ressursid, mida meil ettev\u00f5ttesiseselt ei ole. Need v\u00f5ivad olla nn volitatud t\u00f6\u00f6tlejad v\u00f5i allt\u00f6\u00f6tlejad, kes t\u00f6\u00f6tlevad isikuandmeid teie t\u00e4psete juhiste alusel. Muud kolmandad isikud, kes ei ole k\u00fcll rangelt v\u00f5ttes isikuandmete t\u00f6\u00f6tlejad, kuid kellel on v\u00f5i v\u00f5ib olla juurdep\u00e4\u00e4s isikuandmetele, on n\u00e4iteks meie s\u00fcsteemiadministraator, veebitarkvara tarnijad v\u00f5i veebitarkvara majutajad v\u00f5i konsultandid, kelle n\u00f5uandeid me teie tellimuse kohta k\u00fcsime. Kui kolmandate isikute kaasamine toob kaasa selle, et neil on juurdep\u00e4\u00e4s isikuandmetele v\u00f5i et nad ise salvestavad ja\/v\u00f5i t\u00f6\u00f6tlevad neid muul viisil, lepime nende kolmandate isikutega (kirjalikult) kokku, et nad t\u00e4idavad k\u00f5iki AVG-st tulenevaid kohustusi. Loomulikult kaasame ainult sellised kolmandad isikud, kelle puhul v\u00f5ime ja v\u00f5ime eeldada, et nad on usaldusv\u00e4\u00e4rsed isikud, kes k\u00e4itlevad isikuandmeid asjakohaselt ja kes saavad ja j\u00e4rgivad AVG-d. See t\u00e4hendab muu hulgas, et need kolmandad isikud v\u00f5ivad teie isikuandmeid t\u00f6\u00f6delda ainult eespool nimetatud eesm\u00e4rkidel.<\/p>\n<p>Loomulikult v\u00f5ib meil olla vaja edastada teie isikuandmeid ka kolmandatele isikutele seoses juriidilise kohustusega.<\/p>\n<p>Mitte mingil juhul ei anna me teie isikuandmeid kolmandatele isikutele \u00e4rilistel v\u00f5i heategevuslikel eesm\u00e4rkidel ilma teie selges\u00f5nalise n\u00f5usolekuta.<\/p>\n<p>&nbsp;<\/p>\n<p><strong>S\u00e4ilitamisperioodid<\/strong><\/p>\n<p>Me ei t\u00f6\u00f6tle teie isikuandmeid kauem, kui see on vajalik selle eesm\u00e4rgi saavutamiseks, milleks need on esitatud (vt jaotist<strong><em>\"T\u00f6\u00f6tlemise eesm\u00e4rgid ja alused<\/em>)<\/strong>. See t\u00e4hendab, et teie isikuandmeid s\u00e4ilitatakse nii kaua, kui neid on vaja asjakohaste eesm\u00e4rkide saavutamiseks. Teatud andmeid tuleb s\u00e4ilitada kauem (tavaliselt 7 aastat), sest peame t\u00e4itma \u00f5iguslikke s\u00e4ilitamiskohustusi (nt maksude s\u00e4ilitamise kohustus) v\u00f5i meie kutse\u00fchingu eeskirju.<\/p>\n<p>&nbsp;<\/p>\n<p><strong>Turvalisus<\/strong><\/p>\n<p>Oleme v\u00f5tnud isikuandmete kaitseks asjakohaseid organisatsioonilisi ja tehnilisi meetmeid sellises ulatuses, mida meilt v\u00f5ib m\u00f5istlikult n\u00f5uda, v\u00f5ttes arvesse kaitstavat huvi, tehnika taset ja asjakohaste turvameetmete kulusid.<\/p>\n<p>N\u00f5uame oma t\u00f6\u00f6tajatelt ja kolmandatelt isikutelt, kellel on tingimata juurdep\u00e4\u00e4s isikuandmetele, konfidentsiaalsuse s\u00e4ilitamist. Lisaks tagame, et meie t\u00f6\u00f6tajad on saanud muidu korrektsed ja t\u00e4ielikud juhised isikuandmete k\u00e4itlemise kohta ning et nad on piisavalt kursis AVG vastutusega ja kohustustega. Soovi korral teavitame teid hea meelega l\u00e4hemalt sellest, kuidas me oleme isikuandmete kaitse kujundanud.<\/p>\n<p>&nbsp;<\/p>\n<p><strong>Teie \u00f5igused<\/strong><\/p>\n<p>Teil on \u00f5igus tutvuda teie kohta k\u00e4ivate isikuandmetega, neid parandada v\u00f5i kustutada (v\u00e4lja arvatud muidugi juhul, kui see on vastuolus \u00f5iguslike kohustustega). Lisaks v\u00f5ite esitada vastuv\u00e4iteid oma isikuandmete (v\u00f5i nende osa) t\u00f6\u00f6tlemisele meie v\u00f5i m\u00f5ne meie volitatud t\u00f6\u00f6tleja poolt. Samuti on teil \u00f5igus lasta meil edastada teie esitatud andmeid endale v\u00f5i otse teisele osapoolele, kui te seda soovite.<\/p>\n<p>&nbsp;<\/p>\n<p><strong>Isikuandmetega seotud juhtumid<\/strong><\/p>\n<p>Kui k\u00f5nealuste isikuandmetega seoses toimub intsident (nn andmekaitserikkumine), teavitame teid viivitamata, kui on olemas kaalukad p\u00f5hjused, kui on olemas konkreetne oht, et teie privaatsusele ja selle realiseerimisele v\u00f5ivad kaasneda negatiivsed tagaj\u00e4rjed. Meie eesm\u00e4rk on teha seda 48 tunni jooksul p\u00e4rast seda, kui me avastame selle andmerikkumise v\u00f5i kui meie (all)t\u00f6\u00f6tlejad meid sellest teavitavad.<\/p>\n<p>&nbsp;<\/p>\n<p><strong>Kaebused<\/strong><\/p>\n<p>Kui teil on kaebus teie isikuandmete t\u00f6\u00f6tlemise kohta, palume teil sellega seoses meiega \u00fchendust v\u00f5tta. Kui see ei vii rahuldava tulemuseni, on teil alati \u00f5igus esitada kaebus isikuandmete kaitse ametiasutusele, mis on eraelu puutumatuse valdkonna j\u00e4relevalveasutus.<\/p>\n<p>&nbsp;<\/p>\n<p><strong>T\u00f6\u00f6tlemine EMPs<\/strong><\/p>\n<p>Me t\u00f6\u00f6tleme isikuandmeid ainult Euroopa Majanduspiirkonnas, kui te ei ole meiega kirjalikult kokku leppinud muudes kokkulepetes. Erandiks on olukorrad, kus me soovime kaardistada kontaktihetki meie veebisaidi ja\/v\u00f5i sotsiaalmeedia lehek\u00fclgede (nt Facebook ja LinkedIn) kaudu. M\u00f5elge n\u00e4iteks k\u00fclastajate arvule ja soovitud veebilehtedele. Google Analyticsi, LinkedIni v\u00f5i Facebooki kasutamisel salvestavad teie andmeid kolmandad isikud v\u00e4ljaspool ELi. Need osapooled on sertifitseeritud ELi-USA privaatsuskilbiga, seega peavad nad j\u00e4rgima Euroopa eraelu puutumatuseeskirju. Muide, see puudutab ainult piiratud hulka tundlikke isikuandmeid, eelk\u00f5ige teie IP-aadressi.<\/p>\n<p>&nbsp;<\/p>\n<p><strong>Muudatused<\/strong><\/p>\n<p>Kahtlemata muutub meie privaatsuspoliitika aeg-ajalt. K\u00f5ige uuem versioon privaatsuspoliitikast on loogiliselt kehtiv versioon ja see on leitav meie veebisaidil.<\/p>\n<p>&nbsp;<\/p>\n<p><strong>Kokkuv\u00f5ttes<\/strong><\/p>\n<p>Loodame, et see privaatsusavalduse on andnud teile selge pildi meie privaatsuspoliitikast. Kui teil peaks siiski olema k\u00fcsimusi selle kohta, kuidas me isikuandmeid k\u00e4sitleme, siis v\u00f5tame teiega hea meelega \u00fchendust. Meie organisatsiooni esimene kontaktisik privaatsusk\u00fcsimustes on <em>Noes Smelt, noes@leinster.nl<\/em><\/p>\n<p>***<\/p>\n<p>&nbsp;<\/p>","protected":false},"excerpt":{"rendered":"<p>\u00a0Privacy Leinster Property Services (26-06-2023) &nbsp; Inleiding In het kader<\/p>","protected":false},"author":7,"featured_media":0,"parent":0,"menu_order":0,"comment_status":"closed","ping_status":"closed","template":"sub-privacy.php","meta":{"_acf_changed":false,"om_disable_all_campaigns":false,"_uf_show_specific_survey":0,"_uf_disable_surveys":false,"footnotes":""},"class_list":["post-265","page","type-page","status-publish","hentry"],"acf":[],"aioseo_notices":[],"yoast_head":"<!-- This site is optimized with the Yoast SEO plugin v26.8 - https:\/\/yoast.com\/product\/yoast-seo-wordpress\/ -->\n<title>Privacy statement - Leinster<\/title>\n<meta name=\"robots\" content=\"index, follow, max-snippet:-1, max-image-preview:large, max-video-preview:-1\" \/>\n<link rel=\"canonical\" href=\"https:\/\/www.leinster.nl\/et\/privacy-statement\/\" \/>\n<meta property=\"og:locale\" content=\"et_EE\" \/>\n<meta property=\"og:type\" content=\"article\" \/>\n<meta property=\"og:title\" content=\"Privacy statement - Leinster\" \/>\n<meta property=\"og:description\" content=\"\u00a0Privacy Leinster Property Services (26-06-2023) &nbsp; Inleiding In het kader\" \/>\n<meta property=\"og:url\" content=\"https:\/\/www.leinster.nl\/et\/privacy-statement\/\" \/>\n<meta property=\"og:site_name\" content=\"Leinster\" \/>\n<meta property=\"article:modified_time\" content=\"2023-11-20T15:32:40+00:00\" \/>\n<meta name=\"twitter:card\" content=\"summary_large_image\" \/>\n<meta name=\"twitter:label1\" content=\"Est. reading time\" \/>\n\t<meta name=\"twitter:data1\" content=\"6 minutit\" \/>\n<script type=\"application\/ld+json\" class=\"yoast-schema-graph\">{\"@context\":\"https:\/\/schema.org\",\"@graph\":[{\"@type\":\"WebPage\",\"@id\":\"https:\/\/www.leinster.nl\/privacy-statement\/\",\"url\":\"https:\/\/www.leinster.nl\/privacy-statement\/\",\"name\":\"Privacy statement - Leinster\",\"isPartOf\":{\"@id\":\"https:\/\/www.leinster.nl\/#website\"},\"datePublished\":\"2023-11-20T13:52:09+00:00\",\"dateModified\":\"2023-11-20T15:32:40+00:00\",\"breadcrumb\":{\"@id\":\"https:\/\/www.leinster.nl\/privacy-statement\/#breadcrumb\"},\"inLanguage\":\"et\",\"potentialAction\":[{\"@type\":\"ReadAction\",\"target\":[\"https:\/\/www.leinster.nl\/privacy-statement\/\"]}]},{\"@type\":\"BreadcrumbList\",\"@id\":\"https:\/\/www.leinster.nl\/privacy-statement\/#breadcrumb\",\"itemListElement\":[{\"@type\":\"ListItem\",\"position\":1,\"name\":\"Home\",\"item\":\"https:\/\/www.leinster.nl\/\"},{\"@type\":\"ListItem\",\"position\":2,\"name\":\"Privacy statement\"}]},{\"@type\":\"WebSite\",\"@id\":\"https:\/\/www.leinster.nl\/#website\",\"url\":\"https:\/\/www.leinster.nl\/\",\"name\":\"Leinster\",\"description\":\"Vastgoedonderhoud &amp; Service in de breedste zin van het woord\",\"potentialAction\":[{\"@type\":\"SearchAction\",\"target\":{\"@type\":\"EntryPoint\",\"urlTemplate\":\"https:\/\/www.leinster.nl\/?s={search_term_string}\"},\"query-input\":{\"@type\":\"PropertyValueSpecification\",\"valueRequired\":true,\"valueName\":\"search_term_string\"}}],\"inLanguage\":\"et\"}]}<\/script>\n<!-- \/ Yoast SEO plugin. -->","yoast_head_json":{"title":"Privacy statement - Leinster","robots":{"index":"index","follow":"follow","max-snippet":"max-snippet:-1","max-image-preview":"max-image-preview:large","max-video-preview":"max-video-preview:-1"},"canonical":"https:\/\/www.leinster.nl\/et\/privacy-statement\/","og_locale":"et_EE","og_type":"article","og_title":"Privacy statement - Leinster","og_description":"\u00a0Privacy Leinster Property Services (26-06-2023) &nbsp; Inleiding In het kader","og_url":"https:\/\/www.leinster.nl\/et\/privacy-statement\/","og_site_name":"Leinster","article_modified_time":"2023-11-20T15:32:40+00:00","twitter_card":"summary_large_image","twitter_misc":{"Est. reading time":"6 minutit"},"schema":{"@context":"https:\/\/schema.org","@graph":[{"@type":"WebPage","@id":"https:\/\/www.leinster.nl\/privacy-statement\/","url":"https:\/\/www.leinster.nl\/privacy-statement\/","name":"Privacy statement - Leinster","isPartOf":{"@id":"https:\/\/www.leinster.nl\/#website"},"datePublished":"2023-11-20T13:52:09+00:00","dateModified":"2023-11-20T15:32:40+00:00","breadcrumb":{"@id":"https:\/\/www.leinster.nl\/privacy-statement\/#breadcrumb"},"inLanguage":"et","potentialAction":[{"@type":"ReadAction","target":["https:\/\/www.leinster.nl\/privacy-statement\/"]}]},{"@type":"BreadcrumbList","@id":"https:\/\/www.leinster.nl\/privacy-statement\/#breadcrumb","itemListElement":[{"@type":"ListItem","position":1,"name":"Home","item":"https:\/\/www.leinster.nl\/"},{"@type":"ListItem","position":2,"name":"Privacy statement"}]},{"@type":"WebSite","@id":"https:\/\/www.leinster.nl\/#website","url":"https:\/\/www.leinster.nl\/","name":"Leinster","description":"Vastgoedonderhoud &amp; Service in de breedste zin van het woord","potentialAction":[{"@type":"SearchAction","target":{"@type":"EntryPoint","urlTemplate":"https:\/\/www.leinster.nl\/?s={search_term_string}"},"query-input":{"@type":"PropertyValueSpecification","valueRequired":true,"valueName":"search_term_string"}}],"inLanguage":"et"}]}},"_links":{"self":[{"href":"https:\/\/www.leinster.nl\/et\/wp-json\/wp\/v2\/pages\/265","targetHints":{"allow":["GET"]}}],"collection":[{"href":"https:\/\/www.leinster.nl\/et\/wp-json\/wp\/v2\/pages"}],"about":[{"href":"https:\/\/www.leinster.nl\/et\/wp-json\/wp\/v2\/types\/page"}],"author":[{"embeddable":true,"href":"https:\/\/www.leinster.nl\/et\/wp-json\/wp\/v2\/users\/7"}],"replies":[{"embeddable":true,"href":"https:\/\/www.leinster.nl\/et\/wp-json\/wp\/v2\/comments?post=265"}],"version-history":[{"count":5,"href":"https:\/\/www.leinster.nl\/et\/wp-json\/wp\/v2\/pages\/265\/revisions"}],"predecessor-version":[{"id":270,"href":"https:\/\/www.leinster.nl\/et\/wp-json\/wp\/v2\/pages\/265\/revisions\/270"}],"wp:attachment":[{"href":"https:\/\/www.leinster.nl\/et\/wp-json\/wp\/v2\/media?parent=265"}],"curies":[{"name":"wp","href":"https:\/\/api.w.org\/{rel}","templated":true}]}}