{"id":265,"date":"2023-11-20T13:52:09","date_gmt":"2023-11-20T13:52:09","guid":{"rendered":"http:\/\/85.10.138.138\/~leinster\/?page_id=265"},"modified":"2023-11-20T15:32:40","modified_gmt":"2023-11-20T15:32:40","slug":"privacy-statement","status":"publish","type":"page","link":"https:\/\/www.leinster.nl\/es\/privacy-statement\/","title":{"rendered":"Declaraci\u00f3n de confidencialidad"},"content":{"rendered":"<h2><strong>\u00a0<\/strong><strong>Privacidad Leinster Property Services<br \/>\n<\/strong>(26-06-2023)<\/h2>\n<p>&nbsp;<\/p>\n<p><strong>Introducci\u00f3n<\/strong><\/p>\n<p>Como parte de nuestros servicios, procesamos datos personales. Podemos haber recibido estos datos de usted, por ejemplo a trav\u00e9s de nuestro sitio web, correo electr\u00f3nico, tel\u00e9fono o aplicaci\u00f3n. Adem\u00e1s, podemos obtener sus datos personales en el contexto de nuestros servicios a trav\u00e9s de terceros. Con esta declaraci\u00f3n de privacidad, le informamos de c\u00f3mo tratamos estos datos personales.<\/p>\n<p>&nbsp;<\/p>\n<p><strong>Tratamiento de datos personales y fines<\/strong><\/p>\n<p>Si procesamos Datos Personales, esto se hace de acuerdo con los requisitos del Reglamento General de Protecci\u00f3n de Datos (GDPR) y las leyes y reglamentos relacionados.<\/p>\n<p>Los datos personales que tratamos dependen del servicio exacto y de las circunstancias. Normalmente se trata de los siguientes datos:<\/p>\n<ul>\n<li>Nombre y direcci\u00f3n;<\/li>\n<li>Datos de contacto (direcciones de correo electr\u00f3nico, n\u00fameros de tel\u00e9fono)<\/li>\n<li>Datos sobre sus actividades en nuestro sitio web, direcci\u00f3n IP, navegador de Internet y tipo de dispositivo.<\/li>\n<\/ul>\n<p>&nbsp;<\/p>\n<p><strong>Finalidad y fundamento del tratamiento<\/strong><\/p>\n<p>En algunos casos, tratamos datos personales para cumplir una obligaci\u00f3n legal, pero sobre todo lo hacemos para poder prestar nuestros servicios. Algunos datos se registran por razones pr\u00e1cticas o de eficiencia, que (podemos) suponer que tambi\u00e9n redundan en su inter\u00e9s, como por ejemplo:<\/p>\n<ul>\n<li>Comunicaci\u00f3n e informaci\u00f3n;<\/li>\n<li>Prestar nuestros servicios de la forma m\u00e1s eficaz posible;<\/li>\n<li>Mejorar nuestros servicios;<\/li>\n<\/ul>\n<p>Concretamente, lo anterior tambi\u00e9n significa que podemos utilizar sus datos personales con fines de marketing o para enviarle material promocional o avisos sobre nuestros servicios, si consideramos que pueden ser de su inter\u00e9s. Tambi\u00e9n podemos ponernos en contacto con usted para pedirle su opini\u00f3n sobre los servicios que prestamos o con fines de investigaci\u00f3n de mercado o de otro tipo.<\/p>\n<p>En su caso, es posible que deseemos tratar datos personales por motivos distintos de los expuestos anteriormente, para lo cual solicitaremos su consentimiento expl\u00edcito. Si alguna vez queremos tratar datos personales que estamos autorizados a tratar sobre la base de su consentimiento para fines diferentes o m\u00e1s, le pediremos de nuevo su consentimiento primero.<\/p>\n<p>Por \u00faltimo, tambi\u00e9n podemos utilizar sus datos personales para proteger nuestros derechos o propiedades y los de nuestros usuarios y, si es necesario, para cumplir con procedimientos legales.<\/p>\n<p>&nbsp;<\/p>\n<p><strong>Divulgaci\u00f3n a terceros<\/strong><\/p>\n<p>Como parte de nuestros servicios, podemos utilizar los servicios de terceros, por ejemplo si estos terceros tienen conocimientos especializados o recursos de los que nosotros no disponemos internamente. Puede tratarse de los denominados encargados o subencargados del tratamiento, que tratar\u00e1n los datos personales siguiendo exactamente sus instrucciones. Otros terceros que, aunque no sean procesadores de datos personales en sentido estricto, tienen o pueden tener acceso a los mismos son, por ejemplo, nuestro administrador de sistemas, proveedores o proveedores de alojamiento de software en l\u00ednea, o consultores cuyo asesoramiento solicitamos en relaci\u00f3n con su pedido. Si la contrataci\u00f3n de terceros da lugar a que \u00e9stos tengan acceso a los datos personales o que ellos mismos registren y\/o procesen de otro modo, acordaremos (por escrito) con dichos terceros que cumplir\u00e1n todas las obligaciones de la AVG. Naturalmente, s\u00f3lo contrataremos a terceros de los que podamos suponer que son fiables, que tratan los datos personales adecuadamente y que, por lo tanto, pueden cumplir y cumplir\u00e1n la AVG. Esto significa, entre otras cosas, que estos terceros s\u00f3lo podr\u00e1n tratar sus datos personales para los fines mencionados.<\/p>\n<p>Por supuesto, tambi\u00e9n es posible que tengamos que facilitar sus datos personales a terceros en relaci\u00f3n con una obligaci\u00f3n legal.<\/p>\n<p>En ning\u00fan caso facilitaremos sus datos personales a terceros con fines comerciales o ben\u00e9ficos sin su consentimiento expl\u00edcito.<\/p>\n<p>&nbsp;<\/p>\n<p><strong>Per\u00edodos de conservaci\u00f3n<\/strong><\/p>\n<p>No procesaremos sus datos personales durante m\u00e1s tiempo del que sea \u00fatil para el fin para el que se facilitaron (consulte la secci\u00f3n '<strong><em>Finalidad y fundamento del tratamiento<\/em>)<\/strong>. Esto significa que sus datos personales se conservan mientras sean necesarios para alcanzar los fines pertinentes. Algunos datos deben conservarse durante m\u00e1s tiempo (normalmente 7 a\u00f1os) porque tenemos que cumplir obligaciones legales de conservaci\u00f3n (por ejemplo, obligaciones fiscales) o en relaci\u00f3n con normativas de nuestra asociaci\u00f3n profesional.<\/p>\n<p>&nbsp;<\/p>\n<p><strong>Seguridad<\/strong><\/p>\n<p>Hemos adoptado las medidas organizativas y t\u00e9cnicas adecuadas para la protecci\u00f3n de los datos personales en la medida en que se nos puede exigir razonablemente, teniendo en cuenta el inter\u00e9s que debe protegerse, el estado de la t\u00e9cnica y los costes de las medidas de seguridad pertinentes.<\/p>\n<p>Exigimos a nuestros empleados y a cualquier tercero que necesariamente tenga acceso a los datos personales que mantengan la confidencialidad. Adem\u00e1s, nos aseguramos de que nuestros empleados hayan recibido instrucciones correctas y completas sobre c\u00f3mo tratar los datos personales y de que est\u00e9n suficientemente familiarizados con las responsabilidades y obligaciones de la AVG. Si lo desea, estaremos encantados de informarle con m\u00e1s detalle sobre c\u00f3mo hemos dise\u00f1ado la protecci\u00f3n de los datos personales.<\/p>\n<p>&nbsp;<\/p>\n<p><strong>Sus derechos<\/strong><\/p>\n<p>Tiene derecho a acceder, rectificar o suprimir los datos personales que tenemos sobre usted (excepto, por supuesto, si esto interfiere con alguna obligaci\u00f3n legal). Adem\u00e1s, puede oponerse al tratamiento de sus datos personales (o parte de ellos) por nosotros o por uno de nuestros procesadores. Tambi\u00e9n tiene derecho a que transfiramos los datos que nos ha facilitado a usted o directamente a otra parte si as\u00ed lo desea.<\/p>\n<p>&nbsp;<\/p>\n<p><strong>Incidentes relacionados con datos personales<\/strong><\/p>\n<p>Si se produce un incidente (la denominada violaci\u00f3n de datos) en relaci\u00f3n con los datos personales en cuesti\u00f3n, le informaremos inmediatamente, a menos que existan razones de peso, si existe un riesgo concreto de consecuencias negativas para su privacidad y la realizaci\u00f3n de la misma. Nuestro objetivo es hacerlo en un plazo de 48 horas a partir del momento en que descubramos esta violaci\u00f3n de datos o nos informen de ella nuestros (sub)procesadores.<\/p>\n<p>&nbsp;<\/p>\n<p><strong>Quejas<\/strong><\/p>\n<p>Si tiene alguna queja sobre el tratamiento de sus datos personales, le rogamos que se ponga en contacto con nosotros al respecto. En caso de que esto no conduzca a un resultado satisfactorio, siempre tendr\u00e1 derecho a presentar una reclamaci\u00f3n ante la Autoridad de Datos Personales; la autoridad supervisora en el \u00e1mbito de la privacidad.<\/p>\n<p>&nbsp;<\/p>\n<p><strong>Tratamiento en el EEE<\/strong><\/p>\n<p>S\u00f3lo procesaremos datos personales dentro del Espacio Econ\u00f3mico Europeo, a menos que acuerde con nosotros por escrito otra cosa al respecto. Las excepciones a esta norma son las situaciones en las que queremos trazar momentos de contacto a trav\u00e9s de nuestro sitio web y\/o p\u00e1ginas de redes sociales (como Facebook y LinkedIn). Piense, por ejemplo, en el n\u00famero de visitantes y las p\u00e1ginas web solicitadas. Sus datos son almacenados por terceros fuera de la UE cuando se utiliza Google Analytics, LinkedIn o Facebook. Estos terceros cuentan con la certificaci\u00f3n \"EU-US Privacy Shield\", por lo que deben cumplir la normativa europea sobre privacidad. Por cierto, esto solo afecta a una cantidad limitada de datos personales sensibles, en particular su direcci\u00f3n IP.<\/p>\n<p>&nbsp;<\/p>\n<p><strong>Cambios<\/strong><\/p>\n<p>Sin duda, nuestra pol\u00edtica de privacidad cambiar\u00e1 de vez en cuando. La versi\u00f3n m\u00e1s reciente de la pol\u00edtica de privacidad es l\u00f3gicamente la versi\u00f3n aplicable y puede encontrarse en nuestro sitio web.<\/p>\n<p>&nbsp;<\/p>\n<p><strong>En conclusi\u00f3n<\/strong><\/p>\n<p>Esperamos que esta declaraci\u00f3n de privacidad le haya dado una idea clara de nuestra pol\u00edtica de privacidad. No obstante, si tiene alguna pregunta sobre c\u00f3mo tratamos los datos personales, estaremos encantados de escucharle. El primer punto de contacto para cuestiones de privacidad en nuestra organizaci\u00f3n es <em>Noes Smelt, noes@leinster.nl<\/em><\/p>\n<p>***<\/p>\n<p>&nbsp;<\/p>","protected":false},"excerpt":{"rendered":"<p>\u00a0Privacy Leinster Property Services (26-06-2023) &nbsp; Inleiding In het kader<\/p>","protected":false},"author":7,"featured_media":0,"parent":0,"menu_order":0,"comment_status":"closed","ping_status":"closed","template":"sub-privacy.php","meta":{"_acf_changed":false,"om_disable_all_campaigns":false,"_uf_show_specific_survey":0,"_uf_disable_surveys":false,"footnotes":""},"class_list":["post-265","page","type-page","status-publish","hentry"],"acf":[],"aioseo_notices":[],"yoast_head":"<!-- This site is optimized with the Yoast SEO plugin v26.8 - https:\/\/yoast.com\/product\/yoast-seo-wordpress\/ -->\n<title>Privacy statement - Leinster<\/title>\n<meta name=\"robots\" content=\"index, follow, max-snippet:-1, max-image-preview:large, max-video-preview:-1\" \/>\n<link rel=\"canonical\" href=\"https:\/\/www.leinster.nl\/es\/privacy-statement\/\" \/>\n<meta property=\"og:locale\" content=\"es_ES\" \/>\n<meta property=\"og:type\" content=\"article\" \/>\n<meta property=\"og:title\" content=\"Privacy statement - Leinster\" \/>\n<meta property=\"og:description\" content=\"\u00a0Privacy Leinster Property Services (26-06-2023) &nbsp; Inleiding In het kader\" \/>\n<meta property=\"og:url\" content=\"https:\/\/www.leinster.nl\/es\/privacy-statement\/\" \/>\n<meta property=\"og:site_name\" content=\"Leinster\" \/>\n<meta property=\"article:modified_time\" content=\"2023-11-20T15:32:40+00:00\" \/>\n<meta name=\"twitter:card\" content=\"summary_large_image\" \/>\n<meta name=\"twitter:label1\" content=\"Tiempo de lectura\" \/>\n\t<meta name=\"twitter:data1\" content=\"6 minutos\" \/>\n<script type=\"application\/ld+json\" class=\"yoast-schema-graph\">{\"@context\":\"https:\/\/schema.org\",\"@graph\":[{\"@type\":\"WebPage\",\"@id\":\"https:\/\/www.leinster.nl\/privacy-statement\/\",\"url\":\"https:\/\/www.leinster.nl\/privacy-statement\/\",\"name\":\"Privacy statement - Leinster\",\"isPartOf\":{\"@id\":\"https:\/\/www.leinster.nl\/#website\"},\"datePublished\":\"2023-11-20T13:52:09+00:00\",\"dateModified\":\"2023-11-20T15:32:40+00:00\",\"breadcrumb\":{\"@id\":\"https:\/\/www.leinster.nl\/privacy-statement\/#breadcrumb\"},\"inLanguage\":\"es\",\"potentialAction\":[{\"@type\":\"ReadAction\",\"target\":[\"https:\/\/www.leinster.nl\/privacy-statement\/\"]}]},{\"@type\":\"BreadcrumbList\",\"@id\":\"https:\/\/www.leinster.nl\/privacy-statement\/#breadcrumb\",\"itemListElement\":[{\"@type\":\"ListItem\",\"position\":1,\"name\":\"Home\",\"item\":\"https:\/\/www.leinster.nl\/\"},{\"@type\":\"ListItem\",\"position\":2,\"name\":\"Privacy statement\"}]},{\"@type\":\"WebSite\",\"@id\":\"https:\/\/www.leinster.nl\/#website\",\"url\":\"https:\/\/www.leinster.nl\/\",\"name\":\"Leinster\",\"description\":\"Vastgoedonderhoud &amp; Service in de breedste zin van het woord\",\"potentialAction\":[{\"@type\":\"SearchAction\",\"target\":{\"@type\":\"EntryPoint\",\"urlTemplate\":\"https:\/\/www.leinster.nl\/?s={search_term_string}\"},\"query-input\":{\"@type\":\"PropertyValueSpecification\",\"valueRequired\":true,\"valueName\":\"search_term_string\"}}],\"inLanguage\":\"es\"}]}<\/script>\n<!-- \/ Yoast SEO plugin. -->","yoast_head_json":{"title":"Privacy statement - Leinster","robots":{"index":"index","follow":"follow","max-snippet":"max-snippet:-1","max-image-preview":"max-image-preview:large","max-video-preview":"max-video-preview:-1"},"canonical":"https:\/\/www.leinster.nl\/es\/privacy-statement\/","og_locale":"es_ES","og_type":"article","og_title":"Privacy statement - Leinster","og_description":"\u00a0Privacy Leinster Property Services (26-06-2023) &nbsp; Inleiding In het kader","og_url":"https:\/\/www.leinster.nl\/es\/privacy-statement\/","og_site_name":"Leinster","article_modified_time":"2023-11-20T15:32:40+00:00","twitter_card":"summary_large_image","twitter_misc":{"Tiempo de lectura":"6 minutos"},"schema":{"@context":"https:\/\/schema.org","@graph":[{"@type":"WebPage","@id":"https:\/\/www.leinster.nl\/privacy-statement\/","url":"https:\/\/www.leinster.nl\/privacy-statement\/","name":"Privacy statement - Leinster","isPartOf":{"@id":"https:\/\/www.leinster.nl\/#website"},"datePublished":"2023-11-20T13:52:09+00:00","dateModified":"2023-11-20T15:32:40+00:00","breadcrumb":{"@id":"https:\/\/www.leinster.nl\/privacy-statement\/#breadcrumb"},"inLanguage":"es","potentialAction":[{"@type":"ReadAction","target":["https:\/\/www.leinster.nl\/privacy-statement\/"]}]},{"@type":"BreadcrumbList","@id":"https:\/\/www.leinster.nl\/privacy-statement\/#breadcrumb","itemListElement":[{"@type":"ListItem","position":1,"name":"Home","item":"https:\/\/www.leinster.nl\/"},{"@type":"ListItem","position":2,"name":"Privacy statement"}]},{"@type":"WebSite","@id":"https:\/\/www.leinster.nl\/#website","url":"https:\/\/www.leinster.nl\/","name":"Leinster","description":"Mantenimiento y servicios inmobiliarios en el sentido m\u00e1s amplio de la palabra","potentialAction":[{"@type":"SearchAction","target":{"@type":"EntryPoint","urlTemplate":"https:\/\/www.leinster.nl\/?s={search_term_string}"},"query-input":{"@type":"PropertyValueSpecification","valueRequired":true,"valueName":"search_term_string"}}],"inLanguage":"es"}]}},"_links":{"self":[{"href":"https:\/\/www.leinster.nl\/es\/wp-json\/wp\/v2\/pages\/265","targetHints":{"allow":["GET"]}}],"collection":[{"href":"https:\/\/www.leinster.nl\/es\/wp-json\/wp\/v2\/pages"}],"about":[{"href":"https:\/\/www.leinster.nl\/es\/wp-json\/wp\/v2\/types\/page"}],"author":[{"embeddable":true,"href":"https:\/\/www.leinster.nl\/es\/wp-json\/wp\/v2\/users\/7"}],"replies":[{"embeddable":true,"href":"https:\/\/www.leinster.nl\/es\/wp-json\/wp\/v2\/comments?post=265"}],"version-history":[{"count":5,"href":"https:\/\/www.leinster.nl\/es\/wp-json\/wp\/v2\/pages\/265\/revisions"}],"predecessor-version":[{"id":270,"href":"https:\/\/www.leinster.nl\/es\/wp-json\/wp\/v2\/pages\/265\/revisions\/270"}],"wp:attachment":[{"href":"https:\/\/www.leinster.nl\/es\/wp-json\/wp\/v2\/media?parent=265"}],"curies":[{"name":"wp","href":"https:\/\/api.w.org\/{rel}","templated":true}]}}