{"id":265,"date":"2023-11-20T13:52:09","date_gmt":"2023-11-20T13:52:09","guid":{"rendered":"http:\/\/85.10.138.138\/~leinster\/?page_id=265"},"modified":"2023-11-20T15:32:40","modified_gmt":"2023-11-20T15:32:40","slug":"privacy-statement","status":"publish","type":"page","link":"https:\/\/www.leinster.nl\/da\/privacy-statement\/","title":{"rendered":"Erkl\u00e6ring om beskyttelse af personlige oplysninger"},"content":{"rendered":"<h2><strong>\u00a0<\/strong><strong>Privatliv Leinster Property Services<br \/>\n<\/strong>(26-06-2023)<\/h2>\n<p>&nbsp;<\/p>\n<p><strong>Introduktion<\/strong><\/p>\n<p>Som en del af vores tjenester behandler vi personoplysninger. Vi kan have modtaget disse data fra dig, f.eks. via vores hjemmeside, e-mail, telefon eller app. Derudover kan vi indhente dine personlige data i forbindelse med vores tjenester gennem tredjeparter. Med denne fortrolighedserkl\u00e6ring informerer vi dig om, hvordan vi h\u00e5ndterer disse personoplysninger.<\/p>\n<p>&nbsp;<\/p>\n<p><strong>Behandling af personlige data og form\u00e5l<\/strong><\/p>\n<p>Hvis vi behandler persondata, sker det i overensstemmelse med kravene i den generelle forordning om databeskyttelse (GDPR) og relaterede love og regler.<\/p>\n<p>Hvilke personoplysninger vi behandler, afh\u00e6nger af den konkrete tjeneste og omst\u00e6ndighederne. Typisk drejer det sig om f\u00f8lgende data:<\/p>\n<ul>\n<li>Navn og adresseoplysninger;<\/li>\n<li>Kontaktoplysninger (e-mailadresser, telefonnumre)<\/li>\n<li>Data om dine aktiviteter p\u00e5 vores hjemmeside, IP-adresse, internetbrowser og enhedstype.<\/li>\n<\/ul>\n<p>&nbsp;<\/p>\n<p><strong>Form\u00e5l med og grundlag for behandling<\/strong><\/p>\n<p>I nogle tilf\u00e6lde behandler vi persondata for at overholde en juridisk forpligtelse, men for det meste g\u00f8r vi det for at kunne udf\u00f8re vores tjenester. Nogle data registreres af praktiske eller effektivitetsm\u00e6ssige \u00e5rsager, som vi (m\u00e5ske) antager ogs\u00e5 er i din interesse, f.eks:<\/p>\n<ul>\n<li>Kommunikation og information;<\/li>\n<li>Vi leverer vores tjenester p\u00e5 den mest effektive m\u00e5de;<\/li>\n<li>Forbedring af vores tjenester;<\/li>\n<\/ul>\n<p>Specifikt betyder ovenst\u00e5ende ogs\u00e5, at vi kan bruge dine personlige data til markedsf\u00f8ringsform\u00e5l eller til at sende dig reklamemateriale eller meddelelser om vores tjenester, hvis vi mener, at disse kan v\u00e6re af interesse for dig. Vi kan ogs\u00e5 kontakte dig for at bede om feedback p\u00e5 de tjenester, vi leverer, eller til markeds- eller andre forskningsform\u00e5l.<\/p>\n<p>I relevante tilf\u00e6lde kan vi \u00f8nske at behandle personoplysninger af andre grunde end dem, der er angivet ovenfor, og vi vil s\u00f8ge dit udtrykkelige samtykke til at g\u00f8re det. Hvis vi nogensinde \u00f8nsker at behandle personoplysninger, som vi har tilladelse til at behandle p\u00e5 grundlag af dit samtykke, til andre eller flere form\u00e5l, vil vi f\u00f8rst bede dig om dit samtykke igen.<\/p>\n<p>Endelig kan vi ogs\u00e5 bruge dine personoplysninger til at beskytte vores egne og vores brugeres rettigheder eller ejendom og, om n\u00f8dvendigt, til at overholde retslige procedurer.<\/p>\n<p>&nbsp;<\/p>\n<p><strong>Videregivelse til tredjeparter<\/strong><\/p>\n<p>Som en del af vores tjenester kan vi bruge tjenester fra tredjeparter, for eksempel hvis disse tredjeparter har specialviden eller ressourcer, som vi ikke har internt. Disse kan v\u00e6re s\u00e5kaldte databehandlere eller underdatabehandlere, som behandler personoplysninger p\u00e5 grundlag af dine n\u00f8jagtige instruktioner. Andre tredjeparter, der, selvom de strengt taget ikke er databehandlere, har eller kan have adgang til personoplysningerne, er f.eks. vores systemadministrator, leverand\u00f8rer eller hostingpartnere af onlinesoftware eller konsulenter, hvis r\u00e5d vi s\u00f8ger vedr\u00f8rende din ordre. Hvis det at engagere tredjeparter resulterer i, at de har adgang til personoplysningerne, eller at de selv registrerer og\/eller p\u00e5 anden m\u00e5de behandler dem, aftaler vi (skriftligt) med disse tredjeparter, at de vil overholde alle forpligtelser i AVG. Vi vil naturligvis kun engagere tredjeparter, som vi kan og m\u00e5 antage er p\u00e5lidelige parter, der h\u00e5ndterer personoplysninger p\u00e5 passende vis, og som for den sags skyld kan og vil overholde AVG. Det betyder bl.a., at disse tredjeparter kun m\u00e5 behandle dine personoplysninger til de f\u00f8rn\u00e6vnte form\u00e5l.<\/p>\n<p>Selvf\u00f8lgelig kan vi ogs\u00e5 v\u00e6re n\u00f8dt til at give dine personlige data til tredjeparter i forbindelse med en juridisk forpligtelse.<\/p>\n<p>Vi videregiver under ingen omst\u00e6ndigheder dine personlige oplysninger til tredjeparter til kommercielle eller velg\u00f8rende form\u00e5l uden dit udtrykkelige samtykke.<\/p>\n<p>&nbsp;<\/p>\n<p><strong>Opbevaringsperioder<\/strong><\/p>\n<p>Vi behandler ikke dine personlige data i l\u00e6ngere tid, end det er n\u00f8dvendigt til det form\u00e5l, de blev givet til (se afsnittet '<strong><em>\"Form\u00e5l med og grundlag for behandling<\/em>)<\/strong>. Det betyder, at dine personlige data opbevares, s\u00e5 l\u00e6nge det er n\u00f8dvendigt for at opn\u00e5 de relevante form\u00e5l. Visse data skal opbevares l\u00e6ngere (normalt 7 \u00e5r), fordi vi skal overholde juridiske opbevaringsforpligtelser (f.eks. skatteopbevaringsforpligtelser) eller i forbindelse med regler fra vores faglige sammenslutning.<\/p>\n<p>&nbsp;<\/p>\n<p><strong>Sikkerhed<\/strong><\/p>\n<p>Vi har truffet passende organisatoriske og tekniske foranstaltninger til beskyttelse af personoplysninger i det omfang, det med rimelighed kan kr\u00e6ves af os, under hensyntagen til den interesse, der skal beskyttes, det aktuelle tekniske niveau og omkostningerne ved de relevante sikkerhedsforanstaltninger.<\/p>\n<p>Vi kr\u00e6ver, at vores medarbejdere og eventuelle tredjeparter, der n\u00f8dvendigvis har adgang til personoplysningerne, opretholder fortrolighed. Desuden sikrer vi, at vores medarbejdere i \u00f8vrigt har modtaget korrekte og fuldst\u00e6ndige instruktioner om, hvordan de skal h\u00e5ndtere personoplysninger, og at de er tilstr\u00e6kkeligt fortrolige med AVG's ansvar og forpligtelser. Hvis du \u00f8nsker det, vil vi med gl\u00e6de informere dig yderligere om, hvordan vi har designet beskyttelsen af personoplysninger.<\/p>\n<p>&nbsp;<\/p>\n<p><strong>Dine rettigheder<\/strong><\/p>\n<p>Du har ret til at f\u00e5 adgang til, berigtige eller slette de personoplysninger, vi har om dig (undtagen selvf\u00f8lgelig, hvis dette er i strid med juridiske forpligtelser). Desuden kan du g\u00f8re indsigelse mod behandlingen af dine personlige data (eller en del af dem) af os eller af en af vores processorer. Du har ogs\u00e5 ret til at f\u00e5 os til at overf\u00f8re de data, du har givet til dig selv eller direkte til en anden part, hvis du \u00f8nsker det.<\/p>\n<p>&nbsp;<\/p>\n<p><strong>H\u00e6ndelser med personlige data<\/strong><\/p>\n<p>Hvis der sker en h\u00e6ndelse (et s\u00e5kaldt databrud) vedr\u00f8rende de p\u00e5g\u00e6ldende personoplysninger, vil vi straks informere dig, medmindre der er tvingende grunde, hvis der er en konkret risiko for negative konsekvenser for dit privatliv og realiseringen heraf. Vi tilstr\u00e6ber at g\u00f8re dette inden for 48 timer efter, at vi har opdaget bruddet p\u00e5 datasikkerheden eller er blevet informeret om det af vores (under)behandlere.<\/p>\n<p>&nbsp;<\/p>\n<p><strong>Klager<\/strong><\/p>\n<p>Hvis du har en klage over behandlingen af dine personlige data, beder vi dig kontakte os om dette. Hvis dette ikke f\u00f8rer til et tilfredsstillende resultat, har du altid ret til at indgive en klage til persondatatilsynet; tilsynsmyndigheden inden for privatlivets fred.<\/p>\n<p>&nbsp;<\/p>\n<p><strong>Behandling inden for E\u00d8S<\/strong><\/p>\n<p>Vi behandler kun personoplysninger inden for Det Europ\u00e6iske \u00d8konomiske Samarbejdsomr\u00e5de, medmindre du indg\u00e5r andre skriftlige aftaler med os om dette. Undtagelser fra dette er situationer, hvor vi \u00f8nsker at kortl\u00e6gge kontaktmomenter via vores hjemmeside og\/eller sider p\u00e5 sociale medier (som Facebook og LinkedIn). T\u00e6nk f.eks. p\u00e5 bes\u00f8gstal og anmodede websider. Dine data gemmes af tredjeparter uden for EU, n\u00e5r du bruger Google Analytics, LinkedIn eller Facebook. Disse parter er 'EU-US Privacy Shield'-certificerede, s\u00e5 de skal overholde de europ\u00e6iske databeskyttelsesregler. I \u00f8vrigt drejer det sig kun om en begr\u00e6nset m\u00e6ngde f\u00f8lsomme persondata, is\u00e6r din IP-adresse.<\/p>\n<p>&nbsp;<\/p>\n<p><strong>\u00c6ndringer<\/strong><\/p>\n<p>Vores privatlivspolitik vil utvivlsomt \u00e6ndre sig fra tid til anden. Den seneste version af privatlivspolitikken er logisk nok den g\u00e6ldende version og kan findes p\u00e5 vores hjemmeside.<\/p>\n<p>&nbsp;<\/p>\n<p><strong>Afslutningsvis<\/strong><\/p>\n<p>Vi h\u00e5ber, at denne fortrolighedserkl\u00e6ring har givet dig et klart billede af vores fortrolighedspolitik. Men hvis du har sp\u00f8rgsm\u00e5l om, hvordan vi h\u00e5ndterer personlige data, vil vi v\u00e6re glade for at h\u00f8re fra dig. F\u00f8rste kontaktpunkt for privatlivssp\u00f8rgsm\u00e5l i vores organisation er <em>Nej Smelt, noes@leinster.nl<\/em><\/p>\n<p>***<\/p>\n<p>&nbsp;<\/p>","protected":false},"excerpt":{"rendered":"<p>\u00a0Privacy Leinster Property Services (26-06-2023) &nbsp; Inleiding In het kader<\/p>","protected":false},"author":7,"featured_media":0,"parent":0,"menu_order":0,"comment_status":"closed","ping_status":"closed","template":"sub-privacy.php","meta":{"_acf_changed":false,"om_disable_all_campaigns":false,"_uf_show_specific_survey":0,"_uf_disable_surveys":false,"footnotes":""},"class_list":["post-265","page","type-page","status-publish","hentry"],"acf":[],"aioseo_notices":[],"yoast_head":"<!-- This site is optimized with the Yoast SEO plugin v26.8 - https:\/\/yoast.com\/product\/yoast-seo-wordpress\/ -->\n<title>Privacy statement - Leinster<\/title>\n<meta name=\"robots\" content=\"index, follow, max-snippet:-1, max-image-preview:large, max-video-preview:-1\" \/>\n<link rel=\"canonical\" href=\"https:\/\/www.leinster.nl\/da\/privacy-statement\/\" \/>\n<meta property=\"og:locale\" content=\"da_DK\" \/>\n<meta property=\"og:type\" content=\"article\" \/>\n<meta property=\"og:title\" content=\"Privacy statement - Leinster\" \/>\n<meta property=\"og:description\" content=\"\u00a0Privacy Leinster Property Services (26-06-2023) &nbsp; Inleiding In het kader\" \/>\n<meta property=\"og:url\" content=\"https:\/\/www.leinster.nl\/da\/privacy-statement\/\" \/>\n<meta property=\"og:site_name\" content=\"Leinster\" \/>\n<meta property=\"article:modified_time\" content=\"2023-11-20T15:32:40+00:00\" \/>\n<meta name=\"twitter:card\" content=\"summary_large_image\" \/>\n<meta name=\"twitter:label1\" content=\"Estimeret l\u00e6setid\" \/>\n\t<meta name=\"twitter:data1\" content=\"6 minutter\" \/>\n<script type=\"application\/ld+json\" class=\"yoast-schema-graph\">{\"@context\":\"https:\/\/schema.org\",\"@graph\":[{\"@type\":\"WebPage\",\"@id\":\"https:\/\/www.leinster.nl\/privacy-statement\/\",\"url\":\"https:\/\/www.leinster.nl\/privacy-statement\/\",\"name\":\"Privacy statement - Leinster\",\"isPartOf\":{\"@id\":\"https:\/\/www.leinster.nl\/#website\"},\"datePublished\":\"2023-11-20T13:52:09+00:00\",\"dateModified\":\"2023-11-20T15:32:40+00:00\",\"breadcrumb\":{\"@id\":\"https:\/\/www.leinster.nl\/privacy-statement\/#breadcrumb\"},\"inLanguage\":\"da-DK\",\"potentialAction\":[{\"@type\":\"ReadAction\",\"target\":[\"https:\/\/www.leinster.nl\/privacy-statement\/\"]}]},{\"@type\":\"BreadcrumbList\",\"@id\":\"https:\/\/www.leinster.nl\/privacy-statement\/#breadcrumb\",\"itemListElement\":[{\"@type\":\"ListItem\",\"position\":1,\"name\":\"Home\",\"item\":\"https:\/\/www.leinster.nl\/\"},{\"@type\":\"ListItem\",\"position\":2,\"name\":\"Privacy statement\"}]},{\"@type\":\"WebSite\",\"@id\":\"https:\/\/www.leinster.nl\/#website\",\"url\":\"https:\/\/www.leinster.nl\/\",\"name\":\"Leinster\",\"description\":\"Vastgoedonderhoud &amp; Service in de breedste zin van het woord\",\"potentialAction\":[{\"@type\":\"SearchAction\",\"target\":{\"@type\":\"EntryPoint\",\"urlTemplate\":\"https:\/\/www.leinster.nl\/?s={search_term_string}\"},\"query-input\":{\"@type\":\"PropertyValueSpecification\",\"valueRequired\":true,\"valueName\":\"search_term_string\"}}],\"inLanguage\":\"da-DK\"}]}<\/script>\n<!-- \/ Yoast SEO plugin. -->","yoast_head_json":{"title":"Privacy statement - Leinster","robots":{"index":"index","follow":"follow","max-snippet":"max-snippet:-1","max-image-preview":"max-image-preview:large","max-video-preview":"max-video-preview:-1"},"canonical":"https:\/\/www.leinster.nl\/da\/privacy-statement\/","og_locale":"da_DK","og_type":"article","og_title":"Privacy statement - Leinster","og_description":"\u00a0Privacy Leinster Property Services (26-06-2023) &nbsp; Inleiding In het kader","og_url":"https:\/\/www.leinster.nl\/da\/privacy-statement\/","og_site_name":"Leinster","article_modified_time":"2023-11-20T15:32:40+00:00","twitter_card":"summary_large_image","twitter_misc":{"Estimeret l\u00e6setid":"6 minutter"},"schema":{"@context":"https:\/\/schema.org","@graph":[{"@type":"WebPage","@id":"https:\/\/www.leinster.nl\/privacy-statement\/","url":"https:\/\/www.leinster.nl\/privacy-statement\/","name":"Privacy statement - Leinster","isPartOf":{"@id":"https:\/\/www.leinster.nl\/#website"},"datePublished":"2023-11-20T13:52:09+00:00","dateModified":"2023-11-20T15:32:40+00:00","breadcrumb":{"@id":"https:\/\/www.leinster.nl\/privacy-statement\/#breadcrumb"},"inLanguage":"da-DK","potentialAction":[{"@type":"ReadAction","target":["https:\/\/www.leinster.nl\/privacy-statement\/"]}]},{"@type":"BreadcrumbList","@id":"https:\/\/www.leinster.nl\/privacy-statement\/#breadcrumb","itemListElement":[{"@type":"ListItem","position":1,"name":"Home","item":"https:\/\/www.leinster.nl\/"},{"@type":"ListItem","position":2,"name":"Privacy statement"}]},{"@type":"WebSite","@id":"https:\/\/www.leinster.nl\/#website","url":"https:\/\/www.leinster.nl\/","name":"Leinster","description":"Vastgoedonderhoud &amp; Service in de breedste zin van het woord","potentialAction":[{"@type":"SearchAction","target":{"@type":"EntryPoint","urlTemplate":"https:\/\/www.leinster.nl\/?s={search_term_string}"},"query-input":{"@type":"PropertyValueSpecification","valueRequired":true,"valueName":"search_term_string"}}],"inLanguage":"da-DK"}]}},"_links":{"self":[{"href":"https:\/\/www.leinster.nl\/da\/wp-json\/wp\/v2\/pages\/265","targetHints":{"allow":["GET"]}}],"collection":[{"href":"https:\/\/www.leinster.nl\/da\/wp-json\/wp\/v2\/pages"}],"about":[{"href":"https:\/\/www.leinster.nl\/da\/wp-json\/wp\/v2\/types\/page"}],"author":[{"embeddable":true,"href":"https:\/\/www.leinster.nl\/da\/wp-json\/wp\/v2\/users\/7"}],"replies":[{"embeddable":true,"href":"https:\/\/www.leinster.nl\/da\/wp-json\/wp\/v2\/comments?post=265"}],"version-history":[{"count":5,"href":"https:\/\/www.leinster.nl\/da\/wp-json\/wp\/v2\/pages\/265\/revisions"}],"predecessor-version":[{"id":270,"href":"https:\/\/www.leinster.nl\/da\/wp-json\/wp\/v2\/pages\/265\/revisions\/270"}],"wp:attachment":[{"href":"https:\/\/www.leinster.nl\/da\/wp-json\/wp\/v2\/media?parent=265"}],"curies":[{"name":"wp","href":"https:\/\/api.w.org\/{rel}","templated":true}]}}