{"id":265,"date":"2023-11-20T13:52:09","date_gmt":"2023-11-20T13:52:09","guid":{"rendered":"http:\/\/85.10.138.138\/~leinster\/?page_id=265"},"modified":"2023-11-20T15:32:40","modified_gmt":"2023-11-20T15:32:40","slug":"privacy-statement","status":"publish","type":"page","link":"https:\/\/www.leinster.nl\/cs\/privacy-statement\/","title":{"rendered":"Prohl\u00e1\u0161en\u00ed o ochran\u011b osobn\u00edch \u00fadaj\u016f"},"content":{"rendered":"<h2><strong>\u00a0<\/strong><strong>Ochrana osobn\u00edch \u00fadaj\u016f Leinster Property Services<br \/>\n<\/strong>(26-06-2023)<\/h2>\n<p>&nbsp;<\/p>\n<p><strong>\u00davod<\/strong><\/p>\n<p>V r\u00e1mci na\u0161ich slu\u017eeb zpracov\u00e1v\u00e1me osobn\u00ed \u00fadaje. Tyto \u00fadaje jsme od v\u00e1s mohli z\u00edskat nap\u0159\u00edklad prost\u0159ednictv\u00edm na\u0161ich webov\u00fdch str\u00e1nek, e-mailu, telefonu nebo aplikace. Krom\u011b toho m\u016f\u017eeme va\u0161e osobn\u00ed \u00fadaje z\u00edskat v r\u00e1mci na\u0161ich slu\u017eeb prost\u0159ednictv\u00edm t\u0159et\u00edch stran. T\u00edmto prohl\u00e1\u0161en\u00edm o ochran\u011b osobn\u00edch \u00fadaj\u016f v\u00e1s informujeme o tom, jak s t\u011bmito osobn\u00edmi \u00fadaji nakl\u00e1d\u00e1me.<\/p>\n<p>&nbsp;<\/p>\n<p><strong>Zpracov\u00e1n\u00ed osobn\u00edch \u00fadaj\u016f a \u00fa\u010dely<\/strong><\/p>\n<p>Pokud zpracov\u00e1v\u00e1me osobn\u00ed \u00fadaje, d\u011bje se tak v souladu s po\u017eadavky obecn\u00e9ho na\u0159\u00edzen\u00ed o ochran\u011b osobn\u00edch \u00fadaj\u016f (GDPR) a souvisej\u00edc\u00edch z\u00e1kon\u016f a p\u0159edpis\u016f.<\/p>\n<p>Kter\u00e9 osobn\u00ed \u00fadaje zpracov\u00e1v\u00e1me, z\u00e1vis\u00ed na konkr\u00e9tn\u00ed slu\u017eb\u011b a okolnostech. Obvykle se jedn\u00e1 o n\u00e1sleduj\u00edc\u00ed \u00fadaje:<\/p>\n<ul>\n<li>Jm\u00e9no a adresa;<\/li>\n<li>Kontaktn\u00ed \u00fadaje (e-mailov\u00e9 adresy, telefonn\u00ed \u010d\u00edsla)<\/li>\n<li>\u00dadaje o va\u0161ich aktivit\u00e1ch na na\u0161ich webov\u00fdch str\u00e1nk\u00e1ch, IP adresa, internetov\u00fd prohl\u00ed\u017ee\u010d a typ za\u0159\u00edzen\u00ed.<\/li>\n<\/ul>\n<p>&nbsp;<\/p>\n<p><strong>\u00da\u010dely a z\u00e1klady zpracov\u00e1n\u00ed<\/strong><\/p>\n<p>V n\u011bkter\u00fdch p\u0159\u00edpadech zpracov\u00e1v\u00e1me osobn\u00ed \u00fadaje, abychom splnili z\u00e1konnou povinnost, ale v\u011bt\u0161inou tak \u010din\u00edme proto, abychom mohli poskytovat na\u0161e slu\u017eby. N\u011bkter\u00e9 \u00fadaje jsou zaznamen\u00e1v\u00e1ny z praktick\u00fdch d\u016fvod\u016f nebo z d\u016fvod\u016f efektivity, o kter\u00fdch (m\u016f\u017eeme) p\u0159edpokl\u00e1dat, \u017ee jsou tak\u00e9 ve va\u0161em z\u00e1jmu, jako nap\u0159:<\/p>\n<ul>\n<li>Komunikace a informace;<\/li>\n<li>Poskytov\u00e1n\u00ed na\u0161ich slu\u017eeb co nejefektivn\u011bj\u0161\u00edm zp\u016fsobem;<\/li>\n<li>Zlep\u0161ov\u00e1n\u00ed na\u0161ich slu\u017eeb;<\/li>\n<\/ul>\n<p>Z v\u00fd\u0161e uveden\u00e9ho konkr\u00e9tn\u011b vypl\u00fdv\u00e1, \u017ee va\u0161e osobn\u00ed \u00fadaje m\u016f\u017eeme pou\u017e\u00edt pro marketingov\u00e9 \u00fa\u010dely nebo k zas\u00edl\u00e1n\u00ed propaga\u010dn\u00edch materi\u00e1l\u016f \u010di ozn\u00e1men\u00ed o na\u0161ich slu\u017eb\u00e1ch, pokud se domn\u00edv\u00e1me, \u017ee by v\u00e1s mohly zaj\u00edmat. M\u016f\u017eeme v\u00e1s tak\u00e9 kontaktovat, abychom v\u00e1s po\u017e\u00e1dali o zp\u011btnou vazbu k n\u00e1mi poskytovan\u00fdm slu\u017eb\u00e1m nebo pro \u00fa\u010dely pr\u016fzkumu trhu \u010di jin\u00e9 \u00fa\u010dely.<\/p>\n<p>Ve vhodn\u00fdch p\u0159\u00edpadech m\u016f\u017eeme cht\u00edt zpracov\u00e1vat osobn\u00ed \u00fadaje i z jin\u00fdch d\u016fvod\u016f, ne\u017e je uvedeno v\u00fd\u0161e, a po\u017e\u00e1d\u00e1me v\u00e1s o v\u00fdslovn\u00fd souhlas. Pokud bychom n\u011bkdy cht\u011bli zpracov\u00e1vat osobn\u00ed \u00fadaje, kter\u00e9 m\u016f\u017eeme zpracov\u00e1vat na z\u00e1klad\u011b va\u0161eho souhlasu, pro jin\u00e9 nebo v\u00edce \u00fa\u010del\u016f, po\u017e\u00e1d\u00e1me v\u00e1s nejprve znovu o souhlas.<\/p>\n<p>Va\u0161e osobn\u00ed \u00fadaje m\u016f\u017eeme tak\u00e9 pou\u017e\u00edt k ochran\u011b sv\u00fdch pr\u00e1v a pr\u00e1v na\u0161ich u\u017eivatel\u016f nebo k ochran\u011b jejich majetku a v p\u0159\u00edpad\u011b nutnosti i k soudn\u00edmu \u0159\u00edzen\u00ed.<\/p>\n<p>&nbsp;<\/p>\n<p><strong>Zp\u0159\u00edstupn\u011bn\u00ed t\u0159et\u00edm stran\u00e1m<\/strong><\/p>\n<p>V r\u00e1mci na\u0161ich slu\u017eeb m\u016f\u017eeme vyu\u017e\u00edvat slu\u017eeb t\u0159et\u00edch stran, nap\u0159\u00edklad pokud tyto t\u0159et\u00ed strany disponuj\u00ed odborn\u00fdmi znalostmi nebo zdroji, kter\u00e9 nem\u00e1me k dispozici. M\u016f\u017ee se jednat o tzv. zpracovatele nebo d\u00edl\u010d\u00ed zpracovatele, kte\u0159\u00ed budou zpracov\u00e1vat osobn\u00ed \u00fadaje na z\u00e1klad\u011b va\u0161ich p\u0159esn\u00fdch pokyn\u016f. Dal\u0161\u00edmi t\u0159et\u00edmi stranami, kter\u00e9 sice nejsou striktn\u011b vzato zpracovateli osobn\u00edch \u00fadaj\u016f, ale maj\u00ed nebo mohou m\u00edt k nim p\u0159\u00edstup, jsou nap\u0159\u00edklad n\u00e1\u0161 spr\u00e1vce syst\u00e9mu, dodavatel\u00e9 nebo hostingov\u00e9 strany online softwaru nebo konzultanti, jejich\u017e rady ohledn\u011b va\u0161\u00ed objedn\u00e1vky si vy\u017e\u00e1d\u00e1me. Pokud zapojen\u00ed t\u0159et\u00edch stran vede k tomu, \u017ee maj\u00ed p\u0159\u00edstup k osobn\u00edm \u00fadaj\u016fm nebo kter\u00e9 samy zaznamen\u00e1vaj\u00ed a\/nebo jinak zpracov\u00e1vaj\u00ed, dohodneme se s t\u011bmito t\u0159et\u00edmi stranami (p\u00edsemn\u011b), \u017ee budou dodr\u017eovat v\u0161echny povinnosti AVG. Samoz\u0159ejm\u011b budeme zapojovat pouze takov\u00e9 t\u0159et\u00ed strany, u kter\u00fdch m\u016f\u017eeme a m\u016f\u017eeme p\u0159edpokl\u00e1dat, \u017ee jsou spolehliv\u00fdmi stranami, kter\u00e9 s osobn\u00edmi \u00fadaji nakl\u00e1daj\u00ed odpov\u00eddaj\u00edc\u00edm zp\u016fsobem a z tohoto d\u016fvodu mohou a budou dodr\u017eovat AVG. To mimo jin\u00e9 znamen\u00e1, \u017ee tyto t\u0159et\u00ed strany mohou zpracov\u00e1vat va\u0161e osobn\u00ed \u00fadaje pouze pro v\u00fd\u0161e uveden\u00e9 \u00fa\u010dely.<\/p>\n<p>Va\u0161e osobn\u00ed \u00fadaje m\u016f\u017eeme samoz\u0159ejm\u011b tak\u00e9 pot\u0159ebovat poskytnout t\u0159et\u00edm stran\u00e1m v souvislosti se z\u00e1konnou povinnost\u00ed.<\/p>\n<p>V \u017e\u00e1dn\u00e9m p\u0159\u00edpad\u011b neposkytneme va\u0161e osobn\u00ed \u00fadaje t\u0159et\u00edm stran\u00e1m pro komer\u010dn\u00ed nebo charitativn\u00ed \u00fa\u010dely bez va\u0161eho v\u00fdslovn\u00e9ho souhlasu.<\/p>\n<p>&nbsp;<\/p>\n<p><strong>Doba uchov\u00e1v\u00e1n\u00ed<\/strong><\/p>\n<p>Va\u0161e osobn\u00ed \u00fadaje nebudeme zpracov\u00e1vat d\u00e9le, ne\u017e je vhodn\u00e9 pro \u00fa\u010del, pro kter\u00fd byly poskytnuty (viz odd\u00edl<strong><em>\"\u00da\u010dely a z\u00e1klady zpracov\u00e1n\u00ed<\/em>)<\/strong>. To znamen\u00e1, \u017ee va\u0161e osobn\u00ed \u00fadaje budou uchov\u00e1v\u00e1ny tak dlouho, dokud budou pot\u0159ebn\u00e9 k dosa\u017een\u00ed p\u0159\u00edslu\u0161n\u00fdch \u00fa\u010del\u016f. N\u011bkter\u00e9 \u00fadaje je nutn\u00e9 uchov\u00e1vat d\u00e9le (obvykle 7 let), proto\u017ee mus\u00edme splnit z\u00e1konn\u00e9 povinnosti uchov\u00e1v\u00e1n\u00ed (nap\u0159. povinnost uchov\u00e1vat da\u0148ov\u00e9 \u00fadaje) nebo v souvislosti s p\u0159edpisy na\u0161\u00ed profesn\u00ed asociace.<\/p>\n<p>&nbsp;<\/p>\n<p><strong>Zabezpe\u010den\u00ed<\/strong><\/p>\n<p>P\u0159ijali jsme vhodn\u00e1 organiza\u010dn\u00ed a technick\u00e1 opat\u0159en\u00ed na ochranu osobn\u00edch \u00fadaj\u016f v rozsahu, v jak\u00e9m je lze po n\u00e1s rozumn\u011b po\u017eadovat, s ohledem na chr\u00e1n\u011bn\u00fd z\u00e1jem, stav techniky a n\u00e1klady na p\u0159\u00edslu\u0161n\u00e1 bezpe\u010dnostn\u00ed opat\u0159en\u00ed.<\/p>\n<p>Po\u017eadujeme, aby na\u0161i zam\u011bstnanci a v\u0161echny t\u0159et\u00ed strany, kter\u00e9 maj\u00ed nezbytn\u011b p\u0159\u00edstup k osobn\u00edm \u00fadaj\u016fm, zachov\u00e1vali ml\u010denlivost. D\u00e1le zaji\u0161\u0165ujeme, aby na\u0161i zam\u011bstnanci jinak obdr\u017eeli spr\u00e1vn\u00e9 a \u00fapln\u00e9 pokyny, jak s osobn\u00edmi \u00fadaji nakl\u00e1dat, a aby byli dostate\u010dn\u011b sezn\u00e1meni s odpov\u011bdnost\u00ed a povinnostmi AVG. Pokud budete cht\u00edt, r\u00e1di v\u00e1s budeme d\u00e1le informovat o tom, jak jsme ochranu osobn\u00edch \u00fadaj\u016f koncipovali.<\/p>\n<p>&nbsp;<\/p>\n<p><strong>Va\u0161e pr\u00e1va<\/strong><\/p>\n<p>M\u00e1te pr\u00e1vo na p\u0159\u00edstup k osobn\u00edm \u00fadaj\u016fm, kter\u00e9 o v\u00e1s uchov\u00e1v\u00e1me, na jejich opravu nebo vymaz\u00e1n\u00ed (samoz\u0159ejm\u011b s v\u00fdjimkou p\u0159\u00edpad\u016f, kdy by to bylo v rozporu se z\u00e1konn\u00fdmi povinnostmi). D\u00e1le m\u016f\u017eete vzn\u00e9st n\u00e1mitku proti zpracov\u00e1n\u00ed va\u0161ich osobn\u00edch \u00fadaj\u016f (nebo jejich \u010d\u00e1sti) n\u00e1mi nebo n\u011bkter\u00fdm z na\u0161ich zpracovatel\u016f. M\u00e1te tak\u00e9 pr\u00e1vo na to, abychom v\u00e1mi poskytnut\u00e9 \u00fadaje p\u0159edali sami sob\u011b nebo p\u0159\u00edmo jin\u00e9mu subjektu, pokud si to p\u0159ejete.<\/p>\n<p>&nbsp;<\/p>\n<p><strong>Incidenty t\u00fdkaj\u00edc\u00ed se osobn\u00edch \u00fadaj\u016f<\/strong><\/p>\n<p>Pokud dojde k incidentu (tzv. poru\u0161en\u00ed ochrany osobn\u00edch \u00fadaj\u016f) t\u00fdkaj\u00edc\u00edmu se dan\u00fdch osobn\u00edch \u00fadaj\u016f, budeme v\u00e1s neprodlen\u011b informovat, pokud nebudou existovat z\u00e1va\u017en\u00e9 d\u016fvody, pokud existuje konkr\u00e9tn\u00ed riziko negativn\u00edch d\u016fsledk\u016f pro va\u0161e soukrom\u00ed a jeho realizaci. Na\u0161\u00edm c\u00edlem je u\u010dinit tak do 48 hodin od zji\u0161t\u011bn\u00ed tohoto poru\u0161en\u00ed zabezpe\u010den\u00ed osobn\u00edch \u00fadaj\u016f nebo od okam\u017eiku, kdy n\u00e1s o n\u011bm informuj\u00ed na\u0161i (sub)zpracovatel\u00e9.<\/p>\n<p>&nbsp;<\/p>\n<p><strong>St\u00ed\u017enosti<\/strong><\/p>\n<p>Pokud m\u00e1te st\u00ed\u017enost na zpracov\u00e1n\u00ed va\u0161ich osobn\u00edch \u00fadaj\u016f, pros\u00edme v\u00e1s, abyste n\u00e1s v t\u00e9to v\u011bci kontaktovali. Pokud by to nevedlo k uspokojiv\u00e9mu v\u00fdsledku, m\u00e1te v\u017edy pr\u00e1vo podat st\u00ed\u017enost u \u00da\u0159adu pro ochranu osobn\u00edch \u00fadaj\u016f; org\u00e1nu dozoru nad ochranou osobn\u00edch \u00fadaj\u016f.<\/p>\n<p>&nbsp;<\/p>\n<p><strong>Zpracov\u00e1n\u00ed v r\u00e1mci EHP<\/strong><\/p>\n<p>Osobn\u00ed \u00fadaje budeme zpracov\u00e1vat pouze v r\u00e1mci Evropsk\u00e9ho hospod\u00e1\u0159sk\u00e9ho prostoru, pokud se s n\u00e1mi nedohodnete na jin\u00fdch p\u00edsemn\u00fdch ujedn\u00e1n\u00edch. V\u00fdjimkou jsou situace, kdy chceme mapovat kontaktn\u00ed momenty prost\u0159ednictv\u00edm na\u0161ich webov\u00fdch str\u00e1nek a\/nebo str\u00e1nek na soci\u00e1ln\u00edch s\u00edt\u00edch (nap\u0159. Facebook a LinkedIn). Vzpome\u0148te si nap\u0159\u00edklad na po\u010dty n\u00e1v\u0161t\u011bvn\u00edk\u016f a po\u017eadovan\u00e9 webov\u00e9 str\u00e1nky. P\u0159i pou\u017eit\u00ed slu\u017eeb Google Analytics, LinkedIn nebo Facebook jsou va\u0161e \u00fadaje ukl\u00e1d\u00e1ny t\u0159et\u00edmi stranami mimo EU. Tyto strany maj\u00ed certifikaci \"EU-US Privacy Shield\", tak\u017ee mus\u00ed dodr\u017eovat evropsk\u00e9 p\u0159edpisy o ochran\u011b osobn\u00edch \u00fadaj\u016f. Mimochodem, t\u00fdk\u00e1 se to pouze omezen\u00e9ho mno\u017estv\u00ed citliv\u00fdch osobn\u00edch \u00fadaj\u016f, zejm\u00e9na va\u0161\u00ed IP adresy.<\/p>\n<p>&nbsp;<\/p>\n<p><strong>Zm\u011bny<\/strong><\/p>\n<p>Na\u0161e z\u00e1sady ochrany osobn\u00edch \u00fadaj\u016f se \u010das od \u010dasu nepochybn\u011b zm\u011bn\u00ed. Nejnov\u011bj\u0161\u00ed verze z\u00e1sad ochrany osobn\u00edch \u00fadaj\u016f je logicky platnou verz\u00ed a najdete ji na na\u0161ich webov\u00fdch str\u00e1nk\u00e1ch.<\/p>\n<p>&nbsp;<\/p>\n<p><strong>Z\u00e1v\u011brem<\/strong><\/p>\n<p>Douf\u00e1me, \u017ee v\u00e1m toto prohl\u00e1\u0161en\u00ed o ochran\u011b osobn\u00edch \u00fadaj\u016f poskytlo jasnou p\u0159edstavu o na\u0161ich z\u00e1sad\u00e1ch ochrany osobn\u00edch \u00fadaj\u016f. Pokud byste v\u0161ak m\u011bli jak\u00e9koli dotazy t\u00fdkaj\u00edc\u00ed se zp\u016fsobu, jak\u00fdm nakl\u00e1d\u00e1me s osobn\u00edmi \u00fadaji, budeme r\u00e1di, kdy\u017e n\u00e1m je sd\u011bl\u00edte. Prvn\u00edm kontaktn\u00edm m\u00edstem pro ot\u00e1zky ochrany osobn\u00edch \u00fadaj\u016f v na\u0161\u00ed organizaci je <em>Ne Smelt, noes@leinster.nl<\/em><\/p>\n<p>***<\/p>\n<p>&nbsp;<\/p>","protected":false},"excerpt":{"rendered":"<p>\u00a0Privacy Leinster Property Services (26-06-2023) &nbsp; Inleiding In het kader<\/p>","protected":false},"author":7,"featured_media":0,"parent":0,"menu_order":0,"comment_status":"closed","ping_status":"closed","template":"sub-privacy.php","meta":{"_acf_changed":false,"om_disable_all_campaigns":false,"_uf_show_specific_survey":0,"_uf_disable_surveys":false,"footnotes":""},"class_list":["post-265","page","type-page","status-publish","hentry"],"acf":[],"aioseo_notices":[],"yoast_head":"<!-- This site is optimized with the Yoast SEO plugin v26.8 - https:\/\/yoast.com\/product\/yoast-seo-wordpress\/ -->\n<title>Privacy statement - Leinster<\/title>\n<meta name=\"robots\" content=\"index, follow, max-snippet:-1, max-image-preview:large, max-video-preview:-1\" \/>\n<link rel=\"canonical\" href=\"https:\/\/www.leinster.nl\/cs\/privacy-statement\/\" \/>\n<meta property=\"og:locale\" content=\"cs_CZ\" \/>\n<meta property=\"og:type\" content=\"article\" \/>\n<meta property=\"og:title\" content=\"Privacy statement - Leinster\" \/>\n<meta property=\"og:description\" content=\"\u00a0Privacy Leinster Property Services (26-06-2023) &nbsp; Inleiding In het kader\" \/>\n<meta property=\"og:url\" content=\"https:\/\/www.leinster.nl\/cs\/privacy-statement\/\" \/>\n<meta property=\"og:site_name\" content=\"Leinster\" \/>\n<meta property=\"article:modified_time\" content=\"2023-11-20T15:32:40+00:00\" \/>\n<meta name=\"twitter:card\" content=\"summary_large_image\" \/>\n<meta name=\"twitter:label1\" content=\"Odhadovan\u00e1 doba \u010dten\u00ed\" \/>\n\t<meta name=\"twitter:data1\" content=\"6 minut\" \/>\n<script type=\"application\/ld+json\" class=\"yoast-schema-graph\">{\"@context\":\"https:\/\/schema.org\",\"@graph\":[{\"@type\":\"WebPage\",\"@id\":\"https:\/\/www.leinster.nl\/privacy-statement\/\",\"url\":\"https:\/\/www.leinster.nl\/privacy-statement\/\",\"name\":\"Privacy statement - Leinster\",\"isPartOf\":{\"@id\":\"https:\/\/www.leinster.nl\/#website\"},\"datePublished\":\"2023-11-20T13:52:09+00:00\",\"dateModified\":\"2023-11-20T15:32:40+00:00\",\"breadcrumb\":{\"@id\":\"https:\/\/www.leinster.nl\/privacy-statement\/#breadcrumb\"},\"inLanguage\":\"cs\",\"potentialAction\":[{\"@type\":\"ReadAction\",\"target\":[\"https:\/\/www.leinster.nl\/privacy-statement\/\"]}]},{\"@type\":\"BreadcrumbList\",\"@id\":\"https:\/\/www.leinster.nl\/privacy-statement\/#breadcrumb\",\"itemListElement\":[{\"@type\":\"ListItem\",\"position\":1,\"name\":\"Home\",\"item\":\"https:\/\/www.leinster.nl\/\"},{\"@type\":\"ListItem\",\"position\":2,\"name\":\"Privacy statement\"}]},{\"@type\":\"WebSite\",\"@id\":\"https:\/\/www.leinster.nl\/#website\",\"url\":\"https:\/\/www.leinster.nl\/\",\"name\":\"Leinster\",\"description\":\"Vastgoedonderhoud &amp; Service in de breedste zin van het woord\",\"potentialAction\":[{\"@type\":\"SearchAction\",\"target\":{\"@type\":\"EntryPoint\",\"urlTemplate\":\"https:\/\/www.leinster.nl\/?s={search_term_string}\"},\"query-input\":{\"@type\":\"PropertyValueSpecification\",\"valueRequired\":true,\"valueName\":\"search_term_string\"}}],\"inLanguage\":\"cs\"}]}<\/script>\n<!-- \/ Yoast SEO plugin. -->","yoast_head_json":{"title":"Privacy statement - Leinster","robots":{"index":"index","follow":"follow","max-snippet":"max-snippet:-1","max-image-preview":"max-image-preview:large","max-video-preview":"max-video-preview:-1"},"canonical":"https:\/\/www.leinster.nl\/cs\/privacy-statement\/","og_locale":"cs_CZ","og_type":"article","og_title":"Privacy statement - Leinster","og_description":"\u00a0Privacy Leinster Property Services (26-06-2023) &nbsp; Inleiding In het kader","og_url":"https:\/\/www.leinster.nl\/cs\/privacy-statement\/","og_site_name":"Leinster","article_modified_time":"2023-11-20T15:32:40+00:00","twitter_card":"summary_large_image","twitter_misc":{"Odhadovan\u00e1 doba \u010dten\u00ed":"6 minut"},"schema":{"@context":"https:\/\/schema.org","@graph":[{"@type":"WebPage","@id":"https:\/\/www.leinster.nl\/privacy-statement\/","url":"https:\/\/www.leinster.nl\/privacy-statement\/","name":"Privacy statement - Leinster","isPartOf":{"@id":"https:\/\/www.leinster.nl\/#website"},"datePublished":"2023-11-20T13:52:09+00:00","dateModified":"2023-11-20T15:32:40+00:00","breadcrumb":{"@id":"https:\/\/www.leinster.nl\/privacy-statement\/#breadcrumb"},"inLanguage":"cs","potentialAction":[{"@type":"ReadAction","target":["https:\/\/www.leinster.nl\/privacy-statement\/"]}]},{"@type":"BreadcrumbList","@id":"https:\/\/www.leinster.nl\/privacy-statement\/#breadcrumb","itemListElement":[{"@type":"ListItem","position":1,"name":"Home","item":"https:\/\/www.leinster.nl\/"},{"@type":"ListItem","position":2,"name":"Privacy statement"}]},{"@type":"WebSite","@id":"https:\/\/www.leinster.nl\/#website","url":"https:\/\/www.leinster.nl\/","name":"Leinster","description":"\u00dadr\u017eba a servis nemovitost\u00ed v nej\u0161ir\u0161\u00edm slova smyslu","potentialAction":[{"@type":"SearchAction","target":{"@type":"EntryPoint","urlTemplate":"https:\/\/www.leinster.nl\/?s={search_term_string}"},"query-input":{"@type":"PropertyValueSpecification","valueRequired":true,"valueName":"search_term_string"}}],"inLanguage":"cs"}]}},"_links":{"self":[{"href":"https:\/\/www.leinster.nl\/cs\/wp-json\/wp\/v2\/pages\/265","targetHints":{"allow":["GET"]}}],"collection":[{"href":"https:\/\/www.leinster.nl\/cs\/wp-json\/wp\/v2\/pages"}],"about":[{"href":"https:\/\/www.leinster.nl\/cs\/wp-json\/wp\/v2\/types\/page"}],"author":[{"embeddable":true,"href":"https:\/\/www.leinster.nl\/cs\/wp-json\/wp\/v2\/users\/7"}],"replies":[{"embeddable":true,"href":"https:\/\/www.leinster.nl\/cs\/wp-json\/wp\/v2\/comments?post=265"}],"version-history":[{"count":5,"href":"https:\/\/www.leinster.nl\/cs\/wp-json\/wp\/v2\/pages\/265\/revisions"}],"predecessor-version":[{"id":270,"href":"https:\/\/www.leinster.nl\/cs\/wp-json\/wp\/v2\/pages\/265\/revisions\/270"}],"wp:attachment":[{"href":"https:\/\/www.leinster.nl\/cs\/wp-json\/wp\/v2\/media?parent=265"}],"curies":[{"name":"wp","href":"https:\/\/api.w.org\/{rel}","templated":true}]}}